{"id":619,"date":"2026-02-15T10:43:02","date_gmt":"2026-02-15T09:43:02","guid":{"rendered":"https:\/\/ap4592jwt1io3f.apeiroo.com\/?page_id=619"},"modified":"2026-04-01T11:57:20","modified_gmt":"2026-04-01T09:57:20","slug":"daniel-cabezas","status":"publish","type":"page","link":"https:\/\/apeiroo.com\/pt\/nosotros\/equipo\/daniel-cabezas\/","title":{"rendered":"DANIEL CABEZAS"},"content":{"rendered":"<div class=\"et_pb_section_0 et_pb_section et_section_regular et_flex_section\">\n<div class=\"et_pb_row_0 et_pb_row et_flex_row\">\n<div class=\"et_pb_column_0 et_pb_column et_flex_column et_pb_css_mix_blend_mode_passthrough et_flex_column_18_24 et_flex_column_18_24_tablet et_flex_column_24_24_phone\">\n<div class=\"et_pb_heading_0 et_pb_heading et_pb_module et_flex_module\"><div class=\"et_pb_heading_container\"><h1 class=\"et_pb_module_header\">DANIEL<\/h1><\/div><\/div>\n\n<div class=\"et_pb_heading_1 et_pb_heading et_pb_module et_flex_module\"><div class=\"et_pb_heading_container\"><h1 class=\"et_pb_module_header\">CABEZAS<\/h1><\/div><\/div>\n\n<div class=\"et_pb_text_0 et_pb_text et_pb_bg_layout_light et_pb_module et_flex_module\"><div class=\"et_pb_text_inner\" data-et-mv-hidden-phone=\"true\"><p style=\"text-align: left;\"><span style=\"color: #008000;\"><a href=\"mailto:dc@apeiroo.com\" style=\"color: #008000;\">dc@apeiroo.com<\/a><br \/>\n<\/span><\/p>\n<\/div><\/div>\n<\/div>\n\n<div class=\"et_pb_column_1 et_pb_column et-last-child et_flex_column et_pb_css_mix_blend_mode_passthrough et_flex_column_6_24 et_flex_column_6_24_tablet et_flex_column_24_24_phone\">\n<div class=\"et_pb_image_0 et_pb_image et_pb_module et_flex_module\"><span class=\"et_pb_image_wrap\"><img loading=\"lazy\" decoding=\"async\" src=\"https:\/\/apeiroo.com\/wp-content\/uploads\/2026\/03\/daniap.jpg\" title=\"daniap\" width=\"1024\" height=\"1024\" srcset=\"https:\/\/apeiroo.com\/wp-content\/uploads\/2026\/03\/daniap.jpg 1024w, https:\/\/apeiroo.com\/wp-content\/uploads\/2026\/03\/daniap-980x980.jpg 980w, https:\/\/apeiroo.com\/wp-content\/uploads\/2026\/03\/daniap-480x480.jpg 480w\" sizes=\"(min-width: 0px) and (max-width: 480px) 480px, (min-width: 481px) and (max-width: 980px) 980px, (min-width: 981px) 1024px, 100vw\" class=\"wp-image-2450\" \/><\/span><\/div>\n\n<div class=\"et_pb_heading_2 et_pb_heading et_pb_module et_flex_module\"><div class=\"et_pb_heading_container\"><h3 class=\"et_pb_module_header\">Consultor<\/h3><\/div><\/div>\n<\/div>\n<\/div>\n<\/div>\n\n<div class=\"et_pb_section_1 et_pb_section et_section_regular et_flex_section\">\n<div class=\"et_pb_row_1 et_pb_row et_flex_row\">\n<div class=\"et_pb_column_2 et_pb_column et-last-child et_flex_column et_pb_css_mix_blend_mode_passthrough et_flex_column_24_24 et_flex_column_24_24_tablet et_flex_column_24_24_phone\">\n<div class=\"et_pb_text_1 et_pb_text et_pb_bg_layout_light et_pb_module et_flex_module\"><div class=\"et_pb_text_inner\"><p><span lang=\"es-ES\">Com mais de <\/span><strong><span lang=\"es-ES\">24 anos de experi\u00eancia como executivo s\u00e9nior em ciberseguran\u00e7a<\/span><\/strong><span lang=\"es-ES\">Dani Cabezas \u00e9 especializado na conce\u00e7\u00e3o, desenvolvimento e lideran\u00e7a de equipas de seguran\u00e7a para <\/span><strong><span lang=\"es-ES\">grandes corpora\u00e7\u00f5es e infraestruturas cr\u00edticas<\/span><\/strong><span lang=\"es-ES\">.<\/span><\/p>\n<p><span lang=\"es-ES\">Ao longo da sua carreira, prestou servi\u00e7os de assessoria estrat\u00e9gica e consultoria em setores altamente sens\u00edveis, como o <\/span><strong><span lang=\"es-ES\">financeiro, aeroespacial, industrial, energ\u00e9tico<\/span><\/strong><span lang=\"es-ES\"> e em ag\u00eancias nacionais de intelig\u00eancia.<\/span><\/p>\n<p><span lang=\"es-ES\">Entre os seus projetos mais relevantes destaca-se a conce\u00e7\u00e3o da arquitetura e do modelo operacional do <\/span><strong><span lang=\"es-ES\">primeiro SOC dedicado numa central nuclear a n\u00edvel mundial<\/span><\/strong><span lang=\"es-ES\">implementado na central de Barakah (Barakah NPP). Exerceu igualmente fun\u00e7\u00f5es como <\/span><strong><span lang=\"es-ES\">CISO<\/span><\/strong><span lang=\"es-ES\">, liderando estrat\u00e9gias globais de ciberseguran\u00e7a e modelos operacionais para organiza\u00e7\u00f5es internacionais.<\/span><\/p>\n<p><span lang=\"es-ES\">Antes de se juntar \u00e0 Apeiroo, Dani trabalhou na <\/span><strong><span lang=\"es-ES\">Alvarez &amp; Marsal<\/span><\/strong><span lang=\"es-ES\"> (Dubai), integrando a equipa de <\/span><em><span lang=\"es-ES\">Cyber Risk<\/span><\/em><span lang=\"es-ES\">. Anteriormente, foi s\u00f3cio da <\/span><strong><span lang=\"es-ES\">IBM<\/span><\/strong><span lang=\"es-ES\">, onde liderou a \u00e1rea de ciberseguran\u00e7a. <\/span><strong><span lang=\"es-ES\">OT\/IoT para a regi\u00e3o EMEA<\/span><\/strong><span lang=\"es-ES\">. Ocupou ainda posi\u00e7\u00f5es-chave em consultoras no M\u00e9dio Oriente, Oce\u00e2nia e Europa, impulsionando o crescimento das respetivas \u00e1reas de ciberseguran\u00e7a.<\/span><\/p>\n<p><span lang=\"es-ES\">Dani licenciou-se em <\/span><strong><span lang=\"es-ES\">Matem\u00e1tica pela Universidade de Barcelona<\/span><\/strong><span lang=\"es-ES\"> e det\u00e9m certifica\u00e7\u00f5es de refer\u00eancia no setor, incluindo <\/span><strong><span lang=\"es-ES\">CISSP, CISA, CEH, ISO 27001 e ISMS Lead Auditor.<\/span><\/strong><span lang=\"es-ES\">.<\/span><\/p>\n<p><span lang=\"es-ES\">\u00c9 tamb\u00e9m investigador e orador internacional, participando em f\u00f3runs e meios como o <\/span><strong><span lang=\"es-ES\">Fundo Monet\u00e1rio \u00c1rabe (FMA), ComputerWorld, OWASP e RuxCON<\/span><\/strong><span lang=\"es-ES\">.<\/span><\/p>\n<\/div><\/div>\n<\/div>\n<\/div>\n<\/div>","protected":false},"excerpt":{"rendered":"","protected":false},"author":1,"featured_media":0,"parent":207,"menu_order":0,"comment_status":"closed","ping_status":"closed","template":"","meta":{"footnotes":""},"class_list":["post-619","page","type-page","status-publish","hentry"],"_links":{"self":[{"href":"https:\/\/apeiroo.com\/pt\/wp-json\/wp\/v2\/pages\/619","targetHints":{"allow":["GET"]}}],"collection":[{"href":"https:\/\/apeiroo.com\/pt\/wp-json\/wp\/v2\/pages"}],"about":[{"href":"https:\/\/apeiroo.com\/pt\/wp-json\/wp\/v2\/types\/page"}],"author":[{"embeddable":true,"href":"https:\/\/apeiroo.com\/pt\/wp-json\/wp\/v2\/users\/1"}],"replies":[{"embeddable":true,"href":"https:\/\/apeiroo.com\/pt\/wp-json\/wp\/v2\/comments?post=619"}],"version-history":[{"count":9,"href":"https:\/\/apeiroo.com\/pt\/wp-json\/wp\/v2\/pages\/619\/revisions"}],"predecessor-version":[{"id":2519,"href":"https:\/\/apeiroo.com\/pt\/wp-json\/wp\/v2\/pages\/619\/revisions\/2519"}],"up":[{"embeddable":true,"href":"https:\/\/apeiroo.com\/pt\/wp-json\/wp\/v2\/pages\/207"}],"wp:attachment":[{"href":"https:\/\/apeiroo.com\/pt\/wp-json\/wp\/v2\/media?parent=619"}],"curies":[{"name":"wp","href":"https:\/\/api.w.org\/{rel}","templated":true}]}}