{"id":614,"date":"2026-02-15T10:39:53","date_gmt":"2026-02-15T09:39:53","guid":{"rendered":"https:\/\/ap4592jwt1io3f.apeiroo.com\/?page_id=614"},"modified":"2026-03-10T09:19:14","modified_gmt":"2026-03-10T08:19:14","slug":"barea-de-julho","status":"publish","type":"page","link":"https:\/\/apeiroo.com\/pt\/nosotros\/equipo\/julio-barea\/","title":{"rendered":"JULIO BAREA"},"content":{"rendered":"<div class=\"et_pb_section_0 et_pb_section et_section_regular et_flex_section\">\n<div class=\"et_pb_row_0 et_pb_row et_flex_row\">\n<div class=\"et_pb_column_0 et_pb_column et_flex_column et_pb_css_mix_blend_mode_passthrough et_flex_column_18_24 et_flex_column_18_24_tablet et_flex_column_24_24_phone\">\n<div class=\"et_pb_heading_0 et_pb_heading et_pb_module et_flex_module\"><div class=\"et_pb_heading_container\"><h1 class=\"et_pb_module_header\">JULIO<\/h1><\/div><\/div>\n\n<div class=\"et_pb_heading_1 et_pb_heading et_pb_module et_flex_module\"><div class=\"et_pb_heading_container\"><h1 class=\"et_pb_module_header\">BAREA<\/h1><\/div><\/div>\n\n<div class=\"et_pb_text_0 et_pb_text et_pb_bg_layout_light et_pb_module et_flex_module\"><div class=\"et_pb_text_inner\" data-et-mv-hidden-phone=\"true\"><p style=\"text-align: left;\"><span style=\"color: #008000;\"><a href=\"mailto:jb@apeiroo.com\" style=\"color: #008000;\">jb@apeiroo.com<\/a><br \/>\n<\/span><\/p>\n<\/div><\/div>\n<\/div>\n\n<div class=\"et_pb_column_1 et_pb_column et-last-child et_flex_column et_pb_css_mix_blend_mode_passthrough et_flex_column_6_24 et_flex_column_6_24_tablet et_flex_column_24_24_phone\">\n<div class=\"et_pb_image_0 et_pb_image et_pb_module et_flex_module\"><span class=\"et_pb_image_wrap\"><img loading=\"lazy\" decoding=\"async\" src=\"https:\/\/apeiroo.com\/wp-content\/uploads\/2026\/03\/julioap.jpg\" title=\"julioap\" width=\"1024\" height=\"1024\" srcset=\"https:\/\/apeiroo.com\/wp-content\/uploads\/2026\/03\/julioap.jpg 1024w, https:\/\/apeiroo.com\/wp-content\/uploads\/2026\/03\/julioap-980x980.jpg 980w, https:\/\/apeiroo.com\/wp-content\/uploads\/2026\/03\/julioap-480x480.jpg 480w\" sizes=\"(min-width: 0px) and (max-width: 480px) 480px, (min-width: 481px) and (max-width: 980px) 980px, (min-width: 981px) 1024px, 100vw\" class=\"wp-image-2375\" \/><\/span><\/div>\n\n<div class=\"et_pb_heading_2 et_pb_heading et_pb_module et_flex_module\"><div class=\"et_pb_heading_container\"><h3 class=\"et_pb_module_header\">Arquiteto principal<\/h3><\/div><\/div>\n<\/div>\n<\/div>\n<\/div>\n\n<div class=\"et_pb_section_1 et_pb_section et_section_regular et_flex_section\">\n<div class=\"et_pb_row_1 et_pb_row et_flex_row\">\n<div class=\"et_pb_column_2 et_pb_column et-last-child et_flex_column et_pb_css_mix_blend_mode_passthrough et_flex_column_24_24 et_flex_column_24_24_tablet et_flex_column_24_24_phone\">\n<div class=\"et_pb_image_1 et_pb_image et_pb_module et_flex_module\"><span class=\"et_pb_image_wrap\"><img loading=\"lazy\" decoding=\"async\" src=\"https:\/\/apeiroo.com\/wp-content\/uploads\/2026\/02\/2b0eb0e5-f0c5-4fd7-856b-9ead5dab0962.jpeg\" title=\"2b0eb0e5-f0c5-4fd7-856b-9ead5dab0962\" width=\"1600\" height=\"1244\" srcset=\"https:\/\/apeiroo.com\/wp-content\/uploads\/2026\/02\/2b0eb0e5-f0c5-4fd7-856b-9ead5dab0962.jpeg 1600w, https:\/\/apeiroo.com\/wp-content\/uploads\/2026\/02\/2b0eb0e5-f0c5-4fd7-856b-9ead5dab0962-1280x995.jpeg 1280w, https:\/\/apeiroo.com\/wp-content\/uploads\/2026\/02\/2b0eb0e5-f0c5-4fd7-856b-9ead5dab0962-980x762.jpeg 980w, https:\/\/apeiroo.com\/wp-content\/uploads\/2026\/02\/2b0eb0e5-f0c5-4fd7-856b-9ead5dab0962-480x373.jpeg 480w\" sizes=\"(min-width: 0px) and (max-width: 480px) 480px, (min-width: 481px) and (max-width: 980px) 980px, (min-width: 981px) and (max-width: 1280px) 1280px, (min-width: 1281px) 1600px, 100vw\" class=\"wp-image-696\" \/><\/span><\/div>\n<\/div>\n<\/div>\n\n<div class=\"et_pb_row_2 et_pb_row et_flex_row\">\n<div class=\"et_pb_column_3 et_pb_column et_flex_column et_pb_column_empty et_pb_css_mix_blend_mode_passthrough et_flex_column_2_5 et_flex_column_2_5_tablet et_flex_column_2_5_phone\"><\/div>\n\n<div class=\"et_pb_column_4 et_pb_column et-last-child et_flex_column et_pb_css_mix_blend_mode_passthrough et_flex_column_3_5 et_flex_column_3_5_tablet et_flex_column_24_24_phone\">\n<div class=\"et_pb_text_1 et_pb_text et_pb_bg_layout_light et_pb_module et_flex_module\"><div class=\"et_pb_text_inner\"><p><span lang=\"es-ES\">Julio \u00e9 um reconhecido especialista em <\/span><strong><span lang=\"es-ES\">seguran\u00e7a digital e ciberseguran\u00e7a aplicada<\/span><\/strong><span lang=\"es-ES\">, com um percurso consolidado na lideran\u00e7a de projetos tecnol\u00f3gicos de elevado impacto na APEIROO.<\/span><\/p>\n<p><span lang=\"es-ES\">A sua carreira na empresa iniciou-se em 2015 como programador de aplica\u00e7\u00f5es TIC, liderando a equipa respons\u00e1vel pelo <\/span><strong><span lang=\"es-ES\">uLiberdades<\/span><\/strong><span lang=\"es-ES\">, uma plataforma pioneira de mensageria an\u00f3nima a n\u00edvel mundial, independente de grandes corpora\u00e7\u00f5es ou governos. Esta solu\u00e7\u00e3o distingue-se por n\u00e3o armazenar mensagens nem metadados, implementando um sistema de reinicializa\u00e7\u00e3o segura a cada hora para garantir o m\u00e1ximo n\u00edvel de privacidade.<\/span><\/p>\n<p><span lang=\"es-ES\">Julio desempenhou igualmente um papel-chave em projetos estrat\u00e9gicos da Apeiroo, como <\/span><strong><span lang=\"es-ES\">IRONCLAD, IRONPEOPLE e SNUPPER<\/span><\/strong><span lang=\"es-ES\">tecnologia patenteada (P201631455) que permite detetar dispositivos eletr\u00f3nicos dentro de um per\u00edmetro definido.<\/span><\/p>\n<p><span lang=\"es-ES\">Em 2018, assumiu o cargo de <\/span><strong><span lang=\"es-ES\">CTO<\/span><\/strong><span lang=\"es-ES\">, participando ativamente na defini\u00e7\u00e3o da estrat\u00e9gia tecnol\u00f3gica da empresa e colaborando em iniciativas internacionais em pa\u00edses como Pa\u00edses Baixos, Alemanha, M\u00e9xico e China.<\/span><\/p>\n<p><span lang=\"es-ES\">Conta ainda com forma\u00e7\u00e3o especializada em ambientes sem fios e t\u00e9cnicas avan\u00e7adas de <\/span><em><span lang=\"es-ES\">radio hacking<\/span><\/em><span lang=\"es-ES\">, como as ministradas pela Rooted CON, em Madrid.<\/span><\/p>\n<p><span lang=\"es-ES\">A n\u00edvel t\u00e9cnico, Julio \u00e9 especialista em desenvolvimento e scripting em <\/span><strong><span lang=\"es-ES\">Python, Bash, JavaScript (cliente e servidor) e PHP<\/span><\/strong><span lang=\"es-ES\">, combinando uma s\u00f3lida base de engenharia com uma vis\u00e3o estrat\u00e9gica de ciberseguran\u00e7a.<\/span><\/p>\n<p lang=\"es-ES\" class=\"western\">\n<\/div><\/div>\n<\/div>\n<\/div>\n<\/div>","protected":false},"excerpt":{"rendered":"","protected":false},"author":1,"featured_media":0,"parent":207,"menu_order":0,"comment_status":"closed","ping_status":"closed","template":"","meta":{"footnotes":""},"class_list":["post-614","page","type-page","status-publish","hentry"],"_links":{"self":[{"href":"https:\/\/apeiroo.com\/pt\/wp-json\/wp\/v2\/pages\/614","targetHints":{"allow":["GET"]}}],"collection":[{"href":"https:\/\/apeiroo.com\/pt\/wp-json\/wp\/v2\/pages"}],"about":[{"href":"https:\/\/apeiroo.com\/pt\/wp-json\/wp\/v2\/types\/page"}],"author":[{"embeddable":true,"href":"https:\/\/apeiroo.com\/pt\/wp-json\/wp\/v2\/users\/1"}],"replies":[{"embeddable":true,"href":"https:\/\/apeiroo.com\/pt\/wp-json\/wp\/v2\/comments?post=614"}],"version-history":[{"count":11,"href":"https:\/\/apeiroo.com\/pt\/wp-json\/wp\/v2\/pages\/614\/revisions"}],"predecessor-version":[{"id":2390,"href":"https:\/\/apeiroo.com\/pt\/wp-json\/wp\/v2\/pages\/614\/revisions\/2390"}],"up":[{"embeddable":true,"href":"https:\/\/apeiroo.com\/pt\/wp-json\/wp\/v2\/pages\/207"}],"wp:attachment":[{"href":"https:\/\/apeiroo.com\/pt\/wp-json\/wp\/v2\/media?parent=614"}],"curies":[{"name":"wp","href":"https:\/\/api.w.org\/{rel}","templated":true}]}}