{"id":341,"date":"2026-02-09T12:09:01","date_gmt":"2026-02-09T11:09:01","guid":{"rendered":"https:\/\/ap4592jwt1io3f.apeiroo.com\/?page_id=341"},"modified":"2026-03-31T10:37:40","modified_gmt":"2026-03-31T08:37:40","slug":"blogue","status":"publish","type":"page","link":"https:\/\/apeiroo.com\/pt\/blog\/","title":{"rendered":"Blog"},"content":{"rendered":"<div class=\"et_pb_section_0 et_pb_section et_section_regular et_flex_section\">\n<div class=\"et_pb_row_0 et_pb_row et_flex_row\">\n<div class=\"et_pb_column_0 et_pb_column et-last-child et_flex_column et_pb_css_mix_blend_mode_passthrough et_flex_column_24_24 et_flex_column_24_24_tablet et_flex_column_24_24_phone\">\n<div class=\"et_pb_text_0 et_pb_text et_pb_bg_layout_light et_pb_module et_flex_module\"><div class=\"et_pb_text_inner\"><h1>Blog<\/h1>\n<p>\u00a0<\/p>\n<p>O panorama de amea\u00e7as evolui todos os dias, e antecipar-se \u00e9 fundamental.<\/p>\n<p>No nosso blog publicamos an\u00e1lises, estudos, artigos t\u00e9cnicos e conte\u00fados de intelig\u00eancia orientados para compreender os riscos emergentes, as tend\u00eancias globais em ciberseguran\u00e7a e as estrat\u00e9gias necess\u00e1rias para proteger organiza\u00e7\u00f5es, governos e infraestruturas cr\u00edticas.<\/p>\n<p><span style=\"color: #008000;\">\u00c9, em suma, o nosso espa\u00e7o para partilhar conhecimento, experi\u00eancia e vis\u00e3o num mundo cada vez mais complexo e digital.<\/span><\/p>\n<\/div><\/div>\n<\/div>\n<\/div>\n\n<div class=\"et_pb_row_1 et_pb_row et_flex_row\">\n<div class=\"et_pb_column_1 et_pb_column et-last-child et_flex_column et_pb_css_mix_blend_mode_passthrough et_flex_column_24_24 et_flex_column_24_24_tablet et_flex_column_24_24_phone\">\n<div class=\"et_pb_blog_0 et_pb_blog et_pb_bg_layout_light et_pb_posts et_pb_module\"><div class=\"et_pb_ajax_pagination_container\"><div class=\"et_pb_posts et_grid_module\"><article class=\"et_pb_post et_pb_post_id_433 clearfix et_pb_blog_item_0_0 post-433 post type-post status-publish format-standard has-post-thumbnail hentry category-blog\"><div class=\"et_pb_image_container\"><a href=\"https:\/\/apeiroo.com\/pt\/data-driven-cyber-risk-quantification-part-3\/\" class=\"entry-featured-image-url\"><img loading=\"lazy\" decoding=\"async\" src=\"https:\/\/apeiroo.com\/wp-content\/uploads\/2026\/02\/ddcrq-3.webp\" width=\"400\" height=\"284\" alt=\"Quantifica\u00e7\u00e3o do risco cibern\u00e9tico com base em dados. Parte 3.\" class=\"\" srcset=\"https:\/\/apeiroo.com\/wp-content\/uploads\/2026\/02\/ddcrq-3.webp 479w, https:\/\/apeiroo.com\/wp-content\/uploads\/2026\/02\/ddcrq-3-400x284.webp 480w\" sizes=\"(max-width:479px) 479px, 100vw\" \/><span data-icon=\"\ue050\" class=\"et_overlay et_pb_inline_icon\"><\/span><\/a><\/div><h2 class=\"entry-title\"><a href=\"https:\/\/apeiroo.com\/pt\/data-driven-cyber-risk-quantification-part-3\/\">Quantifica\u00e7\u00e3o do risco cibern\u00e9tico com base em dados. Parte 3.<\/a><\/h2><p class=\"post-meta\"><span class=\"published\">12 de fevereiro de 2026<\/span><\/p><div class=\"post-content\"><div class=\"post-content-inner\"><p>Um Guia Estrat\u00e9gico para Respons\u00e1veis pela Seguran\u00e7a da Informa\u00e7\u00e3o 1 . Factores com maior impacto na ciber-resili\u00eancia Um facto muito interessante para determinar a prioridade das iniciativas num programa de ciberseguran\u00e7a \u00e9 examinar quais os factores com maior impacto na...<\/p>\n<\/div><\/div><\/article><article class=\"et_pb_post et_pb_post_id_428 clearfix et_pb_blog_item_0_1 post-428 post type-post status-publish format-standard has-post-thumbnail hentry category-blog\"><div class=\"et_pb_image_container\"><a href=\"https:\/\/apeiroo.com\/pt\/data-driven-cyber-risk-quantification-2\/\" class=\"entry-featured-image-url\"><img loading=\"lazy\" decoding=\"async\" src=\"https:\/\/apeiroo.com\/wp-content\/uploads\/2026\/02\/ddcrq-2.webp\" width=\"400\" height=\"284\" alt=\"Quantifica\u00e7\u00e3o do risco cibern\u00e9tico com base em dados\" class=\"\" srcset=\"https:\/\/apeiroo.com\/wp-content\/uploads\/2026\/02\/ddcrq-2.webp 479w, https:\/\/apeiroo.com\/wp-content\/uploads\/2026\/02\/ddcrq-2-400x284.webp 480w\" sizes=\"(max-width:479px) 479px, 100vw\" \/><span data-icon=\"\ue050\" class=\"et_overlay et_pb_inline_icon\"><\/span><\/a><\/div><h2 class=\"entry-title\"><a href=\"https:\/\/apeiroo.com\/pt\/data-driven-cyber-risk-quantification-2\/\">Quantifica\u00e7\u00e3o do risco cibern\u00e9tico com base em dados<\/a><\/h2><p class=\"post-meta\"><span class=\"published\">12 de fevereiro de 2026<\/span><\/p><div class=\"post-content\"><div class=\"post-content-inner\"><p>Um Guia Estrat\u00e9gico para Respons\u00e1veis pela Seguran\u00e7a da Informa\u00e7\u00e3o 1 . Calcular o impacto dos ciberincidentes Vamos continuar a nossa viagem para compreender como utilizar os dados para orientar as nossas decis\u00f5es estrat\u00e9gicas sobre o desenvolvimento e a implementa\u00e7\u00e3o da ciberseguran\u00e7a...<\/p>\n<\/div><\/div><\/article><article class=\"et_pb_post et_pb_post_id_417 clearfix et_pb_blog_item_0_2 post-417 post type-post status-publish format-standard has-post-thumbnail hentry category-blog\"><div class=\"et_pb_image_container\"><a href=\"https:\/\/apeiroo.com\/pt\/data-driven-cyber-risk-quantification\/\" class=\"entry-featured-image-url\"><img loading=\"lazy\" decoding=\"async\" src=\"https:\/\/apeiroo.com\/wp-content\/uploads\/2026\/02\/ddcrq-1.webp\" width=\"400\" height=\"284\" alt=\"Quantifica\u00e7\u00e3o do risco cibern\u00e9tico com base em dados. Parte 1.\" class=\"\" srcset=\"https:\/\/apeiroo.com\/wp-content\/uploads\/2026\/02\/ddcrq-1.webp 479w, https:\/\/apeiroo.com\/wp-content\/uploads\/2026\/02\/ddcrq-1-400x284.webp 480w\" sizes=\"(max-width:479px) 479px, 100vw\" \/><span data-icon=\"\ue050\" class=\"et_overlay et_pb_inline_icon\"><\/span><\/a><\/div><h2 class=\"entry-title\"><a href=\"https:\/\/apeiroo.com\/pt\/data-driven-cyber-risk-quantification\/\">Quantifica\u00e7\u00e3o do risco cibern\u00e9tico com base em dados. Parte 1.<\/a><\/h2><p class=\"post-meta\"><span class=\"published\">12 de fevereiro de 2026<\/span><\/p><div class=\"post-content\"><div class=\"post-content-inner\"><p>Um Guia Estrat\u00e9gico para Respons\u00e1veis pela Seguran\u00e7a da Informa\u00e7\u00e3o Introdu\u00e7\u00e3o No mundo atual, cada vez mais interligado e digitalizado, as organiza\u00e7\u00f5es enfrentam uma amea\u00e7a crescente de ciberataques. Estes ataques podem conduzir a perdas significativas...<\/p>\n<\/div><\/div><\/article><article class=\"et_pb_post et_pb_post_id_413 clearfix et_pb_blog_item_0_3 post-413 post type-post status-publish format-standard has-post-thumbnail hentry category-blog\"><div class=\"et_pb_image_container\"><a href=\"https:\/\/apeiroo.com\/pt\/cuando-incluso-la-ivy-league-cae-la-brecha-harvard-cl0p-y-lo-que-revela-sobre-la-resiliencia-cibernetica-moderna\/\" class=\"entry-featured-image-url\"><img loading=\"lazy\" decoding=\"async\" src=\"https:\/\/apeiroo.com\/wp-content\/uploads\/2026\/02\/hardvar-1080x490-1.jpg\" width=\"400\" height=\"284\" alt=\"Quando at\u00e9 a Ivy League cai: o fosso Harvard-CL0P e o que revela sobre a ciber-resili\u00eancia moderna\" class=\"\" srcset=\"https:\/\/apeiroo.com\/wp-content\/uploads\/2026\/02\/hardvar-1080x490-1.jpg 479w, https:\/\/apeiroo.com\/wp-content\/uploads\/2026\/02\/hardvar-1080x490-1-400x284.jpg 480w\" sizes=\"(max-width:479px) 479px, 100vw\" \/><span data-icon=\"\ue050\" class=\"et_overlay et_pb_inline_icon\"><\/span><\/a><\/div><h2 class=\"entry-title\"><a href=\"https:\/\/apeiroo.com\/pt\/cuando-incluso-la-ivy-league-cae-la-brecha-harvard-cl0p-y-lo-que-revela-sobre-la-resiliencia-cibernetica-moderna\/\">Quando at\u00e9 a Ivy League cai: o fosso Harvard-CL0P e o que revela sobre a ciber-resili\u00eancia moderna<\/a><\/h2><p class=\"post-meta\"><span class=\"published\">16 de outubro de 2025<\/span><\/p><div class=\"post-content\"><div class=\"post-content-inner\"><p>Trabalhar no sector da informa\u00e7\u00e3o sobre amea\u00e7as cibern\u00e9ticas (CTI) implica desenvolver uma certa imunidade \u00e0 surpresa, ou pelo menos \u00e9 o que se pensa. At\u00e9 mesmo as organiza\u00e7\u00f5es mais rigorosas, aquelas com posturas de seguran\u00e7a aparentemente impenetr\u00e1veis e investimentos em...<\/p>\n<\/div><\/div><\/article><\/div><div class=\"pagination clearfix\">\n\t<div class=\"alignleft\"><\/div>\n\t<div class=\"alignright\"><\/div>\n<\/div><\/div><\/div>\n<\/div>\n<\/div>\n<\/div>","protected":false},"excerpt":{"rendered":"","protected":false},"author":1,"featured_media":0,"parent":0,"menu_order":0,"comment_status":"closed","ping_status":"closed","template":"","meta":{"footnotes":""},"class_list":["post-341","page","type-page","status-publish","hentry"],"_links":{"self":[{"href":"https:\/\/apeiroo.com\/pt\/wp-json\/wp\/v2\/pages\/341","targetHints":{"allow":["GET"]}}],"collection":[{"href":"https:\/\/apeiroo.com\/pt\/wp-json\/wp\/v2\/pages"}],"about":[{"href":"https:\/\/apeiroo.com\/pt\/wp-json\/wp\/v2\/types\/page"}],"author":[{"embeddable":true,"href":"https:\/\/apeiroo.com\/pt\/wp-json\/wp\/v2\/users\/1"}],"replies":[{"embeddable":true,"href":"https:\/\/apeiroo.com\/pt\/wp-json\/wp\/v2\/comments?post=341"}],"version-history":[{"count":7,"href":"https:\/\/apeiroo.com\/pt\/wp-json\/wp\/v2\/pages\/341\/revisions"}],"predecessor-version":[{"id":726,"href":"https:\/\/apeiroo.com\/pt\/wp-json\/wp\/v2\/pages\/341\/revisions\/726"}],"wp:attachment":[{"href":"https:\/\/apeiroo.com\/pt\/wp-json\/wp\/v2\/media?parent=341"}],"curies":[{"name":"wp","href":"https:\/\/api.w.org\/{rel}","templated":true}]}}