{"id":336,"date":"2026-02-09T12:01:37","date_gmt":"2026-02-09T11:01:37","guid":{"rendered":"https:\/\/ap4592jwt1io3f.apeiroo.com\/?page_id=336"},"modified":"2026-02-18T10:10:46","modified_gmt":"2026-02-18T09:10:46","slug":"inovacao","status":"publish","type":"page","link":"https:\/\/apeiroo.com\/pt\/innovacion\/","title":{"rendered":"Inova\u00e7\u00e3o"},"content":{"rendered":"<div class=\"et_pb_section_0 et_pb_section et_section_regular et_flex_section et_animated\">\n<div class=\"et_pb_row_0 et_pb_row et_flex_row\">\n<div class=\"et_pb_column_0 et_pb_column et-last-child et_flex_column et_pb_css_mix_blend_mode_passthrough et_flex_column_24_24 et_flex_column_24_24_tablet et_flex_column_24_24_phone\">\n<div class=\"et_pb_text_0 et_pb_text et_pb_bg_layout_light et_pb_module et_flex_module\"><div class=\"et_pb_text_inner\"><h1><span>INOVA\u00c7\u00c3O <span style=\"color: #008000;\"><br \/>(I&amp;D+i)<\/span><\/span><\/h1>\n<\/div><\/div>\n<\/div>\n<\/div>\n<\/div>\n\n<div class=\"et_pb_section_1 et_pb_section et_section_regular et_flex_section et_animated\">\n<div class=\"et_pb_row_1 et_pb_row et_flex_row\">\n<div class=\"et_pb_column_1 et_pb_column et-last-child et_flex_column et_pb_css_mix_blend_mode_passthrough et_flex_column_24_24 et_flex_column_24_24_tablet et_flex_column_24_24_phone\">\n<div class=\"et_pb_text_1 et_pb_text et_pb_bg_layout_light et_pb_module et_flex_module\"><div class=\"et_pb_text_inner\"><p>A inova\u00e7\u00e3o \u00e9 o nosso motor e a nossa vantagem diferenciadora. Num ambiente onde as ferramentas padr\u00e3o s\u00e3o conhecidas e contornadas por advers\u00e1rios sofisticados, a verdadeira seguran\u00e7a exige tecnologia pr\u00f3pria e soberana.<\/p>\n<p>Na APEIROO n\u00e3o nos limitamos a integrar: INOVAMOS. Desde o in\u00edcio desenvolvemos capacidades e produtos propriet\u00e1rios de vanguarda, concebidos para que os nossos clientes operem e comuniquem com seguran\u00e7a absoluta, antecipem incidentes cr\u00edticos e se mantenham sempre um passo \u00e0 frente nas suas estrat\u00e9gias de neg\u00f3cio.<\/p>\n<\/div><\/div>\n<\/div>\n<\/div>\n<\/div>\n\n<div class=\"et_pb_section_2 et_pb_section et_section_regular et_flex_section et_animated\">\n<div class=\"et_pb_row_2 et_pb_row et_flex_row\">\n<div class=\"et_pb_column_2 et_pb_column et_flex_column et_pb_css_mix_blend_mode_passthrough et_flex_column_16_24 et_flex_column_16_24_tablet et_flex_column_24_24_phone\">\n<div class=\"et_pb_image_0 et_pb_image et_pb_module et_flex_module\"><span class=\"et_pb_image_wrap\"><img loading=\"lazy\" decoding=\"async\" src=\"https:\/\/apeiroo.com\/wp-content\/uploads\/2026\/02\/Awatchlogo.png\" title=\"Logotipo da Awatch\" width=\"297\" height=\"60\" srcset=\"https:\/\/apeiroo.com\/wp-content\/uploads\/2026\/02\/Awatchlogo.png 297w\" sizes=\"(max-width: 297px) 100vw, 297px\" class=\"wp-image-648\" \/><\/span><\/div>\n\n<div class=\"et_pb_text_2 et_pb_text et_pb_bg_layout_light et_pb_module et_flex_module\"><div class=\"et_pb_text_inner\"><p>Tecnologia propriet\u00e1ria que permite priorizar o tratamento de riscos, alocar recursos de forma eficiente e reduzir a probabilidade de incidentes originados por fornecedores ou por superf\u00edcies externas expostas. O Watch reduz a necessidade de controlos manuais atrav\u00e9s de um sistema totalmente autom\u00e1tico que identifica altera\u00e7\u00f5es, novas exposi\u00e7\u00f5es e desvios em tempo real.<\/p>\n<p>Inclui um m\u00f3dulo de monitoriza\u00e7\u00e3o passiva da seguran\u00e7a de fornecedores, que permite identificar fragilidades em terceiros cr\u00edticos sem necessidade de intera\u00e7\u00e3o direta. Esta funcionalidade \u00e9 fundamental para cumprir os requisitos do DORA (Digital Operational Resilience Act), reduzir os riscos associados \u00e0 cadeia de fornecimento e automatizar controlos que, habitualmente, exigem auditorias peri\u00f3dicas nas seguintes \u00e1reas:<\/p>\n<p>\u00a0<\/p>\n<ul>\n<li><strong>Seguran\u00e7a do dom\u00ednio<\/strong><\/li>\n<li><strong>Atualiza\u00e7\u00e3o e aplica\u00e7\u00e3o de patches de software<\/strong><\/li>\n<li><strong>Seguran\u00e7a das aplica\u00e7\u00f5es<\/strong><\/li>\n<li><strong>Encripta\u00e7\u00e3o web e protocolos seguros<\/strong><\/li>\n<li><strong>Filtragem e exposi\u00e7\u00e3o de rede<\/strong><\/li>\n<li><strong>Vulnerabilidades conhecidas \/ exfiltra\u00e7\u00e3o de dados<\/strong><\/li>\n<li><strong>Seguran\u00e7a DNS<\/strong><\/li>\n<li><strong>Seguran\u00e7a de e-mail<\/strong><\/li>\n<li><strong>Seguran\u00e7a do alojamento<\/strong><\/li>\n<li><strong>Controlos de conformidade<\/strong><\/li>\n<\/ul>\n<\/div><\/div>\n<\/div>\n\n<div class=\"et_pb_column_3 et_pb_column et-last-child et_flex_column et_pb_css_mix_blend_mode_passthrough et_flex_column_8_24 et_flex_column_8_24_tablet et_flex_column_24_24_phone\">\n<div class=\"et_pb_image_1 et_pb_image et_pb_module et_flex_module\"><a href=\"https:\/\/apeiroo.com\/wp-content\/uploads\/2026\/02\/Awatch2.png\" class=\"et_pb_lightbox_image\"><span class=\"et_pb_image_wrap\"><img loading=\"lazy\" decoding=\"async\" src=\"https:\/\/apeiroo.com\/wp-content\/uploads\/2026\/02\/Awatch2.png\" title=\"Awatch2\" width=\"1014\" height=\"580\" srcset=\"https:\/\/apeiroo.com\/wp-content\/uploads\/2026\/02\/Awatch2.png 1014w, https:\/\/apeiroo.com\/wp-content\/uploads\/2026\/02\/Awatch2-980x561.png 980w, https:\/\/apeiroo.com\/wp-content\/uploads\/2026\/02\/Awatch2-480x275.png 480w\" sizes=\"(min-width: 0px) and (max-width: 480px) 480px, (min-width: 481px) and (max-width: 980px) 980px, (min-width: 981px) 1014px, 100vw\" class=\"wp-image-647\" \/><\/span><\/a><\/div>\n\n<div class=\"et_pb_image_2 et_pb_image et_pb_module et_flex_module\"><a href=\"https:\/\/apeiroo.com\/wp-content\/uploads\/2026\/02\/Awatch1.png\" class=\"et_pb_lightbox_image\"><span class=\"et_pb_image_wrap\"><img loading=\"lazy\" decoding=\"async\" src=\"https:\/\/apeiroo.com\/wp-content\/uploads\/2026\/02\/Awatch1.png\" title=\"Awatch1\" width=\"1695\" height=\"1148\" srcset=\"https:\/\/apeiroo.com\/wp-content\/uploads\/2026\/02\/Awatch1.png 1695w, https:\/\/apeiroo.com\/wp-content\/uploads\/2026\/02\/Awatch1-1280x867.png 1280w, https:\/\/apeiroo.com\/wp-content\/uploads\/2026\/02\/Awatch1-980x664.png 980w, https:\/\/apeiroo.com\/wp-content\/uploads\/2026\/02\/Awatch1-480x325.png 480w\" sizes=\"(min-width: 0px) and (max-width: 480px) 480px, (min-width: 481px) and (max-width: 980px) 980px, (min-width: 981px) and (max-width: 1280px) 1280px, (min-width: 1281px) 1695px, 100vw\" class=\"wp-image-653\" \/><\/span><\/a><\/div>\n<\/div>\n<\/div>\n<\/div>\n\n<div class=\"et_pb_section_3 et_pb_section et_section_regular et_flex_section et_animated\">\n<div class=\"et_pb_row_3 et_pb_row et_flex_row\">\n<div class=\"et_pb_column_4 et_pb_column et_flex_column et_pb_css_mix_blend_mode_passthrough et_flex_column_16_24 et_flex_column_16_24_tablet et_flex_column_24_24_phone\">\n<div class=\"et_pb_image_3 et_pb_image et_pb_module et_flex_module\"><span class=\"et_pb_image_wrap\"><img loading=\"lazy\" decoding=\"async\" src=\"https:\/\/apeiroo.com\/wp-content\/uploads\/2026\/02\/ADRM-Logo.png\" title=\"Log\u00f3tipo ADRM\" width=\"176\" height=\"31\" srcset=\"https:\/\/apeiroo.com\/wp-content\/uploads\/2026\/02\/ADRM-Logo.png 176w\" sizes=\"(max-width: 176px) 100vw, 176px\" class=\"wp-image-650\" \/><\/span><\/div>\n\n<div class=\"et_pb_text_3 et_pb_text et_pb_bg_layout_light et_pb_module et_flex_module\"><div class=\"et_pb_text_inner\"><p><strong>A-DRM \u00e9 uma tecnologia 100% desenvolvida pela APEIROO. <\/strong>que permite detetar, a partir de um drone, dispositivos eletr\u00f3nicos que emitem sinais pelo ar (como telem\u00f3veis, tablets, rel\u00f3gios, autom\u00f3veis, routers\u2026) atrav\u00e9s de interfaces como Bluetooth, Wi-Fi ou redes m\u00f3veis.<\/p>\n<p>Esta solu\u00e7\u00e3o \u00e9 totalmente passiva: n\u00e3o interfere, n\u00e3o comunica com os dispositivos e n\u00e3o identifica pessoas \u2014 apenas deteta os sinais ativos dentro do seu alcance.<\/p>\n<p>A recolha de dados \u00e9 realizada em tempo real e, em caso de perda tempor\u00e1ria de liga\u00e7\u00e3o, o sistema \u00e9 capaz de recuperar e enviar automaticamente a informa\u00e7\u00e3o assim que a comunica\u00e7\u00e3o \u00e9 restabelecida.<\/p>\n<p>O A-DRM \u00e9 uma ferramenta poderosa e discreta para monitoriza\u00e7\u00e3o eletr\u00f3nica em \u00e1reas extensas, ideal para cen\u00e1rios de seguran\u00e7a, auditorias de espectro ou controlo de acessos eletr\u00f3nicos em eventos, infraestruturas cr\u00edticas ou zonas remotas.<\/p>\n<\/div><\/div>\n<\/div>\n\n<div class=\"et_pb_column_5 et_pb_column et-last-child et_flex_column et_pb_css_mix_blend_mode_passthrough et_flex_column_8_24 et_flex_column_8_24_tablet et_flex_column_24_24_phone\">\n<div class=\"et_pb_image_4 et_pb_image et_pb_module et_flex_module\"><a href=\"https:\/\/apeiroo.com\/wp-content\/uploads\/2026\/02\/ADRM1.png\" class=\"et_pb_lightbox_image\"><span class=\"et_pb_image_wrap\"><img loading=\"lazy\" decoding=\"async\" src=\"https:\/\/apeiroo.com\/wp-content\/uploads\/2026\/02\/ADRM1.png\" title=\"ADRM1\" width=\"569\" height=\"279\" srcset=\"https:\/\/apeiroo.com\/wp-content\/uploads\/2026\/02\/ADRM1.png 569w, https:\/\/apeiroo.com\/wp-content\/uploads\/2026\/02\/ADRM1-480x235.png 480w\" sizes=\"(min-width: 0px) and (max-width: 480px) 480px, (min-width: 481px) 569px, 100vw\" class=\"wp-image-652\" \/><\/span><\/a><\/div>\n\n<div class=\"et_pb_image_5 et_pb_image et_pb_module et_flex_module\"><a href=\"https:\/\/apeiroo.com\/wp-content\/uploads\/2026\/02\/ADRM2.jpg\" class=\"et_pb_lightbox_image\"><span class=\"et_pb_image_wrap\"><img loading=\"lazy\" decoding=\"async\" src=\"https:\/\/apeiroo.com\/wp-content\/uploads\/2026\/02\/ADRM2.jpg\" title=\"ADRM2\" width=\"1488\" height=\"732\" srcset=\"https:\/\/apeiroo.com\/wp-content\/uploads\/2026\/02\/ADRM2.jpg 1488w, https:\/\/apeiroo.com\/wp-content\/uploads\/2026\/02\/ADRM2-1280x630.jpg 1280w, https:\/\/apeiroo.com\/wp-content\/uploads\/2026\/02\/ADRM2-980x482.jpg 980w, https:\/\/apeiroo.com\/wp-content\/uploads\/2026\/02\/ADRM2-480x236.jpg 480w\" sizes=\"(min-width: 0px) and (max-width: 480px) 480px, (min-width: 481px) and (max-width: 980px) 980px, (min-width: 981px) and (max-width: 1280px) 1280px, (min-width: 1281px) 1488px, 100vw\" class=\"wp-image-651\" \/><\/span><\/a><\/div>\n<\/div>\n<\/div>\n<\/div>\n\n<div class=\"et_pb_section_4 et_pb_section et_section_regular et_flex_section et_animated\">\n<div class=\"et_pb_row_4 et_pb_row et_flex_row\">\n<div class=\"et_pb_column_6 et_pb_column et_flex_column et_pb_css_mix_blend_mode_passthrough et_flex_column_16_24 et_flex_column_16_24_tablet et_flex_column_24_24_phone\">\n<div class=\"et_pb_image_6 et_pb_image et_pb_module et_flex_module\"><span class=\"et_pb_image_wrap\"><img loading=\"lazy\" decoding=\"async\" src=\"https:\/\/apeiroo.com\/wp-content\/uploads\/2026\/02\/ufreedoms-logo.png\" title=\"log\u00f3tipo da ufreedoms\" width=\"2300\" height=\"1036\" srcset=\"https:\/\/apeiroo.com\/wp-content\/uploads\/2026\/02\/ufreedoms-logo.png 2300w, https:\/\/apeiroo.com\/wp-content\/uploads\/2026\/02\/ufreedoms-logo-1280x577.png 1280w, https:\/\/apeiroo.com\/wp-content\/uploads\/2026\/02\/ufreedoms-logo-980x441.png 980w, https:\/\/apeiroo.com\/wp-content\/uploads\/2026\/02\/ufreedoms-logo-480x216.png 480w\" sizes=\"(min-width: 0px) and (max-width: 480px) 480px, (min-width: 481px) and (max-width: 980px) 980px, (min-width: 981px) and (max-width: 1280px) 1280px, (min-width: 1281px) 2300px, 100vw\" class=\"wp-image-656\" \/><\/span><\/div>\n\n<div class=\"et_pb_text_4 et_pb_text et_pb_bg_layout_light et_pb_module et_flex_module\"><div class=\"et_pb_text_inner\"><p>A mensageria instant\u00e2nea tornou-se indispens\u00e1vel no ambiente empresarial pela sua imediatidade e efici\u00eancia, mas as plataformas atuais apresentam riscos significativos de conformidade regulamentar e de fuga de documenta\u00e7\u00e3o sens\u00edvel, ao n\u00e3o diferenciarem claramente o \u00e2mbito pessoal do profissional. <strong>O ufreedoms<\/strong> surge como a solu\u00e7\u00e3o definitiva, concebida desde a primeira linha de c\u00f3digo para oferecer o m\u00e1ximo n\u00edvel de seguran\u00e7a e privacidade, sem comprometer a usabilidade. \u00c9 uma plataforma de comunica\u00e7\u00e3o blindada que responde \u00e0s exig\u00eancias do ambiente corporativo moderno, superando as vulnerabilidades das aplica\u00e7\u00f5es de mensageria convencionais.<\/p>\n<p>Definida como \u201cChat 2.0\u201d, o ufreedoms garante anonimato total ao n\u00e3o exigir n\u00famero de telefone nem e-mail para registo, utilizando em alternativa um \u201cTwin\u201d \u00fanico. A plataforma assegura que a informa\u00e7\u00e3o seja ef\u00e9mera: as mensagens encriptadas s\u00e3o eliminadas automaticamente 120 segundos ap\u00f3s a sua leitura e n\u00e3o s\u00e3o armazenadas nem no dispositivo nem nos servidores, que s\u00e3o reiniciados a cada hora para eliminar qualquer metadado.\n\nDispon\u00edvel em vers\u00e3o web e m\u00f3vel (Android\/iOS), oferece funcionalidades completas como chamadas, videochamadas e transfer\u00eancia segura de ficheiros, com vers\u00f5es Corporativa e Enterprise especificamente concebidas para separar e proteger as comunica\u00e7\u00f5es de neg\u00f3cio.<\/p>\n<\/div><\/div>\n<\/div>\n\n<div class=\"et_pb_column_7 et_pb_column et-last-child et_flex_column et_pb_css_mix_blend_mode_passthrough et_flex_column_8_24 et_flex_column_8_24_tablet et_flex_column_24_24_phone\">\n<div class=\"et_pb_image_7 et_pb_image et_pb_module et_flex_module\"><a href=\"https:\/\/apeiroo.com\/wp-content\/uploads\/2026\/02\/ufreedoms2.jpeg\" class=\"et_pb_lightbox_image\"><span class=\"et_pb_image_wrap\"><img loading=\"lazy\" decoding=\"async\" src=\"https:\/\/apeiroo.com\/wp-content\/uploads\/2026\/02\/ufreedoms2.jpeg\" title=\"ufreedoms2\" width=\"464\" height=\"756\" srcset=\"https:\/\/apeiroo.com\/wp-content\/uploads\/2026\/02\/ufreedoms2.jpeg 464w, https:\/\/apeiroo.com\/wp-content\/uploads\/2026\/02\/ufreedoms2-184x300.jpeg 184w\" sizes=\"(max-width: 464px) 100vw, 464px\" class=\"wp-image-657\" \/><\/span><\/a><\/div>\n\n<div class=\"et_pb_image_8 et_pb_image et_pb_module et_flex_module\"><a href=\"https:\/\/apeiroo.com\/wp-content\/uploads\/2026\/02\/ufreedoms1.jpg\" class=\"et_pb_lightbox_image\"><span class=\"et_pb_image_wrap\"><img loading=\"lazy\" decoding=\"async\" src=\"https:\/\/apeiroo.com\/wp-content\/uploads\/2026\/02\/ufreedoms1.jpg\" title=\"ufreedoms1\" width=\"464\" height=\"756\" srcset=\"https:\/\/apeiroo.com\/wp-content\/uploads\/2026\/02\/ufreedoms1.jpg 464w, https:\/\/apeiroo.com\/wp-content\/uploads\/2026\/02\/ufreedoms1-184x300.jpg 184w\" sizes=\"(max-width: 464px) 100vw, 464px\" class=\"wp-image-658\" \/><\/span><\/a><\/div>\n<\/div>\n<\/div>\n<\/div>\n\n<div class=\"et_pb_section_5 et_pb_section et_section_regular et_flex_section et_animated\">\n<div class=\"et_pb_row_5 et_pb_row et_flex_row\">\n<div class=\"et_pb_column_8 et_pb_column et_flex_column et_pb_css_mix_blend_mode_passthrough et_flex_column_16_24 et_flex_column_16_24_tablet et_flex_column_24_24_phone\">\n<div class=\"et_pb_image_9 et_pb_image et_pb_module et_flex_module\"><span class=\"et_pb_image_wrap\"><img loading=\"lazy\" decoding=\"async\" src=\"https:\/\/apeiroo.com\/wp-content\/uploads\/2026\/02\/snupper.png\" title=\"snupper\" width=\"1238\" height=\"594\" srcset=\"https:\/\/apeiroo.com\/wp-content\/uploads\/2026\/02\/snupper.png 1238w, https:\/\/apeiroo.com\/wp-content\/uploads\/2026\/02\/snupper-980x470.png 980w, https:\/\/apeiroo.com\/wp-content\/uploads\/2026\/02\/snupper-480x230.png 480w\" sizes=\"(min-width: 0px) and (max-width: 480px) 480px, (min-width: 481px) and (max-width: 980px) 980px, (min-width: 981px) 1238px, 100vw\" class=\"wp-image-663\" \/><\/span><\/div>\n\n<div class=\"et_pb_text_5 et_pb_text et_pb_bg_layout_light et_pb_module et_flex_module\"><div class=\"et_pb_text_inner\"><p><strong>Snupper: Intelig\u00eancia passiva em tempo real sob patente<\/strong><\/p>\n<p>Desenvolvida integralmente pela APEIROO e protegida por patente (P201631455), a Snupper \u00e9 uma plataforma revolucion\u00e1ria de vigil\u00e2ncia tecnol\u00f3gica. Ao contr\u00e1rio das solu\u00e7\u00f5es tradicionais, a Snupper realiza a identifica\u00e7\u00e3o e monitoriza\u00e7\u00e3o passiva de smartphones e dispositivos inteligentes em tempo real, sem que o utilizador necessite de instalar qualquer aplica\u00e7\u00e3o ou realizar qualquer a\u00e7\u00e3o.\nRecorrendo a uma rede de sensores avan\u00e7ados (incluindo tecnologia 5G), o sistema cria identificadores \u00fanicos permanentes e correlaciona dados para oferecer uma visibilidade do ambiente sem precedentes atrav\u00e9s de um dashboard anal\u00edtico.<\/p>\n<p>A Snupper transforma dados passivos em vantagem estrat\u00e9gica. No dom\u00ednio da seguran\u00e7a, deteta passivamente pessoal n\u00e3o autorizado e utiliza IA para gerar alertas imediatos perante padr\u00f5es de atividade perigosa. Em simult\u00e2neo, em ambientes corporativos ou comerciais, permite identificar clientes VIP instantaneamente, prever comportamentos, segmentar utilizadores por h\u00e1bitos e gerir fluxos de pessoas e filas de forma inteligente.<\/p>\n<\/div><\/div>\n<\/div>\n\n<div class=\"et_pb_column_9 et_pb_column et-last-child et_flex_column et_pb_css_mix_blend_mode_passthrough et_flex_column_8_24 et_flex_column_8_24_tablet et_flex_column_24_24_phone\">\n<div class=\"et_pb_image_10 et_pb_image et_pb_module et_flex_module\"><a href=\"https:\/\/apeiroo.com\/wp-content\/uploads\/2026\/02\/Snupper-2.png\" class=\"et_pb_lightbox_image\"><span class=\"et_pb_image_wrap\"><img loading=\"lazy\" decoding=\"async\" src=\"https:\/\/apeiroo.com\/wp-content\/uploads\/2026\/02\/Snupper-2.png\" title=\"Snupper 2\" width=\"1988\" height=\"1170\" srcset=\"https:\/\/apeiroo.com\/wp-content\/uploads\/2026\/02\/Snupper-2.png 1988w, https:\/\/apeiroo.com\/wp-content\/uploads\/2026\/02\/Snupper-2-1280x753.png 1280w, https:\/\/apeiroo.com\/wp-content\/uploads\/2026\/02\/Snupper-2-980x577.png 980w, https:\/\/apeiroo.com\/wp-content\/uploads\/2026\/02\/Snupper-2-480x282.png 480w\" sizes=\"(min-width: 0px) and (max-width: 480px) 480px, (min-width: 481px) and (max-width: 980px) 980px, (min-width: 981px) and (max-width: 1280px) 1280px, (min-width: 1281px) 1988px, 100vw\" class=\"wp-image-662\" \/><\/span><\/a><\/div>\n\n<div class=\"et_pb_image_11 et_pb_image et_pb_module et_flex_module\"><a href=\"https:\/\/apeiroo.com\/wp-content\/uploads\/2026\/02\/snuppeer3.png\" class=\"et_pb_lightbox_image\"><span class=\"et_pb_image_wrap\"><img loading=\"lazy\" decoding=\"async\" src=\"https:\/\/apeiroo.com\/wp-content\/uploads\/2026\/02\/snuppeer3.png\" title=\"snuppeer3\" width=\"2484\" height=\"1741\" srcset=\"https:\/\/apeiroo.com\/wp-content\/uploads\/2026\/02\/snuppeer3.png 2484w, https:\/\/apeiroo.com\/wp-content\/uploads\/2026\/02\/snuppeer3-1280x897.png 1280w, https:\/\/apeiroo.com\/wp-content\/uploads\/2026\/02\/snuppeer3-980x687.png 980w, https:\/\/apeiroo.com\/wp-content\/uploads\/2026\/02\/snuppeer3-480x336.png 480w\" sizes=\"(min-width: 0px) and (max-width: 480px) 480px, (min-width: 481px) and (max-width: 980px) 980px, (min-width: 981px) and (max-width: 1280px) 1280px, (min-width: 1281px) 2484px, 100vw\" class=\"wp-image-661\" \/><\/span><\/a><\/div>\n<\/div>\n<\/div>\n<\/div>\n\n<div class=\"et_pb_section_6 et_pb_section et_section_regular et_flex_section et_animated\">\n<div class=\"et_pb_row_6 et_pb_row et_flex_row\">\n<div class=\"et_pb_column_10 et_pb_column et_flex_column et_pb_css_mix_blend_mode_passthrough et_flex_column_16_24 et_flex_column_16_24_tablet et_flex_column_24_24_phone\">\n<div class=\"et_pb_image_12 et_pb_image et_pb_module et_flex_module\"><span class=\"et_pb_image_wrap\"><img loading=\"lazy\" decoding=\"async\" src=\"https:\/\/apeiroo.com\/wp-content\/uploads\/2026\/02\/ealert_ico.webp\" title=\"ealert_ico\" width=\"930\" height=\"591\" srcset=\"https:\/\/apeiroo.com\/wp-content\/uploads\/2026\/02\/ealert_ico.webp 930w, https:\/\/apeiroo.com\/wp-content\/uploads\/2026\/02\/ealert_ico-480x305.webp 480w\" sizes=\"(min-width: 0px) and (max-width: 480px) 480px, (min-width: 481px) 930px, 100vw\" class=\"wp-image-717\" \/><\/span><\/div>\n\n<div class=\"et_pb_text_6 et_pb_text et_pb_bg_layout_light et_pb_module et_flex_module\"><div class=\"et_pb_text_inner\"><p>Concebida especificamente para a prote\u00e7\u00e3o de VIPs e ativos de elevado valor, esta plataforma utiliza uma arquitetura de localiza\u00e7\u00e3o de alta precis\u00e3o que ultrapassa a utiliza\u00e7\u00e3o convencional do GPS. Ao ser ativado um alerta, o sistema capta e transmite em tempo real um pacote de dados redundante que inclui coordenadas geogr\u00e1ficas, geolocaliza\u00e7\u00e3o por IP, varrimento de redes Wi-Fi, dispositivos Bluetooth pr\u00f3ximos e informa\u00e7\u00e3o de antenas de telecomunica\u00e7\u00f5es.\nEsta infraestrutura t\u00e9cnica garante uma localiza\u00e7\u00e3o exata e uma visibilidade total da situa\u00e7\u00e3o em ambientes cr\u00edticos, permitindo uma resposta imediata e eficiente.\nDo ponto de vista operacional e comercial, a nossa tecnologia oferece uma versatilidade sem precedentes atrav\u00e9s de tr\u00eas modos especializados: <strong>P\u00e2nico<\/strong><strong>, Transportes e <\/strong><strong>Acuda<\/strong>. O sistema permite desde a emiss\u00e3o de alertas instant\u00e2neos perante incidentes at\u00e9 \u00e0 monitoriza\u00e7\u00e3o cont\u00ednua, minuto a minuto, de percursos, registando rotas completas, velocidades m\u00e9dias e dist\u00e2ncias totais em pain\u00e9is de hist\u00f3rico detalhados.\nPara servi\u00e7os profissionais de seguran\u00e7a f\u00edsica, o modo <strong>Acuda<\/strong>integra funcionalidades-chave como a supervis\u00e3o permanente pela central e o registo de cust\u00f3dia de chaves, otimizando a gest\u00e3o dos colaboradores e a seguran\u00e7a dos ativos. Sendo um desenvolvimento pr\u00f3prio, o <strong>eAlerts<\/strong> posiciona-se como uma ferramenta robusta, privada e escal\u00e1vel, capaz de transformar qualquer dispositivo m\u00f3vel num terminal profissional de seguran\u00e7a de alto desempenho.<\/p>\n<\/div><\/div>\n<\/div>\n\n<div class=\"et_pb_column_11 et_pb_column et-last-child et_flex_column et_pb_css_mix_blend_mode_passthrough et_flex_column_8_24 et_flex_column_8_24_tablet et_flex_column_24_24_phone\">\n<div class=\"et_pb_image_13 et_pb_image et_pb_module et_flex_module\"><a href=\"https:\/\/apeiroo.com\/wp-content\/uploads\/2026\/02\/eAlerts2.jpg\" class=\"et_pb_lightbox_image\"><span class=\"et_pb_image_wrap\"><img loading=\"lazy\" decoding=\"async\" src=\"https:\/\/apeiroo.com\/wp-content\/uploads\/2026\/02\/eAlerts2.jpg\" title=\"eAlertas2\" width=\"991\" height=\"1761\" srcset=\"https:\/\/apeiroo.com\/wp-content\/uploads\/2026\/02\/eAlerts2.jpg 991w, https:\/\/apeiroo.com\/wp-content\/uploads\/2026\/02\/eAlerts2-980x1741.jpg 980w, https:\/\/apeiroo.com\/wp-content\/uploads\/2026\/02\/eAlerts2-480x853.jpg 480w\" sizes=\"(min-width: 0px) and (max-width: 480px) 480px, (min-width: 481px) and (max-width: 980px) 980px, (min-width: 981px) 991px, 100vw\" class=\"wp-image-666\" \/><\/span><\/a><\/div>\n\n<div class=\"et_pb_image_14 et_pb_image et_pb_module et_flex_module\"><a href=\"https:\/\/apeiroo.com\/wp-content\/uploads\/2026\/02\/eAlerts3.jpg\" class=\"et_pb_lightbox_image\"><span class=\"et_pb_image_wrap\"><img loading=\"lazy\" decoding=\"async\" src=\"https:\/\/apeiroo.com\/wp-content\/uploads\/2026\/02\/eAlerts3.jpg\" title=\"eAlertas3\" width=\"991\" height=\"1761\" srcset=\"https:\/\/apeiroo.com\/wp-content\/uploads\/2026\/02\/eAlerts3.jpg 991w, https:\/\/apeiroo.com\/wp-content\/uploads\/2026\/02\/eAlerts3-980x1741.jpg 980w, https:\/\/apeiroo.com\/wp-content\/uploads\/2026\/02\/eAlerts3-480x853.jpg 480w\" sizes=\"(min-width: 0px) and (max-width: 480px) 480px, (min-width: 481px) and (max-width: 980px) 980px, (min-width: 981px) 991px, 100vw\" class=\"wp-image-665\" \/><\/span><\/a><\/div>\n<\/div>\n<\/div>\n<\/div>","protected":false},"excerpt":{"rendered":"","protected":false},"author":1,"featured_media":0,"parent":0,"menu_order":0,"comment_status":"closed","ping_status":"closed","template":"","meta":{"footnotes":""},"class_list":["post-336","page","type-page","status-publish","hentry"],"_links":{"self":[{"href":"https:\/\/apeiroo.com\/pt\/wp-json\/wp\/v2\/pages\/336","targetHints":{"allow":["GET"]}}],"collection":[{"href":"https:\/\/apeiroo.com\/pt\/wp-json\/wp\/v2\/pages"}],"about":[{"href":"https:\/\/apeiroo.com\/pt\/wp-json\/wp\/v2\/types\/page"}],"author":[{"embeddable":true,"href":"https:\/\/apeiroo.com\/pt\/wp-json\/wp\/v2\/users\/1"}],"replies":[{"embeddable":true,"href":"https:\/\/apeiroo.com\/pt\/wp-json\/wp\/v2\/comments?post=336"}],"version-history":[{"count":20,"href":"https:\/\/apeiroo.com\/pt\/wp-json\/wp\/v2\/pages\/336\/revisions"}],"predecessor-version":[{"id":794,"href":"https:\/\/apeiroo.com\/pt\/wp-json\/wp\/v2\/pages\/336\/revisions\/794"}],"wp:attachment":[{"href":"https:\/\/apeiroo.com\/pt\/wp-json\/wp\/v2\/media?parent=336"}],"curies":[{"name":"wp","href":"https:\/\/api.w.org\/{rel}","templated":true}]}}