{"id":297,"date":"2026-02-03T12:36:10","date_gmt":"2026-02-03T11:36:10","guid":{"rendered":"https:\/\/ap4592jwt1io3f.apeiroo.com\/?page_id=297"},"modified":"2026-03-09T08:24:30","modified_gmt":"2026-03-09T07:24:30","slug":"consultorias","status":"publish","type":"page","link":"https:\/\/apeiroo.com\/pt\/cyberseguridad\/consultorias\/","title":{"rendered":"Consultoria"},"content":{"rendered":"<div class=\"et_pb_section_0 et_pb_section et_section_regular et_flex_section et_animated\">\n<div class=\"et_pb_row_0 et_pb_row et_flex_row\">\n<div class=\"et_pb_column_0 et_pb_column et-last-child et_flex_column et_pb_css_mix_blend_mode_passthrough et_flex_column_24_24 et_flex_column_24_24_tablet et_flex_column_24_24_phone\">\n<div class=\"et_pb_heading_0 et_pb_heading et_pb_module et_flex_module\"><div class=\"et_pb_heading_container\"><h1 class=\"et_pb_module_header\">Consultoria<\/h1><\/div><\/div>\n\n<div class=\"et_pb_text_0 et_pb_text et_pb_bg_layout_light et_pb_module et_flex_module\"><div class=\"et_pb_text_inner\"><p style=\"text-align: justify;\">Orient\u00e1mos organiza\u00e7\u00f5es l\u00edderes em toda a Uni\u00e3o Europeia, Ar\u00e1bia Saudita (KSA) e Emirados \u00c1rabes Unidos (EAU) a alcan\u00e7ar as mais elevadas certifica\u00e7\u00f5es internacionais (ISO 27001, ISO 9001, ISO 20000) e a cumprir regulamenta\u00e7\u00f5es cr\u00edticas (NIS2, DORA) em tempo recorde e com uma efici\u00eancia sem precedentes.<\/p>\n<p style=\"text-align: justify;\">Ajudamo-lo a conceber e implementar o seu Sistema de Gest\u00e3o da Seguran\u00e7a da Informa\u00e7\u00e3o (SGSI) e outros frameworks de governa\u00e7\u00e3o, n\u00e3o apenas para obter uma certifica\u00e7\u00e3o, mas para otimizar processos, reduzir o risco e poupar centenas de horas de trabalho manual \u00e0s suas equipas de IT e compliance atrav\u00e9s de automa\u00e7\u00e3o inteligente e de uma metodologia comprovada.<\/p>\n<p style=\"text-align: center;\"><strong>N\u00c3O FIQUE PARA TR\u00c1S E ALCANCE A EXCEL\u00caNCIA CERTIFICADA!<\/strong><\/p>\n<p style=\"text-align: justify;\"><strong>O cumprimento n\u00e3o \u00e9 um destino, \u00e9 uma jornada cont\u00ednua. Contacte-nos hoje mesmo para elevar o seu padr\u00e3o de governa\u00e7\u00e3o e transformar o compliance num pilar estrat\u00e9gico da sua organiza\u00e7\u00e3o.<\/strong><\/p>\n<\/div><\/div>\n<\/div>\n<\/div>\n<\/div>\n\n<div class=\"et_pb_section_1 et_pb_section et_section_regular et_flex_section\">\n<div class=\"et_pb_row_1 et_pb_row et_flex_row\">\n<div class=\"et_pb_column_1 et_pb_column et_flex_column et_pb_css_mix_blend_mode_passthrough et_flex_column_12_24 et_flex_column_12_24_tablet et_flex_column_24_24_phone\">\n<div class=\"et_pb_text_1 et_pb_text et_pb_bg_layout_light et_pb_module et_flex_module\"><div class=\"et_pb_text_inner\"><h4 class=\"et_pb_module_header\">ISO 9001:2015<\/h4>\n<h5 class=\"et_pb_module_header\">EXCEL\u00caNCIA NA GEST\u00c3O DA QUALIDADE<\/h5>\n<div class=\"et_pb_blurb_description\">\n<p>\u00a0<\/p>\n<p style=\"text-align: justify;\">Esta certifica\u00e7\u00e3o n\u00e3o \u00e9 apenas um selo de qualidade; \u00e9 um compromisso com a melhoria cont\u00ednua e a efici\u00eancia operacional. Ajuda a sua organiza\u00e7\u00e3o a demonstrar perante clientes e partes interessadas a sua capacidade inabal\u00e1vel de fornecer produtos e servi\u00e7os que cumprem consistentemente os requisitos mais exigentes e a legisla\u00e7\u00e3o aplic\u00e1vel.\nConcebemos um Sistema de Gest\u00e3o da Qualidade (SGQ) \u00e0 medida, que otimiza a aloca\u00e7\u00e3o de recursos, clarifica responsabilidades e estabelece m\u00e9tricas de desempenho claras para assegurar o cumprimento dos seus objetivos estrat\u00e9gicos.<\/p>\n<\/div>\n<\/div><\/div>\n<\/div>\n\n<div class=\"et_pb_column_2 et_pb_column et-last-child et_flex_column et_pb_css_mix_blend_mode_passthrough et_flex_column_12_24 et_flex_column_12_24_tablet et_flex_column_24_24_phone\">\n<div class=\"et_pb_text_2 et_pb_text et_pb_bg_layout_light et_pb_module et_flex_module\"><div class=\"et_pb_text_inner\"><h4 class=\"et_pb_module_header\">ISO 27001:2022<\/h4>\n<h5 class=\"et_pb_module_header\">\u00a0SEGURAN\u00c7A DA INFORMA\u00c7\u00c3O DE CLASSE MUNDIAL<\/h5>\n<div class=\"et_pb_blurb_description\">\n<p>\u00a0<\/p>\n<p style=\"text-align: justify;\">A norma internacional de refer\u00eancia para a implementa\u00e7\u00e3o de um Sistema de Gest\u00e3o da Seguran\u00e7a da Informa\u00e7\u00e3o (SGSI). A vers\u00e3o 2022 foi concebida para responder \u00e0s amea\u00e7as modernas, garantindo a ado\u00e7\u00e3o de controlos de seguran\u00e7a adequados e proporcionais ao risco.\nA certifica\u00e7\u00e3o ISO 27001 n\u00e3o s\u00f3 protege os seus ativos de informa\u00e7\u00e3o mais cr\u00edticos, como \u00e9 fundamental para gerar confian\u00e7a junto de clientes e colaboradores, assegurar a confidencialidade, integridade e disponibilidade dos dados e demonstrar um cumprimento s\u00f3lido dos requisitos legais e regulamentares.<\/p>\n<\/div>\n<\/div><\/div>\n<\/div>\n<\/div>\n\n<div class=\"et_pb_row_2 et_pb_row et_flex_row\">\n<div class=\"et_pb_column_3 et_pb_column et_flex_column et_pb_css_mix_blend_mode_passthrough et_flex_column_12_24 et_flex_column_12_24_tablet et_flex_column_24_24_phone\">\n<div class=\"et_pb_text_3 et_pb_text et_pb_bg_layout_light et_pb_module et_flex_module\"><div class=\"et_pb_text_inner\"><h4 class=\"et_pb_module_header\">CUMPRIMENTO REGULAT\u00d3RIO EUROPEU<\/h4>\n<h5 class=\"et_pb_module_header\">(NIS2 e DORA)<\/h5>\n<div class=\"et_pb_blurb_description\">\n<p>\u00a0<\/p>\n<p><strong>Resili\u00eancia operacional em sectores cr\u00edticos e financeiros.\u00a0<\/strong>Preparamos a sua organiza\u00e7\u00e3o para cumprir as diretivas europeias mais exigentes. Orientamo-lo na implementa\u00e7\u00e3o dos requisitos da Diretiva NIS2 (para entidades essenciais e importantes) e do Regulamento DORA (para o setor financeiro), assegurando a resili\u00eancia operacional digital e a gest\u00e3o proativa de riscos de terceiros e da cadeia de fornecimento.<\/p>\n<\/div>\n<\/div><\/div>\n<\/div>\n\n<div class=\"et_pb_column_4 et_pb_column et-last-child et_flex_column et_pb_css_mix_blend_mode_passthrough et_flex_column_12_24 et_flex_column_12_24_tablet et_flex_column_24_24_phone\">\n<div class=\"et_pb_text_4 et_pb_text et_pb_bg_layout_light et_pb_module et_flex_module\"><div class=\"et_pb_text_inner\"><h4 class=\"et_pb_module_header\">ESQUEMA NACIONAL DE SEGURAN\u00c7A<\/h4>\n<h5 class=\"et_pb_module_header\">(ENS)<\/h5>\n<div class=\"et_pb_blurb_description\">\n<p>\u00a0<\/p>\n<p><strong>Cumprimento para o Setor P\u00fablico e seus Fornecedores.<\/strong> Prestamos assessoria especializada para a adequa\u00e7\u00e3o e certifica\u00e7\u00e3o ao Esquema Nacional de Seguran\u00e7a (ENS) nos n\u00edveis B\u00e1sico, M\u00e9dio e Elevado, um requisito indispens\u00e1vel para operar com a Administra\u00e7\u00e3o P\u00fablica espanhola e garantir a seguran\u00e7a dos sistemas de informa\u00e7\u00e3o<\/p>\n<\/div>\n<\/div><\/div>\n<\/div>\n<\/div>\n<\/div>","protected":false},"excerpt":{"rendered":"","protected":false},"author":1,"featured_media":0,"parent":17,"menu_order":0,"comment_status":"closed","ping_status":"closed","template":"","meta":{"footnotes":""},"class_list":["post-297","page","type-page","status-publish","hentry"],"_links":{"self":[{"href":"https:\/\/apeiroo.com\/pt\/wp-json\/wp\/v2\/pages\/297","targetHints":{"allow":["GET"]}}],"collection":[{"href":"https:\/\/apeiroo.com\/pt\/wp-json\/wp\/v2\/pages"}],"about":[{"href":"https:\/\/apeiroo.com\/pt\/wp-json\/wp\/v2\/types\/page"}],"author":[{"embeddable":true,"href":"https:\/\/apeiroo.com\/pt\/wp-json\/wp\/v2\/users\/1"}],"replies":[{"embeddable":true,"href":"https:\/\/apeiroo.com\/pt\/wp-json\/wp\/v2\/comments?post=297"}],"version-history":[{"count":12,"href":"https:\/\/apeiroo.com\/pt\/wp-json\/wp\/v2\/pages\/297\/revisions"}],"predecessor-version":[{"id":2360,"href":"https:\/\/apeiroo.com\/pt\/wp-json\/wp\/v2\/pages\/297\/revisions\/2360"}],"up":[{"embeddable":true,"href":"https:\/\/apeiroo.com\/pt\/wp-json\/wp\/v2\/pages\/17"}],"wp:attachment":[{"href":"https:\/\/apeiroo.com\/pt\/wp-json\/wp\/v2\/media?parent=297"}],"curies":[{"name":"wp","href":"https:\/\/api.w.org\/{rel}","templated":true}]}}