{"id":282,"date":"2026-02-03T12:20:11","date_gmt":"2026-02-03T11:20:11","guid":{"rendered":"https:\/\/ap4592jwt1io3f.apeiroo.com\/?page_id=282"},"modified":"2026-03-09T08:19:22","modified_gmt":"2026-03-09T07:19:22","slug":"tecnologias","status":"publish","type":"page","link":"https:\/\/apeiroo.com\/pt\/cyberseguridad\/tecnoligias\/","title":{"rendered":"Servi\u00e7os de seguran\u00e7a geridos (SOC)"},"content":{"rendered":"<div class=\"et_pb_section_0 et_pb_section et_section_regular et_flex_section et_animated\">\n<div class=\"et_pb_row_0 et_pb_row et_flex_row\">\n<div class=\"et_pb_column_0 et_pb_column et-last-child et_flex_column et_pb_css_mix_blend_mode_passthrough et_flex_column_24_24 et_flex_column_24_24_tablet et_flex_column_24_24_phone\">\n<div class=\"et_pb_text_0 et_pb_text et_pb_bg_layout_light et_pb_module et_flex_module\"><div class=\"et_pb_text_inner\"><h1>SERVI\u00c7OS DE SEGURAN\u00c7A GERIDA<br \/><span style=\"color: #008000;\">(SOC)<\/span><\/h1>\n<\/div><\/div>\n\n<div class=\"et_pb_text_1 et_pb_text et_pb_bg_layout_light et_pb_module et_flex_module\"><\/div>\n\n<div class=\"et_pb_text_2 et_pb_text et_pb_bg_layout_light et_pb_module et_flex_module\"><div class=\"et_pb_text_inner\"><p style=\"text-align: justify;\">No atual panorama de hiperamea\u00e7as, a monitoriza\u00e7\u00e3o passiva est\u00e1 obsoleta. Os advers\u00e1rios operam 24\/7, utilizam automa\u00e7\u00e3o avan\u00e7ada e movem-se rapidamente. A sua defesa deve estar ao mesmo n\u00edvel.\nA partir do nosso\u00a0<strong>SOC <\/strong><strong>em<\/strong><strong> Sevilha<\/strong>, operamos uma for\u00e7a de defesa ativa que combina a melhor intelig\u00eancia humana de operadores experientes com a velocidade da Intelig\u00eancia Artificial e a orquestra\u00e7\u00e3o avan\u00e7ada para vigiar, detetar e neutralizar amea\u00e7as em tempo real, \u00e0 escala global.<\/p>\n<p style=\"text-align: justify;\"><strong>N\u00e3o somos um servi\u00e7o de alarmes; somos a sua primeira linha de defesa.<\/strong><\/p>\n<\/div><\/div>\n<\/div>\n<\/div>\n<\/div>\n\n<div class=\"et_pb_section_1 et_pb_section et_section_regular et_flex_section\">\n<div class=\"et_pb_row_1 et_pb_row et_flex_row et_animated\">\n<div class=\"et_pb_column_1 et_pb_column et_flex_column et_pb_css_mix_blend_mode_passthrough et_flex_column_8_24 et_flex_column_8_24_tablet et_flex_column_24_24_phone\">\n<div class=\"et_pb_icon_0 et_pb_icon et_pb_module et_flex_module\"><span class=\"et_pb_icon_wrap\"><span class=\"et-pb-icon\">\uf573<\/span><\/span><\/div>\n<\/div>\n\n<div class=\"et_pb_column_2 et_pb_column et-last-child et_flex_column et_pb_css_mix_blend_mode_passthrough et_flex_column_16_24 et_flex_column_16_24_tablet et_flex_column_24_24_phone\">\n<div class=\"et_pb_text_3 et_pb_text et_pb_bg_layout_light et_pb_module et_flex_module\"><div class=\"et_pb_text_inner\"><h2 class=\"et_pb_module_header\">MONITORIZA\u00c7\u00c3O E VISIBILIDADE DE ESPECTRO COMPLETO (XDR\/SIEM NG)<\/h2>\n<p><span><\/span><\/p>\n<div class=\"et_pb_blurb_description\">\n<p>Vamos al\u00e9m dos logs tradicionais. Ingerimos, correlacionamos e analisamos em tempo real a telemetria de toda a sua superf\u00edcie de ataque: endpoints (EDR), redes (NDR), cloud, identidade e aplica\u00e7\u00f5es SaaS.<\/p>\n<\/div>\n<\/div><\/div>\n<\/div>\n<\/div>\n\n<div class=\"et_pb_row_2 et_pb_row et_flex_row et_animated\">\n<div class=\"et_pb_column_3 et_pb_column et_flex_column et_pb_css_mix_blend_mode_passthrough et_flex_column_8_24 et_flex_column_8_24_tablet et_flex_column_24_24_phone\">\n<div class=\"et_pb_icon_1 et_pb_icon et_pb_module et_flex_module\"><span class=\"et_pb_icon_wrap\"><span class=\"et-pb-icon\">U<\/span><\/span><\/div>\n<\/div>\n\n<div class=\"et_pb_column_4 et_pb_column et-last-child et_flex_column et_pb_css_mix_blend_mode_passthrough et_flex_column_16_24 et_flex_column_16_24_tablet et_flex_column_24_24_phone\">\n<div class=\"et_pb_text_4 et_pb_text et_pb_bg_layout_light et_pb_module et_flex_module\"><div class=\"et_pb_text_inner\"><h2 class=\"et_pb_module_header\">DETE\u00c7\u00c3O AVAN\u00c7ADA IMPULSIONADA POR IA E INTELIG\u00caNCIA ESTRAT\u00c9GICA<\/h2>\n<p><span><\/span><\/p>\n<div class=\"et_pb_blurb_description\">\n<p>As assinaturas j\u00e1 n\u00e3o s\u00e3o suficientes. Aplicamos modelos de Intelig\u00eancia Artificial e an\u00e1lise comportamental (UEBA) para detetar anomalias subtis que indicam comprometimento ou movimentos laterais. Enriquecemos cada alerta com Intelig\u00eancia de Amea\u00e7as (Threat Intelligence) global e pr\u00f3pria, contextualizando o risco real de cada incidente.<\/p>\n<\/div>\n<\/div><\/div>\n<\/div>\n<\/div>\n\n<div class=\"et_pb_row_3 et_pb_row et_flex_row et_animated\">\n<div class=\"et_pb_column_5 et_pb_column et_flex_column et_pb_css_mix_blend_mode_passthrough et_flex_column_8_24 et_flex_column_8_24_tablet et_flex_column_24_24_phone\">\n<div class=\"et_pb_icon_2 et_pb_icon et_pb_module et_flex_module\"><span class=\"et_pb_icon_wrap\"><span class=\"et-pb-icon\">\uf1c9<\/span><\/span><\/div>\n<\/div>\n\n<div class=\"et_pb_column_6 et_pb_column et-last-child et_flex_column et_pb_css_mix_blend_mode_passthrough et_flex_column_16_24 et_flex_column_16_24_tablet et_flex_column_24_24_phone\">\n<div class=\"et_pb_text_5 et_pb_text et_pb_bg_layout_light et_pb_module et_flex_module\"><div class=\"et_pb_text_inner\"><h2>RESPOSTA ATIVA E ORQUESTRA\u00c7\u00c3O DE SEGURAN\u00c7A (SOAR)<\/h2>\n<p><span><\/span><\/p>\n<div class=\"et_pb_blurb_description\">\n<p>Atrav\u00e9s de plataformas de Orquestra\u00e7\u00e3o, Automatiza\u00e7\u00e3o e Resposta de Seguran\u00e7a (SOAR), os nossos analistas executam a\u00e7\u00f5es de conten\u00e7\u00e3o imediatas e automatizadas (isolamento de hosts, bloqueio de IPs, revoga\u00e7\u00e3o de credenciais) para travar o ataque antes que cause impacto.<\/p>\n<\/div>\n<\/div><\/div>\n<\/div>\n<\/div>\n\n<div class=\"et_pb_row_4 et_pb_row et_flex_row et_animated\">\n<div class=\"et_pb_column_7 et_pb_column et_flex_column et_pb_css_mix_blend_mode_passthrough et_flex_column_8_24 et_flex_column_8_24_tablet et_flex_column_24_24_phone\">\n<div class=\"et_pb_icon_3 et_pb_icon et_pb_module et_flex_module\"><span class=\"et_pb_icon_wrap\"><span class=\"et-pb-icon\">\uf3ed<\/span><\/span><\/div>\n<\/div>\n\n<div class=\"et_pb_column_8 et_pb_column et-last-child et_flex_column et_pb_css_mix_blend_mode_passthrough et_flex_column_16_24 et_flex_column_16_24_tablet et_flex_column_24_24_phone\">\n<div class=\"et_pb_text_6 et_pb_text et_pb_bg_layout_light et_pb_module et_flex_module\"><div class=\"et_pb_text_inner\"><h2 class=\"et_pb_module_header\">GEST\u00c3O CONT\u00cdNUA DE VULNERABILIDADES<\/h2>\n<p><span><\/span><\/p>\n<div class=\"et_pb_blurb_description\">\n<p>A seguran\u00e7a \u00e9 um estado din\u00e2mico. Realizamos an\u00e1lises cont\u00ednuas e prioriza\u00e7\u00e3o de riscos com base na explorabilidade real das vulnerabilidades no seu ambiente espec\u00edfico, orientando as suas equipas de IT a corrigir as falhas mais cr\u00edticas antes que sejam exploradas.<\/p>\n<\/div>\n<\/div><\/div>\n<\/div>\n<\/div>\n\n<div class=\"et_pb_row_5 et_pb_row et_flex_row et_animated\">\n<div class=\"et_pb_column_9 et_pb_column et_flex_column et_pb_css_mix_blend_mode_passthrough et_flex_column_8_24 et_flex_column_8_24_tablet et_flex_column_24_24_phone\">\n<div class=\"et_pb_icon_4 et_pb_icon et_pb_module et_flex_module\"><span class=\"et_pb_icon_wrap\"><span class=\"et-pb-icon\">\uf007<\/span><\/span><\/div>\n<\/div>\n\n<div class=\"et_pb_column_10 et_pb_column et-last-child et_flex_column et_pb_css_mix_blend_mode_passthrough et_flex_column_16_24 et_flex_column_16_24_tablet et_flex_column_24_24_phone\">\n<div class=\"et_pb_text_7 et_pb_text et_pb_bg_layout_light et_pb_module et_flex_module\"><div class=\"et_pb_text_inner\"><h2 class=\"et_pb_module_header\">OPERADORES VETERANOS E CAPACIDADE REAL TIER 1-2-3<\/h2>\n<p><span><\/span><\/p>\n<div class=\"et_pb_blurb_description\">\n<p>A tecnologia mais avan\u00e7ada exige o melhor julgamento humano. O nosso SOC n\u00e3o \u00e9 um call center; \u00e9 operado 24\/7 por analistas de seguran\u00e7a certificados, organizados por n\u00edveis de especializa\u00e7\u00e3o (Tier 1 a 3), garantindo que cada incidente \u00e9 tratado pelo especialista adequado no momento cr\u00edtico.<\/p>\n<\/div>\n<\/div><\/div>\n<\/div>\n<\/div>\n<\/div>","protected":false},"excerpt":{"rendered":"","protected":false},"author":1,"featured_media":0,"parent":17,"menu_order":0,"comment_status":"closed","ping_status":"closed","template":"","meta":{"footnotes":""},"class_list":["post-282","page","type-page","status-publish","hentry"],"_links":{"self":[{"href":"https:\/\/apeiroo.com\/pt\/wp-json\/wp\/v2\/pages\/282","targetHints":{"allow":["GET"]}}],"collection":[{"href":"https:\/\/apeiroo.com\/pt\/wp-json\/wp\/v2\/pages"}],"about":[{"href":"https:\/\/apeiroo.com\/pt\/wp-json\/wp\/v2\/types\/page"}],"author":[{"embeddable":true,"href":"https:\/\/apeiroo.com\/pt\/wp-json\/wp\/v2\/users\/1"}],"replies":[{"embeddable":true,"href":"https:\/\/apeiroo.com\/pt\/wp-json\/wp\/v2\/comments?post=282"}],"version-history":[{"count":12,"href":"https:\/\/apeiroo.com\/pt\/wp-json\/wp\/v2\/pages\/282\/revisions"}],"predecessor-version":[{"id":2359,"href":"https:\/\/apeiroo.com\/pt\/wp-json\/wp\/v2\/pages\/282\/revisions\/2359"}],"up":[{"embeddable":true,"href":"https:\/\/apeiroo.com\/pt\/wp-json\/wp\/v2\/pages\/17"}],"wp:attachment":[{"href":"https:\/\/apeiroo.com\/pt\/wp-json\/wp\/v2\/media?parent=282"}],"curies":[{"name":"wp","href":"https:\/\/api.w.org\/{rel}","templated":true}]}}