{"id":262,"date":"2026-02-03T11:29:46","date_gmt":"2026-02-03T10:29:46","guid":{"rendered":"https:\/\/ap4592jwt1io3f.apeiroo.com\/?page_id=262"},"modified":"2026-03-16T08:15:09","modified_gmt":"2026-03-16T07:15:09","slug":"avaliacoes","status":"publish","type":"page","link":"https:\/\/apeiroo.com\/pt\/cyberseguridad\/evaluaciones\/","title":{"rendered":"Avalia\u00e7\u00f5es"},"content":{"rendered":"<div class=\"et_pb_section_0 et_pb_section et_section_regular et_flex_section et_animated\">\n<div class=\"et_pb_row_0 et_pb_row et_flex_row\">\n<div class=\"et_pb_column_0 et_pb_column et-last-child et_flex_column et_pb_css_mix_blend_mode_passthrough et_flex_column_24_24 et_flex_column_24_24_tablet et_flex_column_24_24_phone\">\n<div class=\"et_pb_text_0 et_pb_text et_pb_bg_layout_light et_pb_module et_flex_module\"><div class=\"et_pb_text_inner\"><h1>Avalia\u00e7\u00f5es<\/h1>\n<\/div><\/div>\n\n<div class=\"et_pb_text_1 et_pb_text et_pb_bg_layout_light et_pb_module et_flex_module\"><div class=\"et_pb_text_inner\"><p style=\"text-align: justify;\">A evolu\u00e7\u00e3o do cibercrime deixou para tr\u00e1s a figura do hacker solit\u00e1rio, dando lugar a organiza\u00e7\u00f5es criminosas industrializadas e a atores estatais com capacidades tecnol\u00f3gicas ilimitadas. Hoje, a amea\u00e7a \u00e9 h\u00edbrida, automatizada e persistente.<\/p>\n<p style=\"text-align: justify;\">Na APEIROO, n\u00e3o nos limitamos a proteger a sua organiza\u00e7\u00e3o; concebemos a sua\u00a0<strong>resili\u00eancia<\/strong><strong>\u00a0<\/strong><strong>operacional<\/strong>. O nosso objetivo \u00e9 elevar a ciberseguran\u00e7a de um problema t\u00e9cnico a um facilitador estrat\u00e9gico do neg\u00f3cio. Alinhamos a defesa com os seus objetivos corporativos, refor\u00e7ando a competitividade e garantindo que a gest\u00e3o do risco seja proativa, e n\u00e3o reativa.<\/p>\n<p style=\"text-align: justify;\">Enfrentar este cen\u00e1rio requer uma interven\u00e7\u00e3o hol\u00edstica que transcende o departamento de sistemas. A APEIROO fornece o espectro completo de capacidades avan\u00e7adas em Seguran\u00e7a da Informa\u00e7\u00e3o, Intelig\u00eancia e Defesa Ativa.<\/p>\n<\/div><\/div>\n<\/div>\n<\/div>\n<\/div>\n\n<div class=\"et_pb_section_1 et_pb_section et_section_regular et_flex_section\">\n<div class=\"et_pb_row_1 et_pb_row et_flex_row\">\n<div class=\"et_pb_column_1 et_pb_column et_flex_column et_pb_css_mix_blend_mode_passthrough et_flex_column_8_24 et_flex_column_8_24_tablet et_flex_column_24_24_phone\">\n<div class=\"et_pb_icon_0 et_pb_icon et_pb_module et_flex_module\"><span class=\"et_pb_icon_wrap\"><span class=\"et-pb-icon\">R<\/span><\/span><\/div>\n<\/div>\n\n<div class=\"et_pb_column_2 et_pb_column et-last-child et_flex_column et_pb_css_mix_blend_mode_passthrough et_flex_column_16_24 et_flex_column_16_24_tablet et_flex_column_24_24_phone\">\n<div class=\"et_pb_text_2 et_pb_text et_pb_bg_layout_light et_pb_module et_flex_module\"><div class=\"et_pb_text_inner\"><h2 class=\"et_pb_module_header\">AUDITORIAS T\u00c9CNICAS AVAN\u00c7ADAS<\/h2>\n<p><span><\/span><\/p>\n<div class=\"et_pb_blurb_description\">\n<p><strong>Diagn\u00f3stico<\/strong><strong> de <\/strong><strong>Profundidade<\/strong><strong> e na <\/strong><strong>Superf\u00edcie<\/strong><strong> de <\/strong><strong>Ataque<\/strong><strong>.<\/strong>\u00a0Executamos revis\u00f5es de seguran\u00e7a exaustivas (Caixa Negra, Cinzenta e Branca) que v\u00e3o al\u00e9m da vulnerabilidade superficial. Analisamos a l\u00f3gica de neg\u00f3cio e a arquitetura de infraestruturas IT\/OT, bases de dados cr\u00edticas, aplica\u00e7\u00f5es web complexas e ambientes cloud nativos, identificando vetores de ataque que as ferramentas automatizadas ignoram.<\/p>\n<\/div>\n<\/div><\/div>\n<\/div>\n<\/div>\n\n<div class=\"et_pb_row_2 et_pb_row et_flex_row\">\n<div class=\"et_pb_column_3 et_pb_column et_flex_column et_pb_css_mix_blend_mode_passthrough et_flex_column_8_24 et_flex_column_8_24_tablet et_flex_column_24_24_phone\">\n<div class=\"et_pb_icon_1 et_pb_icon et_pb_module et_flex_module\"><span class=\"et_pb_icon_wrap\"><span class=\"et-pb-icon\">!<\/span><\/span><\/div>\n<\/div>\n\n<div class=\"et_pb_column_4 et_pb_column et-last-child et_flex_column et_pb_css_mix_blend_mode_passthrough et_flex_column_16_24 et_flex_column_16_24_tablet et_flex_column_24_24_phone\">\n<div class=\"et_pb_text_3 et_pb_text et_pb_bg_layout_light et_pb_module et_flex_module\"><div class=\"et_pb_text_inner\"><h2 class=\"et_pb_module_header\"><span>AMBIENTES DE MOBILIDADE<\/span><span><\/span><\/h2>\n<p><span><\/span><\/p>\n<div class=\"et_pb_blurb_description\">\n<p>Num contexto em que o per\u00edmetro f\u00edsico desapareceu, avaliamos o risco real do seu ecossistema m\u00f3vel. As nossas auditorias abrangem a totalidade dos dispositivos (smartphones, tablets, IoT, wearables) e as plataformas de gest\u00e3o (MDM\/UEM), garantindo que a mobilidade n\u00e3o se transforme na porta traseira da sua organiza\u00e7\u00e3o.<\/p>\n<\/div>\n<\/div><\/div>\n<\/div>\n<\/div>\n\n<div class=\"et_pb_row_3 et_pb_row et_flex_row\">\n<div class=\"et_pb_column_5 et_pb_column et_flex_column et_pb_css_mix_blend_mode_passthrough et_flex_column_8_24 et_flex_column_8_24_tablet et_flex_column_24_24_phone\">\n<div class=\"et_pb_icon_2 et_pb_icon et_pb_module et_flex_module\"><span class=\"et_pb_icon_wrap\"><span class=\"et-pb-icon\">\uf1eb<\/span><\/span><\/div>\n<\/div>\n\n<div class=\"et_pb_column_6 et_pb_column et-last-child et_flex_column et_pb_css_mix_blend_mode_passthrough et_flex_column_16_24 et_flex_column_16_24_tablet et_flex_column_24_24_phone\">\n<div class=\"et_pb_text_4 et_pb_text et_pb_bg_layout_light et_pb_module et_flex_module\"><div class=\"et_pb_text_inner\"><h2>REDES SEM FIOS E RF<\/h2>\n<p><span><\/span><\/p>\n<div class=\"et_pb_blurb_description\">\n<p>O ar \u00e9 um vetor cr\u00edtico. Analisamos a seguran\u00e7a das suas redes sem fios corporativas, sistemas de proximidade (RFID\/NFC) e protocolos IoT, identificando configura\u00e7\u00f5es inseguras, dispositivos n\u00e3o autorizados e potenciais pontos de interce\u00e7\u00e3o ou acesso indevido no espectro de radiofrequ\u00eancia.<\/p>\n<\/div>\n<\/div><\/div>\n<\/div>\n<\/div>\n\n<div class=\"et_pb_row_4 et_pb_row et_flex_row\">\n<div class=\"et_pb_column_7 et_pb_column et_flex_column et_pb_css_mix_blend_mode_passthrough et_flex_column_8_24 et_flex_column_8_24_tablet et_flex_column_24_24_phone\">\n<div class=\"et_pb_icon_3 et_pb_icon et_pb_module et_flex_module\"><span class=\"et_pb_icon_wrap\"><span class=\"et-pb-icon\">\uf3ed<\/span><\/span><\/div>\n<\/div>\n\n<div class=\"et_pb_column_8 et_pb_column et-last-child et_flex_column et_pb_css_mix_blend_mode_passthrough et_flex_column_16_24 et_flex_column_16_24_tablet et_flex_column_24_24_phone\">\n<div class=\"et_pb_text_5 et_pb_text et_pb_bg_layout_light et_pb_module et_flex_module\"><div class=\"et_pb_text_inner\"><h2 class=\"et_pb_module_header\">OPERA\u00c7\u00d5ES DE RED TEAM <\/h2>\n<p><span><\/span><\/p>\n<div class=\"et_pb_blurb_description\">\n<p>N\u00e3o procuramos vulnerabilidades te\u00f3ricas; simulamos um ataque real e sustentado. A nossa equipa de elite emula as T\u00e1ticas, T\u00e9cnicas e Procedimentos (TTPs) dos atores de amea\u00e7a mais sofisticados (APTs) para testar n\u00e3o apenas as suas defesas tecnol\u00f3gicas, mas tamb\u00e9m a real capacidade de dete\u00e7\u00e3o e resposta da sua organiza\u00e7\u00e3o perante uma intrus\u00e3o direcionada.<\/p>\n<\/div>\n<\/div><\/div>\n<\/div>\n<\/div>\n\n<div class=\"et_pb_row_5 et_pb_row et_flex_row\">\n<div class=\"et_pb_column_9 et_pb_column et_flex_column et_pb_css_mix_blend_mode_passthrough et_flex_column_8_24 et_flex_column_8_24_tablet et_flex_column_24_24_phone\">\n<div class=\"et_pb_icon_4 et_pb_icon et_pb_module et_flex_module\"><span class=\"et_pb_icon_wrap\"><span class=\"et-pb-icon\">\ue06c<\/span><\/span><\/div>\n<\/div>\n\n<div class=\"et_pb_column_10 et_pb_column et-last-child et_flex_column et_pb_css_mix_blend_mode_passthrough et_flex_column_16_24 et_flex_column_16_24_tablet et_flex_column_24_24_phone\">\n<div class=\"et_pb_text_6 et_pb_text et_pb_bg_layout_light et_pb_module et_flex_module\"><div class=\"et_pb_text_inner\"><h2 class=\"et_pb_module_header\">SECURIZA\u00c7\u00c3O DE INFRAESTRUTURAS<\/h2>\n<p><span><\/span><\/p>\n<div class=\"et_pb_blurb_description\">\n<p>Definimos e implementamos pol\u00edticas, configura\u00e7\u00f5es e linhas de base de seguran\u00e7a robustas para sistemas operativos, servi\u00e7os e dispositivos, minimizando a exposi\u00e7\u00e3o e aumentando drasticamente o custo para o atacante.<\/p>\n<\/div>\n<\/div><\/div>\n<\/div>\n<\/div>\n\n<div class=\"et_pb_row_6 et_pb_row et_flex_row\">\n<div class=\"et_pb_column_11 et_pb_column et_flex_column et_pb_css_mix_blend_mode_passthrough et_flex_column_8_24 et_flex_column_8_24_tablet et_flex_column_24_24_phone\">\n<div class=\"et_pb_icon_5 et_pb_icon et_pb_module et_flex_module\"><span class=\"et_pb_icon_wrap\"><span class=\"et-pb-icon\">\uf5fc<\/span><\/span><\/div>\n<\/div>\n\n<div class=\"et_pb_column_12 et_pb_column et-last-child et_flex_column et_pb_css_mix_blend_mode_passthrough et_flex_column_16_24 et_flex_column_16_24_tablet et_flex_column_24_24_phone\">\n<div class=\"et_pb_text_7 et_pb_text et_pb_bg_layout_light et_pb_module et_flex_module\"><div class=\"et_pb_text_inner\"><h2 class=\"et_pb_module_header\">ENGENHARIA INVERSA E AN\u00c1LISE DE FIRMWARE<\/h2>\n<p><span><\/span><\/p>\n<div class=\"et_pb_blurb_description\">\n<p>O nosso laborat\u00f3rio especializado realiza an\u00e1lise forense e engenharia inversa de hardware, firmware e bin\u00e1rios. Desmontamos a tecnologia de qualquer dispositivo cr\u00edtico (IoT, industrial, m\u00e9dico) para descobrir vulnerabilidades de baixo n\u00edvel, backdoors ocultos ou fragilidades no design do fabricante.<\/p>\n<\/div>\n<\/div><\/div>\n<\/div>\n<\/div>\n\n<div class=\"et_pb_row_7 et_pb_row et_flex_row\">\n<div class=\"et_pb_column_13 et_pb_column et_flex_column et_pb_css_mix_blend_mode_passthrough et_flex_column_8_24 et_flex_column_8_24_tablet et_flex_column_24_24_phone\">\n<div class=\"et_pb_icon_6 et_pb_icon et_pb_module et_flex_module\"><span class=\"et_pb_icon_wrap\"><span class=\"et-pb-icon\">\uf500<\/span><\/span><\/div>\n<\/div>\n\n<div class=\"et_pb_column_14 et_pb_column et-last-child et_flex_column et_pb_css_mix_blend_mode_passthrough et_flex_column_16_24 et_flex_column_16_24_tablet et_flex_column_24_24_phone\">\n<div class=\"et_pb_text_8 et_pb_text et_pb_bg_layout_light et_pb_module et_flex_module\"><div class=\"et_pb_text_inner\"><h2 class=\"et_pb_module_header\">A ENGENHARIA SOCIAL E FACTOR HUMANO<\/h2>\n<p><span><\/span><\/p>\n<div class=\"et_pb_blurb_description\">\n<p>A tecnologia mais avan\u00e7ada pode falhar perante um erro humano. Testamos o n\u00edvel real de sensibiliza\u00e7\u00e3o e maturidade da sua organiza\u00e7\u00e3o atrav\u00e9s de simula\u00e7\u00f5es sofisticadas de phishing, vishing (voz) e ataques direcionados (spear phishing), avaliando a resposta de diferentes fun\u00e7\u00f5es e perfis-chave face \u00e0 manipula\u00e7\u00e3o psicol\u00f3gica.<\/p>\n<\/div>\n<\/div><\/div>\n<\/div>\n<\/div>\n<\/div>","protected":false},"excerpt":{"rendered":"","protected":false},"author":1,"featured_media":0,"parent":17,"menu_order":0,"comment_status":"closed","ping_status":"closed","template":"","meta":{"footnotes":""},"class_list":["post-262","page","type-page","status-publish","hentry"],"_links":{"self":[{"href":"https:\/\/apeiroo.com\/pt\/wp-json\/wp\/v2\/pages\/262","targetHints":{"allow":["GET"]}}],"collection":[{"href":"https:\/\/apeiroo.com\/pt\/wp-json\/wp\/v2\/pages"}],"about":[{"href":"https:\/\/apeiroo.com\/pt\/wp-json\/wp\/v2\/types\/page"}],"author":[{"embeddable":true,"href":"https:\/\/apeiroo.com\/pt\/wp-json\/wp\/v2\/users\/1"}],"replies":[{"embeddable":true,"href":"https:\/\/apeiroo.com\/pt\/wp-json\/wp\/v2\/comments?post=262"}],"version-history":[{"count":15,"href":"https:\/\/apeiroo.com\/pt\/wp-json\/wp\/v2\/pages\/262\/revisions"}],"predecessor-version":[{"id":2478,"href":"https:\/\/apeiroo.com\/pt\/wp-json\/wp\/v2\/pages\/262\/revisions\/2478"}],"up":[{"embeddable":true,"href":"https:\/\/apeiroo.com\/pt\/wp-json\/wp\/v2\/pages\/17"}],"wp:attachment":[{"href":"https:\/\/apeiroo.com\/pt\/wp-json\/wp\/v2\/media?parent=262"}],"curies":[{"name":"wp","href":"https:\/\/api.w.org\/{rel}","templated":true}]}}