{"id":251,"date":"2026-02-03T10:58:33","date_gmt":"2026-02-03T09:58:33","guid":{"rendered":"https:\/\/ap4592jwt1io3f.apeiroo.com\/?page_id=251"},"modified":"2026-04-01T08:43:46","modified_gmt":"2026-04-01T06:43:46","slug":"politica-de-ciberseguranca","status":"publish","type":"page","link":"https:\/\/apeiroo.com\/pt\/nosotros\/politica-de-ciberseguridad\/","title":{"rendered":"POL\u00cdTICA DE CIBERSEGURAN\u00c7A"},"content":{"rendered":"<div class=\"et_pb_section_0 et_pb_section et_section_regular et_flex_section et_animated\">\n<div class=\"et_pb_row_0 et_pb_row et_flex_row\">\n<div class=\"et_pb_column_0 et_pb_column et-last-child et_flex_column et_pb_css_mix_blend_mode_passthrough et_flex_column_24_24 et_flex_column_24_24_tablet et_flex_column_24_24_phone\">\n<div class=\"et_pb_text_0 et_pb_text et_pb_bg_layout_light et_pb_module et_flex_module\"><div class=\"et_pb_text_inner\"><h1>POL\u00cdTICA DE<br \/><span style=\"color: #339966;\">CYBERSECURITY<\/span><\/h1>\n<p>\u00a0<\/p>\n<\/div><\/div>\n<\/div>\n<\/div>\n\n<div class=\"et_pb_row_1 et_pb_row et_flex_row et_animated\">\n<div class=\"et_pb_column_1 et_pb_column et-last-child et_flex_column et_pb_css_mix_blend_mode_passthrough et_flex_column_24_24 et_flex_column_24_24_tablet et_flex_column_24_24_phone\">\n<div class=\"et_pb_text_1 et_pb_text et_pb_bg_layout_light et_pb_module et_flex_module\"><div class=\"et_pb_text_inner\"><p><strong>APEIROO LABS, S.L.<\/strong><span>\u00a0<\/span>\u00e9 uma empresa de ciberseguran\u00e7a com mais de 20 anos de experi\u00eancia, cuja miss\u00e3o \u00e9 prevenir e gerir os riscos das pessoas e das organiza\u00e7\u00f5es atrav\u00e9s da prote\u00e7\u00e3o do seu ativo mais importante: a informa\u00e7\u00e3o.<\/p>\n<p><strong>APEIROO LABS, S.L.<\/strong><span> estabeleceu um Sistema de Gest\u00e3o integrado baseado em:<\/span><\/p>\n<ul>\n<li><span>UNE-ISO\/IEC 27001:2022 (Seguran\u00e7a da Informa\u00e7\u00e3o)<\/span><\/li>\n<li><span>UNE-ISO 9001:2015 (Qualidade)<\/span><\/li>\n<li><span>UNE-ISO\/IEC 20000-1:2018 (Gest\u00e3o de Servi\u00e7os de TI)<\/span><\/li>\n<li><span>Esquema Nacional de Seguran\u00e7a (ENS), conforme o Real Decreto 311\/2022<\/span><span><\/span><\/li>\n<\/ul>\n<p><span>com o objetivo de garantir a prote\u00e7\u00e3o da informa\u00e7\u00e3o, a qualidade dos servi\u00e7os e<br \/>a melhoria cont\u00ednua dos seus processos.<\/span><\/p>\n<p><span>O alcance destes sistemas estende-se a:<\/span><\/p>\n<ul>\n<li><span>Todos os sistemas de informa\u00e7\u00e3o (TIC) da organiza\u00e7\u00e3o.<\/span><\/li>\n<li><span>Todos os funcion\u00e1rios, colaboradores e terceiros.<\/span><\/li>\n<li><span>Todos os servi\u00e7os e projetos prestados pela organiza\u00e7\u00e3o.<\/span><span><\/span><span><\/span><\/li>\n<\/ul>\n<p><span>Em particular, o sistema de informa\u00e7\u00e3o d\u00e1 suporte aos processos de:<br \/><\/span><\/p>\n<ul>\n<li><span>Avalia\u00e7\u00f5es de seguran\u00e7a, testes de intrus\u00e3o, an\u00e1lise de vulnerabilidades, an\u00e1lise forense.<\/span><\/li>\n<li><span>Auditorias t\u00e9cnicas (c\u00f3digo, redes, wifi). Intelig\u00eancia e contra-intelig\u00eancia.<\/span><\/li>\n<li><span>Integra\u00e7\u00e3o, monitoriza\u00e7\u00e3o e gest\u00e3o de sistemas de seguran\u00e7a.<\/span><\/li>\n<li><span>Servi\u00e7os de consultoria em ciberseguran\u00e7a e conformidade regulamentar.<\/span><\/li>\n<\/ul>\n<p class=\"p1\"><b>APEIROO LABS, S.L.<span>\u00a0<\/span><\/b>estabelece como<span>\u00a0<\/span><b>Pol\u00edtica de seguran\u00e7a e qualidade<span>\u00a0<\/span><\/b>as seguintes diretrizes:<\/p>\n<ul>\n<li class=\"p1\">Dotar os colaboradores das compet\u00eancias e conhecimentos necess\u00e1rios ao adequado desempenho das suas fun\u00e7\u00f5es, promovendo a sensibiliza\u00e7\u00e3o e forma\u00e7\u00e3o em seguran\u00e7a da informa\u00e7\u00e3o.<\/li>\n<li class=\"p1\">Manter o compromisso com a melhoria cont\u00ednua dos processos, procedimentos, produtos e servi\u00e7os, atrav\u00e9s da utiliza\u00e7\u00e3o de indicadores de qualidade.<\/li>\n<li class=\"p1\">\n<p class=\"p1\">Utilizar procedimentos, metodologias e ferramentas de trabalho normalizadas e realizar auditorias internas para assegurar a sua correta aplica\u00e7\u00e3o.<\/p>\n<\/li>\n<li class=\"p1\">\n<p class=\"p1\">Manter atualizada a planifica\u00e7\u00e3o de todos os projetos, assegurando o respetivo acompanhamento e controlo, de forma a garantir o cumprimento dos objetivos estabelecidos em termos de prazo, custo e qualidade.<\/p>\n<\/li>\n<li class=\"p1\">\n<p class=\"p1\">Identificar e controlar os riscos dos projetos, implementando medidas de mitiga\u00e7\u00e3o ou conting\u00eancia.<\/p>\n<\/li>\n<li class=\"p1\">\n<p class=\"p1\">Garantir a correta implementa\u00e7\u00e3o dos requisitos acordados com o cliente e gerir de forma controlada qualquer altera\u00e7\u00e3o.<\/p>\n<\/li>\n<li class=\"p1\">\n<p class=\"p1\">Analisar as diferentes alternativas de solu\u00e7\u00e3o e selecionar, conceber e implementar a solu\u00e7\u00e3o que melhor se adeque \u00e0 funcionalidade requerida.<\/p>\n<\/li>\n<li class=\"p1\">\n<p class=\"p1\">Assegurar a disponibilidade dos sistemas de informa\u00e7\u00e3o, tanto nos servi\u00e7os prestados aos clientes como na gest\u00e3o interna.<\/p>\n<\/li>\n<li class=\"p1\">\n<p class=\"p1\">Garantir e validar com o cliente que o sistema cumpre a funcionalidade esperada.<\/p>\n<\/li>\n<li class=\"p1\">\n<p class=\"p1\">Assegurar a confidencialidade dos dados.<\/p>\n<\/li>\n<li class=\"p1\">\n<p class=\"p1\">Prevenir altera\u00e7\u00f5es indevidas da informa\u00e7\u00e3o.<\/p>\n<\/li>\n<li class=\"p1\">\n<p class=\"p1\">Controlar todas as altera\u00e7\u00f5es realizadas nos entreg\u00e1veis do projeto e assegurar a correta transi\u00e7\u00e3o dos desenvolvimentos para os ambientes produtivos do cliente.<\/p>\n<\/li>\n<li class=\"p1\">\n<p class=\"p1\">Cumprir a legisla\u00e7\u00e3o em vigor relativa aos sistemas de informa\u00e7\u00e3o, bem como todos os requisitos aplic\u00e1veis.<\/p>\n<\/li>\n<\/ul>\n<p>Esta Pol\u00edtica \u00e9 compreendida, implementada e mantida atualizada em todos os n\u00edveis da organiza\u00e7\u00e3o e conta com o total compromisso e apoio da Dire\u00e7\u00e3o da<span>\u00a0<\/span><strong>APEIROO LABS, S.L.<\/strong><strong><\/strong><\/p>\n<h1><span style=\"font-family: Poppins; font-weight: normal; font-size: x-large;\">QUADRO NORMATIVO<\/span><\/h1>\n<p>Um dos objetivos deve ser o de cumprir os requisitos legais aplic\u00e1veis e quaisquer outros requisitos que subscrevemos, para al\u00e9m dos compromissos assumidos com os clientes, bem como a sua atualiza\u00e7\u00e3o cont\u00ednua. Para tal, o quadro legal e regulamentar em que desenvolvemos as nossas atividades \u00e9:<\/p>\n<ul>\n<li>REGULAMENTO (UE) 2016\/679 DO PARLAMENTO EUROPEU E DO CONSELHO, de 27 de abril de 2016, relativo \u00e0 prote\u00e7\u00e3o das pessoas singulares no que diz respeito ao tratamento de dados pessoais e \u00e0 livre circula\u00e7\u00e3o desses dados.<\/li>\n<li>Lei Org\u00e2nica 3\/2018, de 5 de dezembro, de Prote\u00e7\u00e3o de Dados Pessoais e garantia dos direitos digitais.<br \/>Real Decreto Legislativo 1\/1996, de 12 de abril, Lei de Propriedade Intelectual.<br \/>Lei 2\/2019, de 1 de mar\u00e7o, que altera o texto refundido da Lei de Propriedade Intelectual, aprovado pelo Real Decreto Legislativo 1\/1996, de 12 de abril, e que incorpora \u00e0 ordem jur\u00eddica espanhola a Diretiva 2014\/26\/UE do Parlamento Europeu e do Conselho, de 26 de fevereiro de 2014, e a Diretiva (UE) 2017\/1564 do Parlamento Europeu e do Conselho, de 13 de setembro de 2017.<\/li>\n<li>Decreto-Lei 311\/2022, de 3 de maio, que regula o Esquema Nacional de Seguran\u00e7a.<\/li>\n<li>Lei 34\/2002, de 11 de julho, de Servi\u00e7os da Sociedade da Informa\u00e7\u00e3o e Com\u00e9rcio Eletr\u00f3nico (LSSI).<\/li>\n<li>Lei 40\/2015, de 1 de outubro, do Regime Jur\u00eddico do Setor P\u00fablico.<\/li>\n<li>Lei 39\/2015, de 1 de outubro, do Procedimento Administrativo Comum das Administra\u00e7\u00f5es P\u00fablicas.<\/li>\n<\/ul>\n<p>&nbsp;<\/p>\n<\/div><\/div>\n<\/div>\n<\/div>\n<\/div>","protected":false},"excerpt":{"rendered":"","protected":false},"author":1,"featured_media":0,"parent":14,"menu_order":0,"comment_status":"closed","ping_status":"closed","template":"","meta":{"footnotes":""},"class_list":["post-251","page","type-page","status-publish","hentry"],"_links":{"self":[{"href":"https:\/\/apeiroo.com\/pt\/wp-json\/wp\/v2\/pages\/251","targetHints":{"allow":["GET"]}}],"collection":[{"href":"https:\/\/apeiroo.com\/pt\/wp-json\/wp\/v2\/pages"}],"about":[{"href":"https:\/\/apeiroo.com\/pt\/wp-json\/wp\/v2\/types\/page"}],"author":[{"embeddable":true,"href":"https:\/\/apeiroo.com\/pt\/wp-json\/wp\/v2\/users\/1"}],"replies":[{"embeddable":true,"href":"https:\/\/apeiroo.com\/pt\/wp-json\/wp\/v2\/comments?post=251"}],"version-history":[{"count":10,"href":"https:\/\/apeiroo.com\/pt\/wp-json\/wp\/v2\/pages\/251\/revisions"}],"predecessor-version":[{"id":2517,"href":"https:\/\/apeiroo.com\/pt\/wp-json\/wp\/v2\/pages\/251\/revisions\/2517"}],"up":[{"embeddable":true,"href":"https:\/\/apeiroo.com\/pt\/wp-json\/wp\/v2\/pages\/14"}],"wp:attachment":[{"href":"https:\/\/apeiroo.com\/pt\/wp-json\/wp\/v2\/media?parent=251"}],"curies":[{"name":"wp","href":"https:\/\/api.w.org\/{rel}","templated":true}]}}