{"id":247,"date":"2026-02-03T10:46:34","date_gmt":"2026-02-03T09:46:34","guid":{"rendered":"https:\/\/ap4592jwt1io3f.apeiroo.com\/?page_id=247"},"modified":"2026-02-16T18:49:03","modified_gmt":"2026-02-16T17:49:03","slug":"inteligencia","status":"publish","type":"page","link":"https:\/\/apeiroo.com\/pt\/inteligencia\/","title":{"rendered":"Intelig\u00eancia"},"content":{"rendered":"<div class=\"et_pb_section_0 et_pb_section et_section_regular et_flex_section et_animated\">\n<div class=\"et_pb_row_0 et_pb_row et_flex_row\">\n<div class=\"et_pb_column_0 et_pb_column et-last-child et_flex_column et_pb_css_mix_blend_mode_passthrough et_flex_column_24_24 et_flex_column_24_24_tablet et_flex_column_24_24_phone\">\n<div class=\"et_pb_text_0 et_pb_text et_pb_bg_layout_light et_pb_module et_flex_module\"><div class=\"et_pb_text_inner\"><h1>INTELIG\u00caNCIA<\/h1>\n<\/div><\/div>\n<\/div>\n<\/div>\n<\/div>\n\n<div class=\"et_pb_section_1 et_pb_section et_section_regular et_flex_section et_animated\">\n<div class=\"et_pb_row_1 et_pb_row et_flex_row\">\n<div class=\"et_pb_column_1 et_pb_column et-last-child et_flex_column et_pb_css_mix_blend_mode_passthrough et_flex_column_24_24 et_flex_column_24_24_tablet et_flex_column_24_24_phone\">\n<div class=\"et_pb_text_1 et_pb_text et_pb_bg_layout_light et_pb_module et_flex_module\"><div class=\"et_pb_text_inner\"><p style=\"text-align: justify;\">A informa\u00e7\u00e3o j\u00e1 n\u00e3o \u00e9 apenas um ativo; \u00e9 o terreno onde se ganham ou perdem vantagens competitivas e onde se geram as amea\u00e7as mais cr\u00edticas.<\/p>\n<p style=\"text-align: justify;\">Na APEIROO, compreendemos que, neste ambiente vol\u00e1til, o desconhecimento do risco real e a profissionaliza\u00e7\u00e3o do cibercrime s\u00e3o vetores cr\u00edticos. A maioria das organiza\u00e7\u00f5es opera com pontos cegos, subestimando que as amea\u00e7as mais danosas frequentemente t\u00eam origem interna ou se ocultam sob camadas de complexidade corporativa.<\/p>\n<p style=\"text-align: justify;\">A nossa divis\u00e3o de Intelig\u00eancia e Investiga\u00e7\u00e3o n\u00e3o se limita a recolher dados. Transformamos o ru\u00eddo global em\u00a0<strong>intelig\u00eancia<\/strong><strong>\u00a0<\/strong><strong>acion\u00e1vel<\/strong>, permitindo \u00e0 sua organiza\u00e7\u00e3o antecipar a disrup\u00e7\u00e3o, validar decis\u00f5es cr\u00edticas e neutralizar riscos ocultos antes de se materializarem.<\/p>\n<\/div><\/div>\n<\/div>\n<\/div>\n<\/div>\n\n<div class=\"et_pb_section_2 et_pb_section et_section_regular et_flex_section\">\n<div class=\"et_pb_row_2 et_pb_row et_flex_row\">\n<div class=\"et_pb_column_2 et_pb_column et_flex_column et_pb_css_mix_blend_mode_passthrough et_flex_column_8_24 et_flex_column_8_24_tablet et_flex_column_24_24_phone\">\n<div class=\"et_pb_icon_0 et_pb_icon et_pb_module et_flex_module\"><span class=\"et_pb_icon_wrap\"><span class=\"et-pb-icon\">\uf5dc<\/span><\/span><\/div>\n<\/div>\n\n<div class=\"et_pb_column_3 et_pb_column et-last-child et_flex_column et_pb_css_mix_blend_mode_passthrough et_flex_column_16_24 et_flex_column_16_24_tablet et_flex_column_24_24_phone\">\n<div class=\"et_pb_text_2 et_pb_text et_pb_bg_layout_light et_pb_module et_flex_module\"><div class=\"et_pb_text_inner\"><h2 class=\"et_pb_module_header\">INTELIG\u00caNCIA ESTRAT\u00c9GICA E ANTECIPA\u00c7\u00c3O COMPETITIVA<\/h2>\n<p><span><\/span><\/p>\n<div class=\"et_pb_blurb_description\">\n<p>Compreender o presente n\u00e3o \u00e9 suficiente; \u00e9 necess\u00e1rio antecipar o futuro. Os nossos servi\u00e7os de intelig\u00eancia combinam vigil\u00e2ncia tecnol\u00f3gica avan\u00e7ada com an\u00e1lise competitiva para captar sinais fracos no ambiente global. Selecionamos, analisamos e destilamos informa\u00e7\u00e3o-chave proveniente do exterior e da pr\u00f3pria organiza\u00e7\u00e3o, transformando-a em conhecimento estrat\u00e9gico que lhe permite antecipar mudan\u00e7as disruptivas e responder a novos desafios com uma vantagem informativa superior.<\/p>\n<\/div>\n<\/div><\/div>\n<\/div>\n<\/div>\n\n<div class=\"et_pb_row_3 et_pb_row et_flex_row\">\n<div class=\"et_pb_column_4 et_pb_column et_flex_column et_pb_css_mix_blend_mode_passthrough et_flex_column_8_24 et_flex_column_8_24_tablet et_flex_column_24_24_phone\">\n<div class=\"et_pb_icon_1 et_pb_icon et_pb_module et_flex_module\"><span class=\"et_pb_icon_wrap\"><span class=\"et-pb-icon\">\uf0b1<\/span><\/span><\/div>\n<\/div>\n\n<div class=\"et_pb_column_5 et_pb_column et-last-child et_flex_column et_pb_css_mix_blend_mode_passthrough et_flex_column_16_24 et_flex_column_16_24_tablet et_flex_column_24_24_phone\">\n<div class=\"et_pb_text_3 et_pb_text et_pb_bg_layout_light et_pb_module et_flex_module\"><div class=\"et_pb_text_inner\"><h2 class=\"et_pb_module_header\">INVESTIGA\u00c7\u00d5ES CORPORATIVAS<\/h2>\n<p><span><\/span><\/p>\n<div class=\"et_pb_blurb_description\">\n<p>Em decis\u00f5es cr\u00edticas de contrata\u00e7\u00e3o ou parceria, a confian\u00e7a cega \u00e9 um risco inaceit\u00e1vel. Realizamos investiga\u00e7\u00f5es de antecedentes (vetting) exaustivas sobre indiv\u00edduos e entidades-chave, recorrendo a uma metodologia pr\u00f3pria e tecnologia avan\u00e7ada. Os nossos anos de experi\u00eancia em ambientes sens\u00edveis garantem um trabalho de rigor forense, discri\u00e7\u00e3o absoluta e efic\u00e1cia, concebido para validar a idoneidade e identificar potenciais conflitos de interesse ou hist\u00f3ricos ocultos em qualquer jurisdi\u00e7\u00e3o.<\/p>\n<\/div>\n<\/div><\/div>\n<\/div>\n<\/div>\n\n<div class=\"et_pb_row_4 et_pb_row et_flex_row\">\n<div class=\"et_pb_column_6 et_pb_column et_flex_column et_pb_css_mix_blend_mode_passthrough et_flex_column_8_24 et_flex_column_8_24_tablet et_flex_column_24_24_phone\">\n<div class=\"et_pb_icon_2 et_pb_icon et_pb_module et_flex_module\"><span class=\"et_pb_icon_wrap\"><span class=\"et-pb-icon\">\uf571<\/span><\/span><\/div>\n<\/div>\n\n<div class=\"et_pb_column_7 et_pb_column et-last-child et_flex_column et_pb_css_mix_blend_mode_passthrough et_flex_column_16_24 et_flex_column_16_24_tablet et_flex_column_24_24_phone\">\n<div class=\"et_pb_text_4 et_pb_text et_pb_bg_layout_light et_pb_module et_flex_module\"><div class=\"et_pb_text_inner\"><h2>RASTREIO DE ATIVOS E DISSIPA\u00c7\u00c3O PATRIMONIAL<\/h2>\n<p><span><\/span><\/p>\n<div class=\"et_pb_blurb_description\">\n<p>A oculta\u00e7\u00e3o de ativos tornou-se mais sofisticada atrav\u00e9s de estruturas offshore, interpostas pessoas, criptoativos e complexas redes societ\u00e1rias. A nossa equipa de investiga\u00e7\u00e3o, com acesso a fontes de informa\u00e7\u00e3o privilegiadas p\u00fablicas e privadas, \u00e9 especializada em desmontar estas estruturas. Detetamos dissipa\u00e7\u00e3o de bens, vendas simuladas e cadeias de empresas-ve\u00edculo para determinar a titularidade real dos ativos e recuperar o que pertence \u00e0 sua organiza\u00e7\u00e3o.<\/p>\n<\/div>\n<\/div><\/div>\n<\/div>\n<\/div>\n\n<div class=\"et_pb_row_5 et_pb_row et_flex_row\">\n<div class=\"et_pb_column_8 et_pb_column et_flex_column et_pb_css_mix_blend_mode_passthrough et_flex_column_8_24 et_flex_column_8_24_tablet et_flex_column_24_24_phone\">\n<div class=\"et_pb_icon_3 et_pb_icon et_pb_module et_flex_module\"><span class=\"et_pb_icon_wrap\"><span class=\"et-pb-icon\">\ue609<\/span><\/span><\/div>\n<\/div>\n\n<div class=\"et_pb_column_9 et_pb_column et-last-child et_flex_column et_pb_css_mix_blend_mode_passthrough et_flex_column_16_24 et_flex_column_16_24_tablet et_flex_column_24_24_phone\">\n<div class=\"et_pb_text_5 et_pb_text et_pb_bg_layout_light et_pb_module et_flex_module\"><div class=\"et_pb_text_inner\"><h2 class=\"et_pb_module_header\">DEEP DUE DILIGENCE PARA M&amp;A E INVESTIMENTOS <\/h2>\n<p><span><\/span><\/p>\n<div class=\"et_pb_blurb_description\">\n<p>Uma auditoria financeira padr\u00e3o n\u00e3o revela passivos reputacionais, exposi\u00e7\u00f5es na dark web ou riscos de contraintelig\u00eancia de uma empresa-alvo. Elaboramos relat\u00f3rios de \u201cDeep Due Diligence\u201d de elevado valor acrescentado para compradores ou vendedores. Analisamos fontes ocultas e a pegada digital profunda para identificar conting\u00eancias n\u00e3o declaradas que possam afetar drasticamente a valoriza\u00e7\u00e3o da opera\u00e7\u00e3o, a inten\u00e7\u00e3o de aquisi\u00e7\u00e3o ou as condi\u00e7\u00f5es contratuais.<\/p>\n<\/div>\n<\/div><\/div>\n<\/div>\n<\/div>\n\n<div class=\"et_pb_row_6 et_pb_row et_flex_row\">\n<div class=\"et_pb_column_10 et_pb_column et_flex_column et_pb_css_mix_blend_mode_passthrough et_flex_column_8_24 et_flex_column_8_24_tablet et_flex_column_24_24_phone\">\n<div class=\"et_pb_icon_4 et_pb_icon et_pb_module et_flex_module\"><span class=\"et_pb_icon_wrap\"><span class=\"et-pb-icon\">U<\/span><\/span><\/div>\n<\/div>\n\n<div class=\"et_pb_column_11 et_pb_column et-last-child et_flex_column et_pb_css_mix_blend_mode_passthrough et_flex_column_16_24 et_flex_column_16_24_tablet et_flex_column_24_24_phone\">\n<div class=\"et_pb_text_6 et_pb_text et_pb_bg_layout_light et_pb_module et_flex_module\"><div class=\"et_pb_text_inner\"><h2 class=\"et_pb_module_header\">INTELIG\u00caNCIA DE FONTES ABERTAS E DARK WEB (OSINT\/MINT)<\/h2>\n<p><span><\/span><\/p>\n<div class=\"et_pb_blurb_description\">\n<p>Dispomos de tecnologias propriet\u00e1rias que realizam a indexa\u00e7\u00e3o e an\u00e1lise cont\u00ednua de centenas de milhares de bases de dados, desde a surface web at\u00e9 f\u00f3runs privados na dark web. Monitorizamos fugas de informa\u00e7\u00e3o, credenciais expostas, configura\u00e7\u00f5es vulner\u00e1veis por omiss\u00e3o, men\u00e7\u00f5es em redes de cibercrime e a infraestrutura tecnol\u00f3gica associada aos seus dados, proporcionando alertas precoces sobre exposi\u00e7\u00f5es cr\u00edticas.<\/p>\n<\/div>\n<\/div><\/div>\n<\/div>\n<\/div>\n\n<div class=\"et_pb_row_7 et_pb_row et_flex_row\">\n<div class=\"et_pb_column_12 et_pb_column et_flex_column et_pb_css_mix_blend_mode_passthrough et_flex_column_8_24 et_flex_column_8_24_tablet et_flex_column_24_24_phone\">\n<div class=\"et_pb_icon_5 et_pb_icon et_pb_module et_flex_module\"><span class=\"et_pb_icon_wrap\"><span class=\"et-pb-icon\">\uf3ed<\/span><\/span><\/div>\n<\/div>\n\n<div class=\"et_pb_column_13 et_pb_column et-last-child et_flex_column et_pb_css_mix_blend_mode_passthrough et_flex_column_16_24 et_flex_column_16_24_tablet et_flex_column_24_24_phone\">\n<div class=\"et_pb_text_7 et_pb_text et_pb_bg_layout_light et_pb_module et_flex_module\"><div class=\"et_pb_text_inner\"><h2 class=\"et_pb_module_header\">CONTRAINTELIG\u00caNCIA CORPORATIVA E DEFESA ATIVA<\/h2>\n<p><span><\/span><\/p>\n<div class=\"et_pb_blurb_description\">\n<p>Num ambiente de concorr\u00eancia feroz, a sua propriedade intelectual e os seus segredos comerciais s\u00e3o alvos priorit\u00e1rios. Concebemos exclusivamente para a sua organiza\u00e7\u00e3o a\u00e7\u00f5es orientadas para prevenir, detetar e neutralizar atividades de espionagem industrial, sabotagem ou infiltra\u00e7\u00e3o por parte de terceiros ou atores internos. Oferecemos assessoria cont\u00ednua e relat\u00f3rios de acompanhamento para manter o seu ambiente livre de atividades hostis.<\/p>\n<\/div>\n<\/div><\/div>\n<\/div>\n<\/div>\n\n<div class=\"et_pb_row_8 et_pb_row et_flex_row\">\n<div class=\"et_pb_column_14 et_pb_column et_flex_column et_pb_css_mix_blend_mode_passthrough et_flex_column_8_24 et_flex_column_8_24_tablet et_flex_column_24_24_phone\">\n<div class=\"et_pb_icon_6 et_pb_icon et_pb_module et_flex_module\"><span class=\"et_pb_icon_wrap\"><span class=\"et-pb-icon\">\uf500<\/span><\/span><\/div>\n<\/div>\n\n<div class=\"et_pb_column_15 et_pb_column et-last-child et_flex_column et_pb_css_mix_blend_mode_passthrough et_flex_column_16_24 et_flex_column_16_24_tablet et_flex_column_24_24_phone\">\n<div class=\"et_pb_text_8 et_pb_text et_pb_bg_layout_light et_pb_module et_flex_module\"><div class=\"et_pb_text_inner\"><h2 class=\"et_pb_module_header\">ENGENHARIA DE SOLU\u00c7\u00d5ES DE INTELIG\u00caNCIA AD HOC <\/h2>\n<p><span><\/span><\/p>\n<div class=\"et_pb_blurb_description\">\n<p>Quando o problema n\u00e3o tem precedentes, criamos a solu\u00e7\u00e3o. A nossa equipa multidisciplinar de engenheiros, analistas de intelig\u00eancia e investigadores est\u00e1 preparada para desenvolver estrat\u00e9gias e ferramentas de recolha ajustadas aos seus requisitos mais complexos. O nosso enfoque \u00e9 altamente flex\u00edvel, adaptando e escalando as capacidades de intelig\u00eancia em fun\u00e7\u00e3o da evolu\u00e7\u00e3o da amea\u00e7a ou da necessidade ao longo do tempo.<\/p>\n<\/div>\n<\/div><\/div>\n<\/div>\n<\/div>\n<\/div>","protected":false},"excerpt":{"rendered":"","protected":false},"author":1,"featured_media":0,"parent":0,"menu_order":0,"comment_status":"closed","ping_status":"closed","template":"","meta":{"footnotes":""},"class_list":["post-247","page","type-page","status-publish","hentry"],"_links":{"self":[{"href":"https:\/\/apeiroo.com\/pt\/wp-json\/wp\/v2\/pages\/247","targetHints":{"allow":["GET"]}}],"collection":[{"href":"https:\/\/apeiroo.com\/pt\/wp-json\/wp\/v2\/pages"}],"about":[{"href":"https:\/\/apeiroo.com\/pt\/wp-json\/wp\/v2\/types\/page"}],"author":[{"embeddable":true,"href":"https:\/\/apeiroo.com\/pt\/wp-json\/wp\/v2\/users\/1"}],"replies":[{"embeddable":true,"href":"https:\/\/apeiroo.com\/pt\/wp-json\/wp\/v2\/comments?post=247"}],"version-history":[{"count":5,"href":"https:\/\/apeiroo.com\/pt\/wp-json\/wp\/v2\/pages\/247\/revisions"}],"predecessor-version":[{"id":739,"href":"https:\/\/apeiroo.com\/pt\/wp-json\/wp\/v2\/pages\/247\/revisions\/739"}],"wp:attachment":[{"href":"https:\/\/apeiroo.com\/pt\/wp-json\/wp\/v2\/media?parent=247"}],"curies":[{"name":"wp","href":"https:\/\/api.w.org\/{rel}","templated":true}]}}