{"id":242,"date":"2026-02-03T10:29:19","date_gmt":"2026-02-03T09:29:19","guid":{"rendered":"https:\/\/ap4592jwt1io3f.apeiroo.com\/?page_id=242"},"modified":"2026-02-18T12:04:39","modified_gmt":"2026-02-18T11:04:39","slug":"estamos-a-vossa-espera","status":"publish","type":"page","link":"https:\/\/apeiroo.com\/pt\/nosotros\/te-esperamos\/","title":{"rendered":"Esperamos por si"},"content":{"rendered":"<div class=\"et_pb_section_0 et_pb_section et_section_regular et_flex_section et_animated\">\n<div class=\"et_pb_row_0 et_pb_row et_flex_row\">\n<div class=\"et_pb_column_0 et_pb_column et-last-child et_flex_column et_pb_css_mix_blend_mode_passthrough et_flex_column_18_24 et_flex_column_18_24_tablet et_flex_column_24_24_phone\">\n<div class=\"et_pb_heading_0 et_pb_heading et_pb_module et_flex_module\"><div class=\"et_pb_heading_container\"><h1 class=\"et_pb_module_header\">JUNTAR-SE A<\/h1><\/div><\/div>\n\n<div class=\"et_pb_heading_1 et_pb_heading et_pb_module et_flex_module\"><div class=\"et_pb_heading_container\"><h1 class=\"et_pb_module_header\">EQUIPA GLOBAL<\/h1><\/div><\/div>\n\n<div class=\"et_pb_text_0 et_pb_text et_pb_bg_layout_light et_pb_module et_flex_module\"><div class=\"et_pb_text_inner\"><p>Quer fazer parte da solu\u00e7\u00e3o? Na APEIROO estamos em constante procura de talento, rigor anal\u00edtico e paix\u00e3o pela ciberseguran\u00e7a avan\u00e7ada, para integrar uma empresa \u00e1gil e em expans\u00e3o global.<\/p>\n<p>Procuramos profissionais que queiram juntar-se ao nosso projeto, que partilhem o nosso entusiasmo pela seguran\u00e7a e por um futuro repleto de desafios tecnol\u00f3gicos de alto n\u00edvel. Se pretende desenvolver-se, continuar a crescer e fazer parte de uma empresa onde a inova\u00e7\u00e3o \u00e9 constante, n\u00e3o hesite em juntar-se \u00e0 nossa equipa.<\/p>\n<p>Apresentamos abaixo as posi\u00e7\u00f5es atualmente em aberto. No entanto, a nossa porta est\u00e1 sempre aberta a talento excecional. Se considera que o seu perfil pode aportar valor estrat\u00e9gico \u00e0 nossa miss\u00e3o, n\u00e3o hesite em enviar-nos o seu CV, mesmo que as ofertas dispon\u00edveis n\u00e3o correspondam totalmente ao seu percurso.<\/p>\n<\/div><\/div>\n<\/div>\n<\/div>\n\n<div class=\"et_pb_row_1 et_pb_row et_flex_row et_animated\">\n<div class=\"et_pb_column_1 et_pb_column et_flex_column et_pb_css_mix_blend_mode_passthrough et_flex_column_3_24 et_flex_column_3_24_tablet et_flex_column_24_24_phone\">\n<div class=\"et_pb_icon_0 et_pb_icon et_pb_module et_flex_module\"><span class=\"et_pb_icon_wrap\"><span class=\"et-pb-icon\">\uf00c<\/span><\/span><\/div>\n<\/div>\n\n<div class=\"et_pb_column_2 et_pb_column et_flex_column et_pb_css_mix_blend_mode_passthrough et_flex_column_2_5 et_flex_column_2_5_tablet et_flex_column_24_24_phone\">\n<div class=\"et_pb_text_1 et_pb_text et_pb_bg_layout_light et_pb_module et_flex_module\"><div class=\"et_pb_text_inner\"><h1>Base<\/h1>\n<\/div><\/div>\n<\/div>\n\n<div class=\"et_pb_column_3 et_pb_column et_flex_column et_pb_css_mix_blend_mode_passthrough et_flex_column_2_5 et_flex_column_2_5_tablet et_flex_column_24_24_phone\">\n<div class=\"et_pb_text_2 et_pb_text et_pb_bg_layout_light et_pb_module et_flex_module\"><div class=\"et_pb_text_inner\"><ul>\n<li>Capacidade de elaborar relat\u00f3rios a n\u00edvel t\u00e9cnico e executivo.<\/li>\n<li>Flexibilidade para acompanhar o desenvolvimento da APEIROO.<\/li>\n<li>Capacidade de comunicar e escrever em espanhol.<\/li>\n<li>Bom n\u00edvel de ingl\u00eas.<\/li>\n<\/ul>\n<\/div><\/div>\n<\/div>\n\n<div class=\"et_pb_column_4 et_pb_column et-last-child et_flex_column et_pb_column_empty et_pb_css_mix_blend_mode_passthrough et_flex_column_3_24 et_flex_column_3_24_tablet et_flex_column_24_24_phone\"><\/div>\n<\/div>\n\n<div class=\"et_pb_row_2 et_pb_row et_flex_row et_animated\">\n<div class=\"et_pb_column_5 et_pb_column et_flex_column et_pb_css_mix_blend_mode_passthrough et_flex_column_3_24 et_flex_column_3_24_tablet et_flex_column_24_24_phone\">\n<div class=\"et_pb_icon_1 et_pb_icon et_pb_module et_flex_module\"><span class=\"et_pb_icon_wrap\"><span class=\"et-pb-icon\">\uf560<\/span><\/span><\/div>\n<\/div>\n\n<div class=\"et_pb_column_6 et_pb_column et_flex_column et_pb_css_mix_blend_mode_passthrough et_flex_column_2_5 et_flex_column_2_5_tablet et_flex_column_24_24_phone\">\n<div class=\"et_pb_text_3 et_pb_text et_pb_bg_layout_light et_pb_module et_flex_module\"><div class=\"et_pb_text_inner\"><h1>Importante<\/h1>\n<\/div><\/div>\n<\/div>\n\n<div class=\"et_pb_column_7 et_pb_column et_flex_column et_pb_css_mix_blend_mode_passthrough et_flex_column_2_5 et_flex_column_2_5_tablet et_flex_column_24_24_phone\">\n<div class=\"et_pb_text_4 et_pb_text et_pb_bg_layout_light et_pb_module et_flex_module\"><div class=\"et_pb_text_inner\"><ul>\n<li>Comunica\u00e7\u00e3o eficaz e cordialidade no relacionamento com clientes e parceiros.<\/li>\n<li>Esp\u00edrito de equipa.<\/li>\n<li>Motiva\u00e7\u00e3o, vontade de aprender, iniciativa, sentido de responsabilidade e boa capacidade de comunica\u00e7\u00e3o.<\/li>\n<li>Capacidade de gest\u00e3o e de resolu\u00e7\u00e3o de problemas.<\/li>\n<li>Paix\u00e3o pela tecnologia.<\/li>\n<\/ul>\n<\/div><\/div>\n<\/div>\n\n<div class=\"et_pb_column_8 et_pb_column et-last-child et_flex_column et_pb_column_empty et_pb_css_mix_blend_mode_passthrough et_flex_column_3_24 et_flex_column_3_24_tablet et_flex_column_24_24_phone\"><\/div>\n<\/div>\n<\/div>\n\n<div class=\"et_pb_section_1 et_pb_section et_section_regular et_flex_section\">\n<div class=\"et_pb_row_3 et_pb_row et_flex_row\">\n<div class=\"et_pb_column_9 et_pb_column et-last-child et_flex_column et_pb_css_mix_blend_mode_passthrough et_flex_column_24_24 et_flex_column_24_24_tablet et_flex_column_24_24_phone\">\n<div class=\"et_pb_accordion_0 et_pb_accordion et_pb_module et_flex_module\">\n<div class=\"et_pb_accordion_item_0 et_pb_accordion_item et_pb_toggle et_pb_module et_pb_toggle_open et_flex_module\"><h4 class=\"et_pb_toggle_title\">ANALISTA DE THREAT INTELLIGENCE <\/h4><div class=\"et_pb_toggle_content et_flex_module\"><p><strong>Miss\u00e3o<\/strong><\/p>\n<p><span>\u00a0<\/span>O seu trabalho di\u00e1rio consistir\u00e1 em transformar dados ca\u00f3ticos provenientes de f\u00f3runs il\u00edcitos e mercados negros em intelig\u00eancia estrat\u00e9gica e acion\u00e1vel que proteja os nossos ativos e os dos nossos clientes.<\/p>\n<ul>\n<li><strong>Investiga\u00e7\u00e3o proactiva:<\/strong>\u00a0Monitorizar f\u00f3runs da deep web e da dark web, bem como marketplaces il\u00edcitos, para acompanhar atores de amea\u00e7a e detetar tend\u00eancias emergentes.<\/li>\n<li><strong>Valida\u00e7\u00e3o de dados:<\/strong> Validar conjuntos de dados filtrados quanto \u00e0 autenticidade, atualidade e qualidade, avaliando o impacto real no neg\u00f3cio.<\/li>\n<li><strong>Relat\u00f3rios acion\u00e1veis:<\/strong>Relat\u00f3rios acion\u00e1veis: Elaborar relat\u00f3rios de intelig\u00eancia de elevada qualidade, adaptados tanto a equipas t\u00e9cnicas como a audi\u00eancias executivas.<\/li>\n<\/ul>\n<p><strong>O que procuramos<\/strong><\/p>\n<ul>\n<li><strong>Experi\u00eancia s\u00f3lida:<\/strong>Percurso comprovado em Threat Intelligence centrada em fugas de dados e ecossistemas de cibercriminalidade.<\/li>\n<li>Capacidade demonstrada para investigar f\u00f3runs da deep\/dark web e marketplaces il\u00edcitos, rastreando atores de amea\u00e7a e tend\u00eancias emergentes.<\/li>\n<li>Experi\u00eancia pr\u00e1tica com logs de infostealers, combo lists e formatos de bases de dados comprometidas para triagem e enriquecimento r\u00e1pidos.<\/li>\n<li><strong>Investiga\u00e7\u00e3o t\u00e9cnica:<\/strong>\u00a0Capacidade comprovada para navegar em marketplaces il\u00edcitos e acompanhar atores sofisticados<\/li>\n<li>Compet\u00eancia para validar datasets filtrados (autenticidade, vig\u00eancia e qualidade) e avaliar o impacto em clientes e no neg\u00f3cio.<\/li>\n<li><strong>Mentalidade OPSEC:<\/strong>Abordagem disciplinada para operar sob rigorosas limita\u00e7\u00f5es legais, \u00e9ticas e de seguran\u00e7a.<\/li>\n<li>Conforto na utiliza\u00e7\u00e3o de ferramentas OSINT e de automatiza\u00e7\u00e3o\/scripting (preferencialmente Python) para escalar a investiga\u00e7\u00e3o.<\/li>\n<\/ul>\n<p><strong>L\u00ednguas<\/strong><\/p>\n<p><strong><\/strong><\/p>\n<ul>\n<li><strong>Ingl\u00eas:<\/strong>\u00a0Obrigat\u00f3rio (\u00e9 estritamente exigido dom\u00ednio profissional completo, escrito e falado).<\/li>\n<li><strong>Russo, chin\u00eas ou \u00e1rabe:<\/strong> Muito valorizados. O dom\u00ednio de um ou mais destes idiomas constitui uma vantagem competitiva significativa para atuar em ecossistemas de atores de amea\u00e7a de elevado n\u00edvel.<\/li>\n<\/ul>\n<\/div><\/div>\n\n<div class=\"et_pb_accordion_item_1 et_pb_accordion_item et_pb_toggle et_pb_module et_pb_toggle_close et_flex_module\"><h4 class=\"et_pb_toggle_title\">INTEGRADOR\/ADMINISTRADOR DE SISTEMAS<\/h4><div class=\"et_pb_toggle_content et_flex_module\"><p><span>Participar\u00e1 na gest\u00e3o de projetos, intervindo em todas as fases, incluindo a implementa\u00e7\u00e3o, desenvolvimento e suporte de produtos no cliente.<\/span><\/p>\n<ul>\n<li>2 anos de experi\u00eancia m\u00ednima em fun\u00e7\u00f5es semelhantes<\/li>\n<li>Windows Server, GPOs, System Center, SQL Server, etc.<\/li>\n<li>VMware, Hyper-V.<\/li>\n<li>Sistemas de c\u00f3pia de seguran\u00e7a: Veeam Backup, Microsoft DPM, etc.<\/li>\n<li>Office 365 e Azure.<\/li>\n<li>Redes LAN \/ WiFi: Routers, Switches, Firewalls, Appliance\/UTM: HPE Aruba, WatchGuard, Fortinet, Mikrotik, Ubiquiti, etc.<\/li>\n<li>Experi\u00eancia em apoio t\u00e9cnico aos utilizadores<\/li>\n<\/ul>\n<\/div><\/div>\n<\/div>\n<\/div>\n<\/div>\n<\/div>","protected":false},"excerpt":{"rendered":"","protected":false},"author":1,"featured_media":0,"parent":14,"menu_order":0,"comment_status":"closed","ping_status":"closed","template":"","meta":{"footnotes":""},"class_list":["post-242","page","type-page","status-publish","hentry"],"_links":{"self":[{"href":"https:\/\/apeiroo.com\/pt\/wp-json\/wp\/v2\/pages\/242","targetHints":{"allow":["GET"]}}],"collection":[{"href":"https:\/\/apeiroo.com\/pt\/wp-json\/wp\/v2\/pages"}],"about":[{"href":"https:\/\/apeiroo.com\/pt\/wp-json\/wp\/v2\/types\/page"}],"author":[{"embeddable":true,"href":"https:\/\/apeiroo.com\/pt\/wp-json\/wp\/v2\/users\/1"}],"replies":[{"embeddable":true,"href":"https:\/\/apeiroo.com\/pt\/wp-json\/wp\/v2\/comments?post=242"}],"version-history":[{"count":15,"href":"https:\/\/apeiroo.com\/pt\/wp-json\/wp\/v2\/pages\/242\/revisions"}],"predecessor-version":[{"id":796,"href":"https:\/\/apeiroo.com\/pt\/wp-json\/wp\/v2\/pages\/242\/revisions\/796"}],"up":[{"embeddable":true,"href":"https:\/\/apeiroo.com\/pt\/wp-json\/wp\/v2\/pages\/14"}],"wp:attachment":[{"href":"https:\/\/apeiroo.com\/pt\/wp-json\/wp\/v2\/media?parent=242"}],"curies":[{"name":"wp","href":"https:\/\/api.w.org\/{rel}","templated":true}]}}