{"id":226,"date":"2026-02-03T10:11:27","date_gmt":"2026-02-03T09:11:27","guid":{"rendered":"https:\/\/ap4592jwt1io3f.apeiroo.com\/?page_id=226"},"modified":"2026-02-13T10:43:18","modified_gmt":"2026-02-13T09:43:18","slug":"parcerias","status":"publish","type":"page","link":"https:\/\/apeiroo.com\/pt\/nosotros\/alianzas\/","title":{"rendered":"Alian\u00e7as"},"content":{"rendered":"<div class=\"et_pb_section_0 et_pb_section et_section_regular et_flex_section et_animated\">\n<div class=\"et_pb_row_0 et_pb_row et_flex_row\">\n<div class=\"et_pb_column_0 et_pb_column et-last-child et_flex_column et_pb_css_mix_blend_mode_passthrough et_flex_column_24_24 et_flex_column_24_24_tablet et_flex_column_24_24_phone\">\n<div class=\"et_pb_text_0 et_pb_text et_pb_bg_layout_light et_pb_module et_flex_module\"><div class=\"et_pb_text_inner\"><h1>ECOSSISTEMA <br \/><span style=\"color:#000;\">ESTRAT\u00c9GICO<\/h1>\n<p>\u00a0<\/p>\n<p>A complexidade dos desafios atuais n\u00e3o admite solu\u00e7\u00f5es gen\u00e9ricas. Os nossos clientes exigem uma inova\u00e7\u00e3o que antecipe o futuro, e na APEIROO sabemos que a excel\u00eancia n\u00e3o se alcan\u00e7a isoladamente.<\/p>\n<p>Orquestr\u00e1mos um ecossistema de alian\u00e7as com l\u00edderes incontest\u00e1veis em cada nicho tecnol\u00f3gico e de intelig\u00eancia. N\u00e3o procuramos \u201cparceiros\u201d transacionais; constru\u00edmos rela\u00e7\u00f5es simbi\u00f3ticas de longo prazo, assentes numa transpar\u00eancia radical e numa integra\u00e7\u00e3o operacional profunda.\n\nMais do que colaboradores, s\u00e3o uma extens\u00e3o das nossas capacidades, com quem partilhamos uma vis\u00e3o \u00fanica e um compromisso inabal\u00e1vel com a sua seguran\u00e7a.<\/p>\n<\/div><\/div>\n<\/div>\n<\/div>\n<\/div>\n\n<div class=\"et_pb_section_1 et_pb_section et_section_regular et_flex_section\">\n<div class=\"et_pb_row_1 et_pb_row et_flex_row\">\n<div class=\"et_pb_column_1 et_pb_column et-last-child et_flex_column et_pb_css_mix_blend_mode_passthrough et_flex_column_24_24 et_flex_column_24_24_tablet et_flex_column_24_24_phone\">\n<div class=\"et_pb_group_carousel_0 et_pb_group_carousel et_pb_group et_pb_module et_pb_group_carousel_arrows_outside et_pb_group_carousel_dots_center et_pb_group_carousel_dots_below et_pb_group_carousel_slides_4\"><div class=\"et_pb_group_carousel_container\"><div class=\"et_pb_group_carousel_track\"><div class=\"et_pb_group_carousel_slide\"><div class=\"et_pb_group_0 et_pb_group et_pb_module et_flex_group et_pb_css_mix_blend_mode_passthrough\">\n<div class=\"et_pb_image_0 et_pb_image et_pb_module et_flex_module\"><span class=\"et_pb_image_wrap\"><img loading=\"lazy\" decoding=\"async\" src=\"https:\/\/apeiroo.com\/wp-content\/uploads\/2026\/02\/1-sekura.541b2ac6.jpg\" title=\"1-sekura.541b2ac6\" width=\"640\" height=\"450\" srcset=\"https:\/\/apeiroo.com\/wp-content\/uploads\/2026\/02\/1-sekura.541b2ac6.jpg 640w, https:\/\/apeiroo.com\/wp-content\/uploads\/2026\/02\/1-sekura.541b2ac6-480x338.jpg 480w\" sizes=\"(min-width: 0px) and (max-width: 480px) 480px, (min-width: 481px) 640px, 100vw\" class=\"wp-image-237\" \/><\/span><\/div>\n<\/div><\/div><div class=\"et_pb_group_carousel_slide\"><div class=\"et_pb_group_1 et_pb_group et_pb_module et_flex_group et_pb_css_mix_blend_mode_passthrough\">\n<div class=\"et_pb_image_1 et_pb_image et_pb_module et_flex_module\"><span class=\"et_pb_image_wrap\"><img loading=\"lazy\" decoding=\"async\" src=\"https:\/\/apeiroo.com\/wp-content\/uploads\/2026\/02\/Wazuh_logo.png\" title=\"Wazuh_logo\" width=\"640\" height=\"450\" srcset=\"https:\/\/apeiroo.com\/wp-content\/uploads\/2026\/02\/Wazuh_logo.png 640w, https:\/\/apeiroo.com\/wp-content\/uploads\/2026\/02\/Wazuh_logo-480x338.png 480w\" sizes=\"(min-width: 0px) and (max-width: 480px) 480px, (min-width: 481px) 640px, 100vw\" class=\"wp-image-236\" \/><\/span><\/div>\n<\/div><\/div><div class=\"et_pb_group_carousel_slide\"><div class=\"et_pb_group_2 et_pb_group et_pb_module et_flex_group et_pb_css_mix_blend_mode_passthrough\">\n<div class=\"et_pb_image_2 et_pb_image et_pb_module et_flex_module\"><span class=\"et_pb_image_wrap\"><img loading=\"lazy\" decoding=\"async\" src=\"https:\/\/apeiroo.com\/wp-content\/uploads\/2026\/02\/4-countercraft.a4c327bc.jpg\" title=\"4-countercraft.a4c327bc\" width=\"640\" height=\"450\" srcset=\"https:\/\/apeiroo.com\/wp-content\/uploads\/2026\/02\/4-countercraft.a4c327bc.jpg 640w, https:\/\/apeiroo.com\/wp-content\/uploads\/2026\/02\/4-countercraft.a4c327bc-480x338.jpg 480w\" sizes=\"(min-width: 0px) and (max-width: 480px) 480px, (min-width: 481px) 640px, 100vw\" class=\"wp-image-235\" \/><\/span><\/div>\n<\/div><\/div><div class=\"et_pb_group_carousel_slide\"><div class=\"et_pb_group_3 et_pb_group et_pb_module et_flex_group et_pb_css_mix_blend_mode_passthrough\">\n<div class=\"et_pb_image_3 et_pb_image et_pb_module et_flex_module\"><span class=\"et_pb_image_wrap\"><img loading=\"lazy\" decoding=\"async\" src=\"https:\/\/apeiroo.com\/wp-content\/uploads\/2026\/02\/brainslab_logo.png\" title=\"log\u00f3tipo_do_brainslab\" width=\"640\" height=\"450\" srcset=\"https:\/\/apeiroo.com\/wp-content\/uploads\/2026\/02\/brainslab_logo.png 640w, https:\/\/apeiroo.com\/wp-content\/uploads\/2026\/02\/brainslab_logo-480x338.png 480w\" sizes=\"(min-width: 0px) and (max-width: 480px) 480px, (min-width: 481px) 640px, 100vw\" class=\"wp-image-234\" \/><\/span><\/div>\n<\/div><\/div><div class=\"et_pb_group_carousel_slide\"><div class=\"et_pb_group_4 et_pb_group et_pb_module et_flex_group et_pb_css_mix_blend_mode_passthrough\">\n<div class=\"et_pb_image_4 et_pb_image et_pb_module et_flex_module\"><span class=\"et_pb_image_wrap\"><img loading=\"lazy\" decoding=\"async\" src=\"https:\/\/apeiroo.com\/wp-content\/uploads\/2026\/02\/5-leetsecurity.bcd7800b-1.jpg\" title=\"5-leetsecurity.bcd7800b-1\" width=\"640\" height=\"450\" srcset=\"https:\/\/apeiroo.com\/wp-content\/uploads\/2026\/02\/5-leetsecurity.bcd7800b-1.jpg 640w, https:\/\/apeiroo.com\/wp-content\/uploads\/2026\/02\/5-leetsecurity.bcd7800b-1-480x338.jpg 480w\" sizes=\"(min-width: 0px) and (max-width: 480px) 480px, (min-width: 481px) 640px, 100vw\" class=\"wp-image-233\" \/><\/span><\/div>\n<\/div><\/div><div class=\"et_pb_group_carousel_slide\"><div class=\"et_pb_group_5 et_pb_group et_pb_module et_flex_group et_pb_css_mix_blend_mode_passthrough\">\n<div class=\"et_pb_image_5 et_pb_image et_pb_module et_flex_module\"><span class=\"et_pb_image_wrap\"><img loading=\"lazy\" decoding=\"async\" src=\"https:\/\/apeiroo.com\/wp-content\/uploads\/2026\/02\/7-techerox.5f7e9f5e.jpg\" title=\"7-techerox.5f7e9f5e\" width=\"640\" height=\"450\" srcset=\"https:\/\/apeiroo.com\/wp-content\/uploads\/2026\/02\/7-techerox.5f7e9f5e.jpg 640w, https:\/\/apeiroo.com\/wp-content\/uploads\/2026\/02\/7-techerox.5f7e9f5e-480x338.jpg 480w\" sizes=\"(min-width: 0px) and (max-width: 480px) 480px, (min-width: 481px) 640px, 100vw\" class=\"wp-image-232\" \/><\/span><\/div>\n<\/div><\/div><div class=\"et_pb_group_carousel_slide\"><div class=\"et_pb_group_6 et_pb_group et_pb_module et_flex_group et_pb_css_mix_blend_mode_passthrough\">\n<div class=\"et_pb_image_6 et_pb_image et_pb_module et_flex_module\"><span class=\"et_pb_image_wrap\"><img loading=\"lazy\" decoding=\"async\" src=\"https:\/\/apeiroo.com\/wp-content\/uploads\/2026\/02\/ingertec_logo.png\" title=\"ingertec_logo\" width=\"640\" height=\"450\" srcset=\"https:\/\/apeiroo.com\/wp-content\/uploads\/2026\/02\/ingertec_logo.png 640w, https:\/\/apeiroo.com\/wp-content\/uploads\/2026\/02\/ingertec_logo-480x338.png 480w\" sizes=\"(min-width: 0px) and (max-width: 480px) 480px, (min-width: 481px) 640px, 100vw\" class=\"wp-image-231\" \/><\/span><\/div>\n<\/div><\/div><div class=\"et_pb_group_carousel_slide\"><div class=\"et_pb_group_7 et_pb_group et_pb_module et_flex_group et_pb_css_mix_blend_mode_passthrough\">\n<div class=\"et_pb_image_7 et_pb_image et_pb_module et_flex_module\"><span class=\"et_pb_image_wrap\"><img loading=\"lazy\" decoding=\"async\" src=\"https:\/\/apeiroo.com\/wp-content\/uploads\/2026\/02\/atlas.jpg\" title=\"atlas\" width=\"640\" height=\"450\" srcset=\"https:\/\/apeiroo.com\/wp-content\/uploads\/2026\/02\/atlas.jpg 640w, https:\/\/apeiroo.com\/wp-content\/uploads\/2026\/02\/atlas-480x338.jpg 480w\" sizes=\"(min-width: 0px) and (max-width: 480px) 480px, (min-width: 481px) 640px, 100vw\" class=\"wp-image-230\" \/><\/span><\/div>\n<\/div><\/div><div class=\"et_pb_group_carousel_slide\"><div class=\"et_pb_group_8 et_pb_group et-last-child et_pb_module et_flex_group et_pb_css_mix_blend_mode_passthrough\">\n<div class=\"et_pb_image_8 et_pb_image et_pb_module et_flex_module\"><span class=\"et_pb_image_wrap\"><img loading=\"lazy\" decoding=\"async\" src=\"https:\/\/apeiroo.com\/wp-content\/uploads\/2026\/02\/wolf_logo_black-1.png\" title=\"wolf_logo_black-1\" width=\"640\" height=\"450\" srcset=\"https:\/\/apeiroo.com\/wp-content\/uploads\/2026\/02\/wolf_logo_black-1.png 640w, https:\/\/apeiroo.com\/wp-content\/uploads\/2026\/02\/wolf_logo_black-1-480x338.png 480w\" sizes=\"(min-width: 0px) and (max-width: 480px) 480px, (min-width: 481px) 640px, 100vw\" class=\"wp-image-229\" \/><\/span><\/div>\n<\/div><\/div><\/div><\/div><span class=\"et_pb_group_carousel_arrow et_pb_group_carousel_arrow_prev\" role=\"button\" tabindex=\"0\" aria-label=\"Deslizamento anterior\"><span class=\"et-pb-icon\">4<\/span><\/span><span class=\"et_pb_group_carousel_arrow et_pb_group_carousel_arrow_next\" role=\"button\" tabindex=\"0\" aria-label=\"Pr\u00f3ximo slide\"><span class=\"et-pb-icon\">5<\/span><\/span><div class=\"et_pb_group_carousel_dots\"><\/div><\/div>\n<\/div>\n<\/div>\n<\/div>","protected":false},"excerpt":{"rendered":"","protected":false},"author":1,"featured_media":0,"parent":14,"menu_order":0,"comment_status":"closed","ping_status":"closed","template":"","meta":{"footnotes":""},"class_list":["post-226","page","type-page","status-publish","hentry"],"_links":{"self":[{"href":"https:\/\/apeiroo.com\/pt\/wp-json\/wp\/v2\/pages\/226","targetHints":{"allow":["GET"]}}],"collection":[{"href":"https:\/\/apeiroo.com\/pt\/wp-json\/wp\/v2\/pages"}],"about":[{"href":"https:\/\/apeiroo.com\/pt\/wp-json\/wp\/v2\/types\/page"}],"author":[{"embeddable":true,"href":"https:\/\/apeiroo.com\/pt\/wp-json\/wp\/v2\/users\/1"}],"replies":[{"embeddable":true,"href":"https:\/\/apeiroo.com\/pt\/wp-json\/wp\/v2\/comments?post=226"}],"version-history":[{"count":7,"href":"https:\/\/apeiroo.com\/pt\/wp-json\/wp\/v2\/pages\/226\/revisions"}],"predecessor-version":[{"id":547,"href":"https:\/\/apeiroo.com\/pt\/wp-json\/wp\/v2\/pages\/226\/revisions\/547"}],"up":[{"embeddable":true,"href":"https:\/\/apeiroo.com\/pt\/wp-json\/wp\/v2\/pages\/14"}],"wp:attachment":[{"href":"https:\/\/apeiroo.com\/pt\/wp-json\/wp\/v2\/media?parent=226"}],"curies":[{"name":"wp","href":"https:\/\/api.w.org\/{rel}","templated":true}]}}