{"id":14,"date":"2026-01-12T12:26:46","date_gmt":"2026-01-12T11:26:46","guid":{"rendered":"https:\/\/ap4592jwt1io3f.apeiroo.com\/?page_id=14"},"modified":"2026-03-05T16:55:46","modified_gmt":"2026-03-05T15:55:46","slug":"nos","status":"publish","type":"page","link":"https:\/\/apeiroo.com\/pt\/nosotros\/","title":{"rendered":"N\u00f3s"},"content":{"rendered":"<div class=\"et_pb_section_0 et_pb_section et_section_regular et_flex_section et_animated\">\n<div class=\"et_pb_row_0 et_pb_row et_flex_row et_animated\">\n<div class=\"et_pb_column_0 et_pb_column et-last-child et_flex_column et_pb_css_mix_blend_mode_passthrough et_flex_column_24_24 et_flex_column_24_24_tablet et_flex_column_24_24_phone\">\n<div class=\"et_pb_text_0 et_pb_text et_pb_bg_layout_light et_pb_module et_flex_module\"><div class=\"et_pb_text_inner\"><h2><strong>A nossa <span style=\"color: #339966;\">filosofia<\/span><\/strong><\/h2>\n<\/div><\/div>\n\n<div class=\"et_pb_text_1 et_pb_text et_pb_bg_layout_light et_pb_module et_flex_module\"><div class=\"et_pb_text_inner\"><p style=\"text-align: justify;\">Na <strong>APEIROO<\/strong>, compreendemos que, no atual ambiente vol\u00e1til, a seguran\u00e7a n\u00e3o \u00e9 um estado final, mas sim um processo din\u00e2mico de adapta\u00e7\u00e3o. Somos uma empresa global que combina intelig\u00eancia e inova\u00e7\u00e3o para transformar a gest\u00e3o do risco numa vantagem competitiva.<\/p>\n<p style=\"text-align: justify;\">O nosso modelo n\u00e3o se baseia em \u201ctapar falhas\u201d, mas em construir organiza\u00e7\u00f5es resilientes desde a conce\u00e7\u00e3o. Desenvolvemos solu\u00e7\u00f5es \u00e0 medida que otimizam recursos e antecipam amea\u00e7as, protegendo n\u00e3o apenas os ativos e os dados, mas tamb\u00e9m a continuidade operacional e a confian\u00e7a das pessoas.<\/p>\n<p style=\"text-align: justify;\">Acreditamos numa responsabilidade corporativa ativa: a capacidade de oferecer respostas inovadoras e precisas perante desafios que evoluem em tempo real.<\/p>\n<\/div><\/div>\n<\/div>\n<\/div>\n<\/div>\n\n<div class=\"et_pb_section_1 et_pb_section et_section_regular et_flex_section et_animated\">\n<div class=\"et_pb_row_1 et_pb_row et_flex_row\">\n<div class=\"et_pb_column_1 et_pb_column et-last-child et_flex_column et_pb_css_mix_blend_mode_passthrough et_flex_column_24_24 et_flex_column_24_24_tablet et_flex_column_24_24_phone\">\n<div class=\"et_pb_code_0 et_pb_code et_pb_module\"><div class=\"et_pb_code_inner\">\n\n\n\n\n\n    <iframe loading=\"lazy\" src=\"https:\/\/apeiroo.com\/iframes\/roadmap-pt\/\" width=\"100%\" height=\"1100\" frameborder=\"0\" style=\"border:0;\" allowfullscreen><\/iframe>\n\n\n\n\n\n<\/div><\/div>\n<\/div>\n<\/div>\n<\/div>\n\n<div class=\"et_pb_section_2 et_pb_section et_section_regular et_flex_section et_animated\">\n<div class=\"et_pb_row_2 et_pb_row et_flex_row\">\n<div class=\"et_pb_column_2 et_pb_column et-last-child et_flex_column et_pb_css_mix_blend_mode_passthrough et_flex_column_24_24 et_flex_column_24_24_tablet et_flex_column_24_24_phone\">\n<div class=\"et_pb_text_2 et_pb_text et_pb_bg_layout_light et_pb_module et_flex_module\"><div class=\"et_pb_text_inner\"><p style=\"text-align: center;\">Trabalhamos pela melhoria cont\u00ednua da seguran\u00e7a, criando cultura, atribuindo adequadamente as responsabilidades e contando com uma equipa capaz de gerir os resultados de forma eficaz. Uma gest\u00e3o respons\u00e1vel \u00e9 o pilar da nossa sustentabilidade econ\u00f3mica.<\/p>\n<\/div><\/div>\n\n<div class=\"et_pb_blurb_0 et_pb_blurb et_pb_bg_layout_light et_pb_blurb_position_left et_pb_module et_flex_module\"><div class=\"et_pb_blurb_content et_flex_module\"><div class=\"et_pb_main_blurb_image\"><span class=\"et_pb_image_wrap et_pb_only_image_mode_wrap\"><img loading=\"lazy\" decoding=\"async\" src=\"https:\/\/apeiroo.com\/wp-content\/uploads\/2026\/01\/Recurso-35@3x-scaled.png\" width=\"2560\" height=\"989\" srcset=\"https:\/\/apeiroo.com\/wp-content\/uploads\/2026\/01\/Recurso-35@3x-scaled.png 2560w, https:\/\/apeiroo.com\/wp-content\/uploads\/2026\/01\/Recurso-35@3x-1280x495.png 1280w, https:\/\/apeiroo.com\/wp-content\/uploads\/2026\/01\/Recurso-35@3x-980x379.png 980w, https:\/\/apeiroo.com\/wp-content\/uploads\/2026\/01\/Recurso-35@3x-480x185.png 480w\" sizes=\"(min-width: 0px) and (max-width: 480px) 480px, (min-width: 481px) and (max-width: 980px) 980px, (min-width: 981px) and (max-width: 1280px) 1280px, (min-width: 1281px) 2560px, 100vw\" class=\"wp-image-65\" title=\"Recurso 35@3x\" \/><\/span><\/div><div class=\"et_pb_blurb_container\"><div class=\"et_pb_blurb_description\"><p><span style=\"color: #009630;\">Estrat\u00e9gia de neg\u00f3cio<\/span> clara e s\u00f3lida que garante o crescimento internacional da empresa.<\/p>\n<\/div><\/div><\/div><\/div>\n\n<div class=\"et_pb_blurb_1 et_pb_blurb et_pb_bg_layout_light et_pb_blurb_position_left et_pb_module et_flex_module\"><div class=\"et_pb_blurb_content et_flex_module\"><div class=\"et_pb_main_blurb_image\"><span class=\"et_pb_image_wrap et_pb_only_image_mode_wrap\"><img loading=\"lazy\" decoding=\"async\" src=\"https:\/\/apeiroo.com\/wp-content\/uploads\/2026\/01\/Recurso-35@3x-scaled.png\" width=\"2560\" height=\"989\" srcset=\"https:\/\/apeiroo.com\/wp-content\/uploads\/2026\/01\/Recurso-35@3x-scaled.png 2560w, https:\/\/apeiroo.com\/wp-content\/uploads\/2026\/01\/Recurso-35@3x-1280x495.png 1280w, https:\/\/apeiroo.com\/wp-content\/uploads\/2026\/01\/Recurso-35@3x-980x379.png 980w, https:\/\/apeiroo.com\/wp-content\/uploads\/2026\/01\/Recurso-35@3x-480x185.png 480w\" sizes=\"(min-width: 0px) and (max-width: 480px) 480px, (min-width: 481px) and (max-width: 980px) 980px, (min-width: 981px) and (max-width: 1280px) 1280px, (min-width: 1281px) 2560px, 100vw\" class=\"wp-image-65\" title=\"Recurso 35@3x\" \/><\/span><\/div><div class=\"et_pb_blurb_container\"><div class=\"et_pb_blurb_description\"><p><span style=\"color: #009630;\">Transpar\u00eancia, veracidade e rigor.<\/span><\/p>\n<\/div><\/div><\/div><\/div>\n\n<div class=\"et_pb_blurb_2 et_pb_blurb et_pb_bg_layout_light et_pb_blurb_position_left et_pb_module et_flex_module\"><div class=\"et_pb_blurb_content et_flex_module\"><div class=\"et_pb_main_blurb_image\"><span class=\"et_pb_image_wrap et_pb_only_image_mode_wrap\"><img loading=\"lazy\" decoding=\"async\" src=\"https:\/\/apeiroo.com\/wp-content\/uploads\/2026\/01\/Recurso-35@3x-scaled.png\" width=\"2560\" height=\"989\" srcset=\"https:\/\/apeiroo.com\/wp-content\/uploads\/2026\/01\/Recurso-35@3x-scaled.png 2560w, https:\/\/apeiroo.com\/wp-content\/uploads\/2026\/01\/Recurso-35@3x-1280x495.png 1280w, https:\/\/apeiroo.com\/wp-content\/uploads\/2026\/01\/Recurso-35@3x-980x379.png 980w, https:\/\/apeiroo.com\/wp-content\/uploads\/2026\/01\/Recurso-35@3x-480x185.png 480w\" sizes=\"(min-width: 0px) and (max-width: 480px) 480px, (min-width: 481px) and (max-width: 980px) 980px, (min-width: 981px) and (max-width: 1280px) 1280px, (min-width: 1281px) 2560px, 100vw\" class=\"wp-image-65\" title=\"Recurso 35@3x\" \/><\/span><\/div><div class=\"et_pb_blurb_container\"><div class=\"et_pb_blurb_description\"><p><span style=\"color: #009630;\">Equipa de dire\u00e7\u00e3o s\u00f3lida<\/span> que garante uma boa governa\u00e7\u00e3o.<\/p>\n<\/div><\/div><\/div><\/div>\n<\/div>\n<\/div>\n<\/div>\n\n<div class=\"et_pb_section_3 et_pb_section et_section_regular et_flex_section\">\n<div class=\"et_pb_row_3 et_pb_row et_flex_row et_animated\">\n<div class=\"et_pb_column_3 et_pb_column et_flex_column et_pb_column_empty et_pb_css_mix_blend_mode_passthrough et_flex_column_2_5 et_flex_column_2_5_tablet et_flex_column_24_24_phone\"><\/div>\n\n<div class=\"et_pb_column_4 et_pb_column et-last-child et_flex_column et_pb_css_mix_blend_mode_passthrough et_flex_column_3_5 et_flex_column_3_5_tablet et_flex_column_24_24_phone\">\n<div class=\"et_pb_text_3 et_pb_text et_pb_bg_layout_dark et_pb_module et_flex_module\"><div class=\"et_pb_text_inner\"><h2>IMERS\u00c3O ESTRAT\u00c9GICA E OPERACIONAL<\/h2>\n<\/div><\/div>\n\n<div class=\"et_pb_text_4 et_pb_text et_pb_bg_layout_light et_pb_module et_flex_module\"><div class=\"et_pb_text_inner\"><p>No complexo cen\u00e1rio atual, os resultados n\u00e3o se alcan\u00e7am apenas \u201cenvolvendo-se\u201d, mas integrando-se no ADN da organiza\u00e7\u00e3o. Na APEIROO, n\u00e3o somos espectadores; tornamo-nos uma extens\u00e3o do seu n\u00facleo operacional.<\/p>\n<p>Desde a avalia\u00e7\u00e3o de riscos de vanguarda at\u00e9 \u00e0 implementa\u00e7\u00e3o de defesas ativas, asseguramos que cada a\u00e7\u00e3o n\u00e3o s\u00f3 cumpre os objetivos de seguran\u00e7a, como tamb\u00e9m se alinha cirurgicamente com a cultura, os valores e as metas de neg\u00f3cio de cada cliente. A sua resili\u00eancia \u00e9 a nossa miss\u00e3o partilhada.<\/p>\n<\/div><\/div>\n<\/div>\n<\/div>\n\n<div class=\"et_pb_row_4 et_pb_row et_flex_row et_animated\">\n<div class=\"et_pb_column_5 et_pb_column et_flex_column et_pb_css_mix_blend_mode_passthrough et_flex_column_3_5 et_flex_column_3_5_tablet et_flex_column_24_24_phone\">\n<div class=\"et_pb_text_5 et_pb_text et_pb_bg_layout_dark et_pb_module et_flex_module\"><div class=\"et_pb_text_inner\"><h2>TALENTO DE ELITE PERANTE A INCERTEZA<\/h2>\n<\/div><\/div>\n\n<div class=\"et_pb_text_6 et_pb_text et_pb_bg_layout_light et_pb_module et_flex_module\"><div class=\"et_pb_text_inner\"><p>Numa era dominada pela tecnologia, o fator humano continua a ser a \u00faltima linha de defesa. A equipa da APEIROO n\u00e3o traz apenas experi\u00eancia; traz veterania comprovada nos cen\u00e1rios mais exigentes do cibercrime e da intelig\u00eancia global.<\/p>\n<\/div><\/div>\n<\/div>\n\n<div class=\"et_pb_column_6 et_pb_column et-last-child et_flex_column et_pb_column_empty et_pb_css_mix_blend_mode_passthrough et_flex_column_2_5 et_flex_column_2_5_tablet et_flex_column_24_24_phone\"><\/div>\n<\/div>\n\n<div class=\"et_pb_row_5 et_pb_row et_flex_row et_animated\">\n<div class=\"et_pb_column_7 et_pb_column et_flex_column et_pb_column_empty et_pb_css_mix_blend_mode_passthrough et_flex_column_2_5 et_flex_column_2_5_tablet et_flex_column_24_24_phone\"><\/div>\n\n<div class=\"et_pb_column_8 et_pb_column et-last-child et_flex_column et_pb_css_mix_blend_mode_passthrough et_flex_column_3_5 et_flex_column_3_5_tablet et_flex_column_24_24_phone\">\n<div class=\"et_pb_text_7 et_pb_text et_pb_bg_layout_dark et_pb_module et_flex_module\"><div class=\"et_pb_text_inner\"><h2>AUTORIDADE GLOBAL COMPROVADA<\/h2>\n<\/div><\/div>\n\n<div class=\"et_pb_text_8 et_pb_text et_pb_bg_layout_light et_pb_module et_flex_module\"><div class=\"et_pb_text_inner\"><p>N\u00e3o apenas \u201csabemos ajudar\u201d; levamos d\u00e9cadas a definir os padr\u00f5es de seguran\u00e7a em colabora\u00e7\u00e3o com governos, corpora\u00e7\u00f5es multinacionais e organismos internacionais de defesa.<\/p>\n<p>Conhecemos o terreno porque ajud\u00e1mos a constru\u00ed-lo. Mais do que um relacionamento aberto, oferecemos uma interlocu\u00e7\u00e3o estrat\u00e9gica de alto n\u00edvel: escutamos o ru\u00eddo do ambiente, identificamos os sinais cr\u00edticos e transformamos a complexidade em alternativas de a\u00e7\u00e3o claras e decisivas para blindar a sua organiza\u00e7\u00e3o.<\/p>\n<\/div><\/div>\n<\/div>\n<\/div>\n<\/div>","protected":false},"excerpt":{"rendered":"","protected":false},"author":1,"featured_media":0,"parent":0,"menu_order":0,"comment_status":"closed","ping_status":"closed","template":"","meta":{"footnotes":""},"class_list":["post-14","page","type-page","status-publish","hentry"],"_links":{"self":[{"href":"https:\/\/apeiroo.com\/pt\/wp-json\/wp\/v2\/pages\/14","targetHints":{"allow":["GET"]}}],"collection":[{"href":"https:\/\/apeiroo.com\/pt\/wp-json\/wp\/v2\/pages"}],"about":[{"href":"https:\/\/apeiroo.com\/pt\/wp-json\/wp\/v2\/types\/page"}],"author":[{"embeddable":true,"href":"https:\/\/apeiroo.com\/pt\/wp-json\/wp\/v2\/users\/1"}],"replies":[{"embeddable":true,"href":"https:\/\/apeiroo.com\/pt\/wp-json\/wp\/v2\/comments?post=14"}],"version-history":[{"count":37,"href":"https:\/\/apeiroo.com\/pt\/wp-json\/wp\/v2\/pages\/14\/revisions"}],"predecessor-version":[{"id":2351,"href":"https:\/\/apeiroo.com\/pt\/wp-json\/wp\/v2\/pages\/14\/revisions\/2351"}],"wp:attachment":[{"href":"https:\/\/apeiroo.com\/pt\/wp-json\/wp\/v2\/media?parent=14"}],"curies":[{"name":"wp","href":"https:\/\/api.w.org\/{rel}","templated":true}]}}