{"id":13,"date":"2026-01-12T12:27:07","date_gmt":"2026-01-12T11:27:07","guid":{"rendered":"https:\/\/ap4592jwt1io3f.apeiroo.com\/?page_id=13"},"modified":"2026-03-09T08:24:28","modified_gmt":"2026-03-09T07:24:28","slug":"ciso4pyme","status":"publish","type":"page","link":"https:\/\/apeiroo.com\/pt\/ciso4pyme\/","title":{"rendered":"CISO4PYME"},"content":{"rendered":"<div class=\"et_pb_section_0 et_pb_section et_section_regular et_flex_section et_animated\">\n<div class=\"et_pb_row_0 et_pb_row et_flex_row\">\n<div class=\"et_pb_column_0 et_pb_column et-last-child et_flex_column et_pb_css_mix_blend_mode_passthrough et_flex_column_24_24 et_flex_column_24_24_tablet et_flex_column_24_24_phone\">\n<div class=\"et_pb_text_0 et_pb_text et_pb_bg_layout_light et_pb_module et_flex_module\"><div class=\"et_pb_text_inner\"><h1><span>CISO4PYME<\/span><\/h1>\n<\/div><\/div>\n<\/div>\n<\/div>\n<\/div>\n\n<div class=\"et_pb_section_1 et_pb_section et_section_regular et_flex_section et_animated\">\n<div class=\"et_pb_row_1 et_pb_row et_flex_row\">\n<div class=\"et_pb_column_1 et_pb_column et-last-child et_flex_column et_pb_css_mix_blend_mode_passthrough et_flex_column_24_24 et_flex_column_24_24_tablet et_flex_column_24_24_phone\">\n<div class=\"et_pb_heading_0 et_pb_heading et_pb_module et_flex_module\"><div class=\"et_pb_heading_container\"><h2 class=\"et_pb_module_header\">O SEU PARCEIRO ESTRAT\u00c9GICO: <\/h2><\/div><\/div>\n\n<div class=\"et_pb_heading_1 et_pb_heading et_pb_module et_flex_module\"><div class=\"et_pb_heading_container\"><h2 class=\"et_pb_module_header\">TODO O PODER DA APEIROO, \u00c0 SUA ESCALA<\/h2><\/div><\/div>\n\n<div class=\"et_pb_text_1 et_pb_text et_pb_bg_layout_light et_pb_module et_flex_module\"><div class=\"et_pb_text_inner\"><div class=\"et_pb_module et_pb_text et_pb_text_1  et_pb_text_align_left et_pb_bg_layout_light\">\n<div class=\"et_pb_text_inner\">\n<p style=\"text-align: justify;\">Atualmente, os cibercriminosos n\u00e3o medem a dimens\u00e3o da sua empresa, medem a facilidade com que a podem atacar. As pequenas e m\u00e9dias empresas s\u00e3o hoje o alvo perfeito: gerem dados valiosos, mas n\u00e3o disp\u00f5em dos recursos nem da infraestrutura das grandes corpora\u00e7\u00f5es para se protegerem.<\/p>\n<p style=\"text-align: justify;\">Na APEIROO, eliminamos essa desigualdade. Acreditamos que uma pequena empresa merece o mesmo n\u00edvel de prote\u00e7\u00e3o que uma infraestrutura cr\u00edtica.<\/p>\n<p style=\"text-align: justify;\">Com o <strong>CISO4Pyme<\/strong>, n\u00e3o contrata um servi\u00e7o externo; integra a APEIROO como o seu pr\u00f3prio Departamento de Ciberseguran\u00e7a. Colocamos \u00e0 sua disposi\u00e7\u00e3o o talento, a tecnologia e a capacidade de resposta da nossa organiza\u00e7\u00e3o global (a mesma que protege governos e grandes ind\u00fastrias), adaptados especificamente \u00e0 realidade, ao or\u00e7amento e \u00e0 infraestrutura leve do seu neg\u00f3cio.\nEnquanto se concentra em crescer, n\u00f3s garantimos que o faz em seguran\u00e7a.<\/p>\n<\/div>\n<\/div>\n<\/div><\/div>\n<\/div>\n<\/div>\n<\/div>\n\n<div class=\"et_pb_section_2 et_pb_section et_section_regular et_flex_section\">\n<div class=\"et_pb_row_2 et_pb_row et_flex_row\">\n<div class=\"et_pb_column_2 et_pb_column et_flex_column et_pb_css_mix_blend_mode_passthrough et_flex_column_8_24 et_flex_column_8_24_tablet et_flex_column_24_24_phone\">\n<div class=\"et_pb_icon_0 et_pb_icon et_pb_module et_flex_module\"><span class=\"et_pb_icon_wrap\"><span class=\"et-pb-icon\">\uf406<\/span><\/span><\/div>\n<\/div>\n\n<div class=\"et_pb_column_3 et_pb_column et-last-child et_flex_column et_pb_css_mix_blend_mode_passthrough et_flex_column_16_24 et_flex_column_16_24_tablet et_flex_column_24_24_phone\">\n<div class=\"et_pb_text_2 et_pb_text et_pb_bg_layout_light et_pb_module et_flex_module\"><div class=\"et_pb_text_inner\"><h2 class=\"et_pb_module_header\">O SEU DIRECTOR DE SEGURAN\u00c7A (CISO)<\/h2>\n<p>N\u00e3o est\u00e1 sozinho. Ter\u00e1 um respons\u00e1vel de seguran\u00e7a dedicado que compreende o seu neg\u00f3cio, n\u00e3o apenas a sua inform\u00e1tica. Traduzimos os riscos t\u00e9cnicos para a sua linguagem, aconselhamos nas decis\u00f5es tecnol\u00f3gicas e definimos uma estrat\u00e9gia de seguran\u00e7a cont\u00ednua que evolui consigo. Somos o seu parceiro tecnol\u00f3gico de confian\u00e7a \u2014 parte integrante da sua equipa.<\/p>\n<\/div><\/div>\n<\/div>\n<\/div>\n\n<div class=\"et_pb_row_3 et_pb_row et_flex_row\">\n<div class=\"et_pb_column_4 et_pb_column et_flex_column et_pb_css_mix_blend_mode_passthrough et_flex_column_8_24 et_flex_column_8_24_tablet et_flex_column_24_24_phone\">\n<div class=\"et_pb_icon_1 et_pb_icon et_pb_module et_flex_module\"><span class=\"et_pb_icon_wrap\"><span class=\"et-pb-icon\">\ue60d<\/span><\/span><\/div>\n<\/div>\n\n<div class=\"et_pb_column_5 et_pb_column et-last-child et_flex_column et_pb_css_mix_blend_mode_passthrough et_flex_column_16_24 et_flex_column_16_24_tablet et_flex_column_24_24_phone\">\n<div class=\"et_pb_text_3 et_pb_text et_pb_bg_layout_light et_pb_module et_flex_module\"><div class=\"et_pb_text_inner\"><h2>CIBERRESI<strong>LIENCIA<\/strong><\/h2>\n<p><strong>Backups \u00e0 Prova de Ransomware.<\/strong>Se tudo falhar, o seu neg\u00f3cio tem de continuar. N\u00e3o nos limitamos a realizar c\u00f3pias de seguran\u00e7a; implementamos planos de conting\u00eancia com backups alojados em infraestruturas externas de m\u00e1xima seguran\u00e7a. Garantimos uma recupera\u00e7\u00e3o r\u00e1pida perante um desastre, um ataque de ransomware ou uma elimina\u00e7\u00e3o acidental. \u00c9 o seu seguro de vida digital.<\/p>\n<\/div><\/div>\n<\/div>\n<\/div>\n\n<div class=\"et_pb_row_4 et_pb_row et_flex_row\">\n<div class=\"et_pb_column_6 et_pb_column et_flex_column et_pb_css_mix_blend_mode_passthrough et_flex_column_8_24 et_flex_column_8_24_tablet et_flex_column_24_24_phone\">\n<div class=\"et_pb_icon_2 et_pb_icon et_pb_module et_flex_module\"><span class=\"et_pb_icon_wrap\"><span class=\"et-pb-icon\">\uf0e2<\/span><\/span><\/div>\n<\/div>\n\n<div class=\"et_pb_column_7 et_pb_column et-last-child et_flex_column et_pb_css_mix_blend_mode_passthrough et_flex_column_16_24 et_flex_column_16_24_tablet et_flex_column_24_24_phone\">\n<div class=\"et_pb_text_4 et_pb_text et_pb_bg_layout_light et_pb_module et_flex_module\"><div class=\"et_pb_text_inner\"><h2>SECURIZA\u00c7\u00c3O CONT\u00cdNUA DA SUA INFRAESTRUTURA<strong>ESTRUCTURA<\/strong><\/h2>\n<p><strong>Muito mais do que \"Actualiza\u00e7\u00f5es\".<\/strong>\u00a0Esque\u00e7a a gest\u00e3o de patches. Mantemos os seus sistemas (servidores, postos de trabalho, port\u00e1teis) permanentemente atualizados atrav\u00e9s de pol\u00edticas coordenadas e supervisionadas. Fechamos as portas de entrada aos atacantes antes mesmo de estes saberem que existem, sem interromper a sua atividade di\u00e1ria.<\/p>\n<\/div><\/div>\n<\/div>\n<\/div>\n\n<div class=\"et_pb_row_5 et_pb_row et_flex_row\">\n<div class=\"et_pb_column_8 et_pb_column et_flex_column et_pb_css_mix_blend_mode_passthrough et_flex_column_8_24 et_flex_column_8_24_tablet et_flex_column_24_24_phone\">\n<div class=\"et_pb_icon_3 et_pb_icon et_pb_module et_flex_module\"><span class=\"et_pb_icon_wrap\"><span class=\"et-pb-icon\">\ue0f6<\/span><\/span><\/div>\n<\/div>\n\n<div class=\"et_pb_column_9 et_pb_column et-last-child et_flex_column et_pb_css_mix_blend_mode_passthrough et_flex_column_16_24 et_flex_column_16_24_tablet et_flex_column_24_24_phone\">\n<div class=\"et_pb_text_5 et_pb_text et_pb_bg_layout_light et_pb_module et_flex_module\"><div class=\"et_pb_text_inner\"><h2>ESCUDO OPERACIONAL E NAVEGA\u00c7\u00c3O SEGURA<\/h2>\n<p><strong>Prote\u00e7\u00e3o invis\u00edvel para o seu dia a dia.<\/strong> Os seus colaboradores precisam de trabalhar sem receio. Implementamos camadas de seguran\u00e7a que bloqueiam malware, filtram conte\u00fados web perigosos, eliminam publicidade maliciosa e asseguram as liga\u00e7\u00f5es. Reduzimos o risco humano sem complicar o trabalho da sua equipa.<\/p>\n<\/div><\/div>\n<\/div>\n<\/div>\n\n<div class=\"et_pb_row_6 et_pb_row et_flex_row\">\n<div class=\"et_pb_column_10 et_pb_column et_flex_column et_pb_css_mix_blend_mode_passthrough et_flex_column_8_24 et_flex_column_8_24_tablet et_flex_column_24_24_phone\">\n<div class=\"et_pb_icon_4 et_pb_icon et_pb_module et_flex_module\"><span class=\"et_pb_icon_wrap\"><span class=\"et-pb-icon\">\uf505<\/span><\/span><\/div>\n<\/div>\n\n<div class=\"et_pb_column_11 et_pb_column et-last-child et_flex_column et_pb_css_mix_blend_mode_passthrough et_flex_column_16_24 et_flex_column_16_24_tablet et_flex_column_24_24_phone\">\n<div class=\"et_pb_text_6 et_pb_text et_pb_bg_layout_light et_pb_module et_flex_module\"><div class=\"et_pb_text_inner\"><h2>VIGIL\u00c2NCIA E RESPOSTA ESPECIALIZADA<\/h2>\n<p><strong>Monitoriza\u00e7\u00e3o personalizada e especialistas 24 horas por dia, 7 dias por semana.<\/strong>\u00a0N\u00e3o necessita de um grande centro de controlo, mas precisa que algu\u00e9m vigie por si. Ligamos a sua infraestrutura aos nossos sistemas avan\u00e7ados de dete\u00e7\u00e3o. Filtramos o ru\u00eddo e os falsos positivos. Se ocorrer um incidente real, n\u00e3o estar\u00e1 perante uma m\u00e1quina: ter\u00e1 acesso imediato aos nossos especialistas qualificados 24\/7 para o resolver.\n\u00c9 a tranquilidade de ter uma equipa de elite a proteger o seu neg\u00f3cio.<\/p>\n<\/div><\/div>\n<\/div>\n<\/div>\n<\/div>","protected":false},"excerpt":{"rendered":"","protected":false},"author":1,"featured_media":0,"parent":0,"menu_order":0,"comment_status":"closed","ping_status":"closed","template":"","meta":{"footnotes":""},"class_list":["post-13","page","type-page","status-publish","hentry"],"_links":{"self":[{"href":"https:\/\/apeiroo.com\/pt\/wp-json\/wp\/v2\/pages\/13","targetHints":{"allow":["GET"]}}],"collection":[{"href":"https:\/\/apeiroo.com\/pt\/wp-json\/wp\/v2\/pages"}],"about":[{"href":"https:\/\/apeiroo.com\/pt\/wp-json\/wp\/v2\/types\/page"}],"author":[{"embeddable":true,"href":"https:\/\/apeiroo.com\/pt\/wp-json\/wp\/v2\/users\/1"}],"replies":[{"embeddable":true,"href":"https:\/\/apeiroo.com\/pt\/wp-json\/wp\/v2\/comments?post=13"}],"version-history":[{"count":12,"href":"https:\/\/apeiroo.com\/pt\/wp-json\/wp\/v2\/pages\/13\/revisions"}],"predecessor-version":[{"id":2361,"href":"https:\/\/apeiroo.com\/pt\/wp-json\/wp\/v2\/pages\/13\/revisions\/2361"}],"wp:attachment":[{"href":"https:\/\/apeiroo.com\/pt\/wp-json\/wp\/v2\/media?parent=13"}],"curies":[{"name":"wp","href":"https:\/\/api.w.org\/{rel}","templated":true}]}}