{"id":619,"date":"2026-02-15T10:43:02","date_gmt":"2026-02-15T09:43:02","guid":{"rendered":"https:\/\/ap4592jwt1io3f.apeiroo.com\/?page_id=619"},"modified":"2026-04-01T11:57:20","modified_gmt":"2026-04-01T09:57:20","slug":"daniel-cabezas","status":"publish","type":"page","link":"https:\/\/apeiroo.com\/es_ES\/nosotros\/equipo\/daniel-cabezas\/","title":{"rendered":"DANIEL CABEZAS"},"content":{"rendered":"<div class=\"et_pb_section_0 et_pb_section et_section_regular et_flex_section\">\n<div class=\"et_pb_row_0 et_pb_row et_flex_row\">\n<div class=\"et_pb_column_0 et_pb_column et_flex_column et_pb_css_mix_blend_mode_passthrough et_flex_column_18_24 et_flex_column_18_24_tablet et_flex_column_24_24_phone\">\n<div class=\"et_pb_heading_0 et_pb_heading et_pb_module et_flex_module\"><div class=\"et_pb_heading_container\"><h1 class=\"et_pb_module_header\">DANIEL<\/h1><\/div><\/div>\n\n<div class=\"et_pb_heading_1 et_pb_heading et_pb_module et_flex_module\"><div class=\"et_pb_heading_container\"><h1 class=\"et_pb_module_header\">CABEZAS<\/h1><\/div><\/div>\n\n<div class=\"et_pb_text_0 et_pb_text et_pb_bg_layout_light et_pb_module et_flex_module\"><div class=\"et_pb_text_inner\" data-et-mv-hidden-phone=\"true\"><p style=\"text-align: left;\"><span style=\"color: #008000;\"><a href=\"mailto:dc@apeiroo.com\" style=\"color: #008000;\">dc@apeiroo.com<\/a><br \/>\n<\/span><\/p>\n<\/div><\/div>\n<\/div>\n\n<div class=\"et_pb_column_1 et_pb_column et-last-child et_flex_column et_pb_css_mix_blend_mode_passthrough et_flex_column_6_24 et_flex_column_6_24_tablet et_flex_column_24_24_phone\">\n<div class=\"et_pb_image_0 et_pb_image et_pb_module et_flex_module\"><span class=\"et_pb_image_wrap\"><img loading=\"lazy\" decoding=\"async\" src=\"https:\/\/apeiroo.com\/wp-content\/uploads\/2026\/03\/daniap.jpg\" title=\"daniap\" width=\"1024\" height=\"1024\" srcset=\"https:\/\/apeiroo.com\/wp-content\/uploads\/2026\/03\/daniap.jpg 1024w, https:\/\/apeiroo.com\/wp-content\/uploads\/2026\/03\/daniap-980x980.jpg 980w, https:\/\/apeiroo.com\/wp-content\/uploads\/2026\/03\/daniap-480x480.jpg 480w\" sizes=\"(min-width: 0px) and (max-width: 480px) 480px, (min-width: 481px) and (max-width: 980px) 980px, (min-width: 981px) 1024px, 100vw\" class=\"wp-image-2450\" \/><\/span><\/div>\n\n<div class=\"et_pb_heading_2 et_pb_heading et_pb_module et_flex_module\"><div class=\"et_pb_heading_container\"><h3 class=\"et_pb_module_header\">Asesor<\/h3><\/div><\/div>\n<\/div>\n<\/div>\n<\/div>\n\n<div class=\"et_pb_section_1 et_pb_section et_section_regular et_flex_section\">\n<div class=\"et_pb_row_1 et_pb_row et_flex_row\">\n<div class=\"et_pb_column_2 et_pb_column et-last-child et_flex_column et_pb_css_mix_blend_mode_passthrough et_flex_column_24_24 et_flex_column_24_24_tablet et_flex_column_24_24_phone\">\n<div class=\"et_pb_text_1 et_pb_text et_pb_bg_layout_light et_pb_module et_flex_module\"><div class=\"et_pb_text_inner\"><p><span lang=\"es-ES\">Con m\u00e1s de <\/span><strong><span lang=\"es-ES\">24 a\u00f1os de experiencia como ejecutivo senior en ciberseguridad<\/span><\/strong><span lang=\"es-ES\">, Dani Cabezas est\u00e1 especializado en el dise\u00f1o, desarrollo y liderazgo de equipos de seguridad para <\/span><strong><span lang=\"es-ES\">grandes corporaciones e infraestructuras cr\u00edticas<\/span><\/strong><span lang=\"es-ES\">.<\/span><\/p>\n<p><span lang=\"es-ES\">A lo largo de su carrera ha prestado servicios de asesoramiento estrat\u00e9gico y consultor\u00eda en sectores altamente sensibles como el <\/span><strong><span lang=\"es-ES\">financiero, aeroespacial, industrial, energ\u00e9tico<\/span><\/strong><span lang=\"es-ES\"> y agencias nacionales de inteligencia.<\/span><\/p>\n<p><span lang=\"es-ES\">Entre sus proyectos m\u00e1s destacados se encuentra el dise\u00f1o de la arquitectura y el modelo operativo del <\/span><strong><span lang=\"es-ES\">primer SOC dedicado en una central nuclear a nivel mundial<\/span><\/strong><span lang=\"es-ES\">, implementado en la planta de Barakah (Barakah NPP). Tambi\u00e9n ha ejercido como <\/span><strong><span lang=\"es-ES\">CISO<\/span><\/strong><span lang=\"es-ES\">, liderando estrategias globales de ciberseguridad y modelos operativos para organizaciones internacionales.<\/span><\/p>\n<p><span lang=\"es-ES\">Antes de incorporarse a Apeiroo, Dani trabaj\u00f3 en <\/span><strong><span lang=\"es-ES\">Alvarez &amp; Marsal<\/span><\/strong><span lang=\"es-ES\"> (Dub\u00e1i) dentro del equipo de <\/span><em><span lang=\"es-ES\">Cyber Risk<\/span><\/em><span lang=\"es-ES\">. Previamente fue socio en <\/span><strong><span lang=\"es-ES\">IBM<\/span><\/strong><span lang=\"es-ES\">, donde dirigi\u00f3 la pr\u00e1ctica de ciberseguridad <\/span><strong><span lang=\"es-ES\">OT\/IoT para la regi\u00f3n EMEA<\/span><\/strong><span lang=\"es-ES\">. Adem\u00e1s, ha ocupado posiciones clave en consultoras de Oriente Medio, Ocean\u00eda y Europa, impulsando el crecimiento de sus \u00e1reas de ciberseguridad.<\/span><\/p>\n<p><span lang=\"es-ES\">Dani estudi\u00f3 <\/span><strong><span lang=\"es-ES\">Matem\u00e1ticas en la Universitat de Barcelona<\/span><\/strong><span lang=\"es-ES\"> y cuenta con certificaciones l\u00edderes del sector, incluyendo <\/span><strong><span lang=\"es-ES\">CISSP, CISA, CEH, ISO 27001 e ISMS Lead Auditor<\/span><\/strong><span lang=\"es-ES\">.<\/span><\/p>\n<p><span lang=\"es-ES\">Es tambi\u00e9n investigador y ponente internacional, participando en foros y medios como el <\/span><strong><span lang=\"es-ES\">Arab Monetary Fund (AMF), ComputerWorld, OWASP y RuxCON<\/span><\/strong><span lang=\"es-ES\">.<\/span><\/p>\n<\/div><\/div>\n<\/div>\n<\/div>\n<\/div>","protected":false},"excerpt":{"rendered":"","protected":false},"author":1,"featured_media":0,"parent":207,"menu_order":0,"comment_status":"closed","ping_status":"closed","template":"","meta":{"footnotes":""},"class_list":["post-619","page","type-page","status-publish","hentry"],"_links":{"self":[{"href":"https:\/\/apeiroo.com\/es_ES\/wp-json\/wp\/v2\/pages\/619","targetHints":{"allow":["GET"]}}],"collection":[{"href":"https:\/\/apeiroo.com\/es_ES\/wp-json\/wp\/v2\/pages"}],"about":[{"href":"https:\/\/apeiroo.com\/es_ES\/wp-json\/wp\/v2\/types\/page"}],"author":[{"embeddable":true,"href":"https:\/\/apeiroo.com\/es_ES\/wp-json\/wp\/v2\/users\/1"}],"replies":[{"embeddable":true,"href":"https:\/\/apeiroo.com\/es_ES\/wp-json\/wp\/v2\/comments?post=619"}],"version-history":[{"count":9,"href":"https:\/\/apeiroo.com\/es_ES\/wp-json\/wp\/v2\/pages\/619\/revisions"}],"predecessor-version":[{"id":2519,"href":"https:\/\/apeiroo.com\/es_ES\/wp-json\/wp\/v2\/pages\/619\/revisions\/2519"}],"up":[{"embeddable":true,"href":"https:\/\/apeiroo.com\/es_ES\/wp-json\/wp\/v2\/pages\/207"}],"wp:attachment":[{"href":"https:\/\/apeiroo.com\/es_ES\/wp-json\/wp\/v2\/media?parent=619"}],"curies":[{"name":"wp","href":"https:\/\/api.w.org\/{rel}","templated":true}]}}