{"id":341,"date":"2026-02-09T12:09:01","date_gmt":"2026-02-09T11:09:01","guid":{"rendered":"https:\/\/ap4592jwt1io3f.apeiroo.com\/?page_id=341"},"modified":"2026-03-31T10:37:40","modified_gmt":"2026-03-31T08:37:40","slug":"blog","status":"publish","type":"page","link":"https:\/\/apeiroo.com\/es_ES\/blog\/","title":{"rendered":"Blog"},"content":{"rendered":"<div class=\"et_pb_section_0 et_pb_section et_section_regular et_flex_section\">\n<div class=\"et_pb_row_0 et_pb_row et_flex_row\">\n<div class=\"et_pb_column_0 et_pb_column et-last-child et_flex_column et_pb_css_mix_blend_mode_passthrough et_flex_column_24_24 et_flex_column_24_24_tablet et_flex_column_24_24_phone\">\n<div class=\"et_pb_text_0 et_pb_text et_pb_bg_layout_light et_pb_module et_flex_module\"><div class=\"et_pb_text_inner\"><h1>Blog<\/h1>\n<p>\u00a0<\/p>\n<p>El panorama de amenazas evoluciona cada d\u00eda, y anticiparse es clave.<\/p>\n<p>En nuestro blog publicamos an\u00e1lisis, estudios, art\u00edculos t\u00e9cnicos y contenidos de inteligencia orientados a comprender los riesgos emergentes, las tendencias globales en ciberseguridad y las estrategias necesarias para proteger organizaciones, gobiernos e infraestructuras cr\u00edticas.<\/p>\n<p><span style=\"color: #008000;\">Es en definitiva, nuestro espacio para compartir conocimiento, experiencia y visi\u00f3n en un mundo cada vez m\u00e1s complejo y digital.<\/span><\/p>\n<\/div><\/div>\n<\/div>\n<\/div>\n\n<div class=\"et_pb_row_1 et_pb_row et_flex_row\">\n<div class=\"et_pb_column_1 et_pb_column et-last-child et_flex_column et_pb_css_mix_blend_mode_passthrough et_flex_column_24_24 et_flex_column_24_24_tablet et_flex_column_24_24_phone\">\n<div class=\"et_pb_blog_0 et_pb_blog et_pb_bg_layout_light et_pb_posts et_pb_module\"><div class=\"et_pb_ajax_pagination_container\"><div class=\"et_pb_posts et_grid_module\"><article class=\"et_pb_post et_pb_post_id_433 clearfix et_pb_blog_item_0_0 post-433 post type-post status-publish format-standard has-post-thumbnail hentry category-blog\"><div class=\"et_pb_image_container\"><a href=\"https:\/\/apeiroo.com\/es_ES\/data-driven-cyber-risk-quantification-part-3\/\" class=\"entry-featured-image-url\"><img loading=\"lazy\" decoding=\"async\" src=\"https:\/\/apeiroo.com\/wp-content\/uploads\/2026\/02\/ddcrq-3.webp\" width=\"400\" height=\"284\" alt=\"Cuantificaci\u00f3n del riesgo cibern\u00e9tico basada en datos. Parte 3.\" class=\"\" srcset=\"https:\/\/apeiroo.com\/wp-content\/uploads\/2026\/02\/ddcrq-3.webp 479w, https:\/\/apeiroo.com\/wp-content\/uploads\/2026\/02\/ddcrq-3-400x284.webp 480w\" sizes=\"(max-width:479px) 479px, 100vw\" \/><span data-icon=\"\ue050\" class=\"et_overlay et_pb_inline_icon\"><\/span><\/a><\/div><h2 class=\"entry-title\"><a href=\"https:\/\/apeiroo.com\/es_ES\/data-driven-cyber-risk-quantification-part-3\/\">Cuantificaci\u00f3n del riesgo cibern\u00e9tico basada en datos. Parte 3.<\/a><\/h2><p class=\"post-meta\"><span class=\"published\">Feb 12, 2026<\/span><\/p><div class=\"post-content\"><div class=\"post-content-inner\"><p>Gu\u00eda estrat\u00e9gica para los directores de seguridad de la informaci\u00f3n 1 . Factores con mayor impacto en la resiliencia cibern\u00e9tica Un dato muy interesante para determinar la prioridad de las iniciativas en un programa de ciberseguridad es examinar qu\u00e9 factores&#8230;<\/p>\n<\/div><\/div><\/article><article class=\"et_pb_post et_pb_post_id_428 clearfix et_pb_blog_item_0_1 post-428 post type-post status-publish format-standard has-post-thumbnail hentry category-blog\"><div class=\"et_pb_image_container\"><a href=\"https:\/\/apeiroo.com\/es_ES\/data-driven-cyber-risk-quantification-2\/\" class=\"entry-featured-image-url\"><img loading=\"lazy\" decoding=\"async\" src=\"https:\/\/apeiroo.com\/wp-content\/uploads\/2026\/02\/ddcrq-2.webp\" width=\"400\" height=\"284\" alt=\"Cuantificaci\u00f3n del riesgo cibern\u00e9tico basada en datos. Parte 2.\" class=\"\" srcset=\"https:\/\/apeiroo.com\/wp-content\/uploads\/2026\/02\/ddcrq-2.webp 479w, https:\/\/apeiroo.com\/wp-content\/uploads\/2026\/02\/ddcrq-2-400x284.webp 480w\" sizes=\"(max-width:479px) 479px, 100vw\" \/><span data-icon=\"\ue050\" class=\"et_overlay et_pb_inline_icon\"><\/span><\/a><\/div><h2 class=\"entry-title\"><a href=\"https:\/\/apeiroo.com\/es_ES\/data-driven-cyber-risk-quantification-2\/\">Cuantificaci\u00f3n del riesgo cibern\u00e9tico basada en datos. Parte 2.<\/a><\/h2><p class=\"post-meta\"><span class=\"published\">Feb 12, 2026<\/span><\/p><div class=\"post-content\"><div class=\"post-content-inner\"><p>Gu\u00eda estrat\u00e9gica para los directores de seguridad de la informaci\u00f3n 1 . C\u00e1lculo del impacto de los incidentes cibern\u00e9ticos Continuemos nuestro recorrido para comprender c\u00f3mo utilizar los datos para impulsar nuestras decisiones estrat\u00e9gicas sobre el desarrollo y la&#8230;<\/p>\n<\/div><\/div><\/article><article class=\"et_pb_post et_pb_post_id_417 clearfix et_pb_blog_item_0_2 post-417 post type-post status-publish format-standard has-post-thumbnail hentry category-blog\"><div class=\"et_pb_image_container\"><a href=\"https:\/\/apeiroo.com\/es_ES\/data-driven-cyber-risk-quantification\/\" class=\"entry-featured-image-url\"><img loading=\"lazy\" decoding=\"async\" src=\"https:\/\/apeiroo.com\/wp-content\/uploads\/2026\/02\/ddcrq-1.webp\" width=\"400\" height=\"284\" alt=\"Cuantificaci\u00f3n del riesgo cibern\u00e9tico basada en datos. Parte 1.\" class=\"\" srcset=\"https:\/\/apeiroo.com\/wp-content\/uploads\/2026\/02\/ddcrq-1.webp 479w, https:\/\/apeiroo.com\/wp-content\/uploads\/2026\/02\/ddcrq-1-400x284.webp 480w\" sizes=\"(max-width:479px) 479px, 100vw\" \/><span data-icon=\"\ue050\" class=\"et_overlay et_pb_inline_icon\"><\/span><\/a><\/div><h2 class=\"entry-title\"><a href=\"https:\/\/apeiroo.com\/es_ES\/data-driven-cyber-risk-quantification\/\">Cuantificaci\u00f3n del riesgo cibern\u00e9tico basada en datos. Parte 1.<\/a><\/h2><p class=\"post-meta\"><span class=\"published\">Feb 12, 2026<\/span><\/p><div class=\"post-content\"><div class=\"post-content-inner\"><p>Gu\u00eda estrat\u00e9gica para los directores de seguridad de la informaci\u00f3n Introducci\u00f3n En el mundo actual, cada vez m\u00e1s interconectado y digitalizado, las organizaciones se enfrentan a una amenaza creciente de ciberataques. Estos ataques pueden provocar importantes p\u00e9rdidas&#8230;<\/p>\n<\/div><\/div><\/article><article class=\"et_pb_post et_pb_post_id_413 clearfix et_pb_blog_item_0_3 post-413 post type-post status-publish format-standard has-post-thumbnail hentry category-blog\"><div class=\"et_pb_image_container\"><a href=\"https:\/\/apeiroo.com\/es_ES\/cuando-incluso-la-ivy-league-cae-la-brecha-harvard-cl0p-y-lo-que-revela-sobre-la-resiliencia-cibernetica-moderna\/\" class=\"entry-featured-image-url\"><img loading=\"lazy\" decoding=\"async\" src=\"https:\/\/apeiroo.com\/wp-content\/uploads\/2026\/02\/hardvar-1080x490-1.jpg\" width=\"400\" height=\"284\" alt=\"Cuando incluso la Ivy League cae: la brecha Harvard-CL0P y lo que revela sobre la resiliencia cibern\u00e9tica moderna\" class=\"\" srcset=\"https:\/\/apeiroo.com\/wp-content\/uploads\/2026\/02\/hardvar-1080x490-1.jpg 479w, https:\/\/apeiroo.com\/wp-content\/uploads\/2026\/02\/hardvar-1080x490-1-400x284.jpg 480w\" sizes=\"(max-width:479px) 479px, 100vw\" \/><span data-icon=\"\ue050\" class=\"et_overlay et_pb_inline_icon\"><\/span><\/a><\/div><h2 class=\"entry-title\"><a href=\"https:\/\/apeiroo.com\/es_ES\/cuando-incluso-la-ivy-league-cae-la-brecha-harvard-cl0p-y-lo-que-revela-sobre-la-resiliencia-cibernetica-moderna\/\">Cuando incluso la Ivy League cae: la brecha Harvard-CL0P y lo que revela sobre la resiliencia cibern\u00e9tica moderna<\/a><\/h2><p class=\"post-meta\"><span class=\"published\">Oct 16, 2025<\/span><\/p><div class=\"post-content\"><div class=\"post-content-inner\"><p>Al trabajar en el espacio de la Inteligencia de Amenazas Cibern\u00e9ticas (CTI), desarrollas cierta inmunidad a la sorpresa, o eso crees. Incluso las organizaciones m\u00e1s endurecidas, aquellas con posturas de seguridad aparentemente impenetrables e inversiones&#8230;<\/p>\n<\/div><\/div><\/article><\/div><div class=\"pagination clearfix\">\n\t<div class=\"alignleft\"><\/div>\n\t<div class=\"alignright\"><\/div>\n<\/div><\/div><\/div>\n<\/div>\n<\/div>\n<\/div>","protected":false},"excerpt":{"rendered":"","protected":false},"author":1,"featured_media":0,"parent":0,"menu_order":0,"comment_status":"closed","ping_status":"closed","template":"","meta":{"footnotes":""},"class_list":["post-341","page","type-page","status-publish","hentry"],"_links":{"self":[{"href":"https:\/\/apeiroo.com\/es_ES\/wp-json\/wp\/v2\/pages\/341","targetHints":{"allow":["GET"]}}],"collection":[{"href":"https:\/\/apeiroo.com\/es_ES\/wp-json\/wp\/v2\/pages"}],"about":[{"href":"https:\/\/apeiroo.com\/es_ES\/wp-json\/wp\/v2\/types\/page"}],"author":[{"embeddable":true,"href":"https:\/\/apeiroo.com\/es_ES\/wp-json\/wp\/v2\/users\/1"}],"replies":[{"embeddable":true,"href":"https:\/\/apeiroo.com\/es_ES\/wp-json\/wp\/v2\/comments?post=341"}],"version-history":[{"count":7,"href":"https:\/\/apeiroo.com\/es_ES\/wp-json\/wp\/v2\/pages\/341\/revisions"}],"predecessor-version":[{"id":726,"href":"https:\/\/apeiroo.com\/es_ES\/wp-json\/wp\/v2\/pages\/341\/revisions\/726"}],"wp:attachment":[{"href":"https:\/\/apeiroo.com\/es_ES\/wp-json\/wp\/v2\/media?parent=341"}],"curies":[{"name":"wp","href":"https:\/\/api.w.org\/{rel}","templated":true}]}}