{"id":336,"date":"2026-02-09T12:01:37","date_gmt":"2026-02-09T11:01:37","guid":{"rendered":"https:\/\/ap4592jwt1io3f.apeiroo.com\/?page_id=336"},"modified":"2026-02-18T10:10:46","modified_gmt":"2026-02-18T09:10:46","slug":"innovacion","status":"publish","type":"page","link":"https:\/\/apeiroo.com\/es_ES\/innovacion\/","title":{"rendered":"Innovaci\u00f3n"},"content":{"rendered":"<div class=\"et_pb_section_0 et_pb_section et_section_regular et_flex_section et_animated\">\n<div class=\"et_pb_row_0 et_pb_row et_flex_row\">\n<div class=\"et_pb_column_0 et_pb_column et-last-child et_flex_column et_pb_css_mix_blend_mode_passthrough et_flex_column_24_24 et_flex_column_24_24_tablet et_flex_column_24_24_phone\">\n<div class=\"et_pb_text_0 et_pb_text et_pb_bg_layout_light et_pb_module et_flex_module\"><div class=\"et_pb_text_inner\"><h1><span>INNOVACI\u00d3N <span style=\"color: #008000;\"><br \/>(I+D+i)<\/span><\/span><\/h1>\n<\/div><\/div>\n<\/div>\n<\/div>\n<\/div>\n\n<div class=\"et_pb_section_1 et_pb_section et_section_regular et_flex_section et_animated\">\n<div class=\"et_pb_row_1 et_pb_row et_flex_row\">\n<div class=\"et_pb_column_1 et_pb_column et-last-child et_flex_column et_pb_css_mix_blend_mode_passthrough et_flex_column_24_24 et_flex_column_24_24_tablet et_flex_column_24_24_phone\">\n<div class=\"et_pb_text_1 et_pb_text et_pb_bg_layout_light et_pb_module et_flex_module\"><div class=\"et_pb_text_inner\"><p>La innovaci\u00f3n es nuestro motor y nuestra ventaja diferencial. En un entorno donde las herramientas est\u00e1ndar son conocidas y evadidas por adversarios sofisticados, la verdadera seguridad exige tecnolog\u00eda propia y soberana.<\/p>\n<p>En APEIROO no nos limitamos a integrar: INNOVAMOS. Desde nuestros inicios hemos desarrollado capacidades y productos propietarios de vanguardia, dise\u00f1ados para que nuestros clientes operen y se comuniquen con seguridad absoluta, anticipen incidentes cr\u00edticos y se mantengan siempre un paso por delante en sus estrategias de negocio.<\/p>\n<\/div><\/div>\n<\/div>\n<\/div>\n<\/div>\n\n<div class=\"et_pb_section_2 et_pb_section et_section_regular et_flex_section et_animated\">\n<div class=\"et_pb_row_2 et_pb_row et_flex_row\">\n<div class=\"et_pb_column_2 et_pb_column et_flex_column et_pb_css_mix_blend_mode_passthrough et_flex_column_16_24 et_flex_column_16_24_tablet et_flex_column_24_24_phone\">\n<div class=\"et_pb_image_0 et_pb_image et_pb_module et_flex_module\"><span class=\"et_pb_image_wrap\"><img loading=\"lazy\" decoding=\"async\" src=\"https:\/\/apeiroo.com\/wp-content\/uploads\/2026\/02\/Awatchlogo.png\" title=\"Awatchlogo\" width=\"297\" height=\"60\" srcset=\"https:\/\/apeiroo.com\/wp-content\/uploads\/2026\/02\/Awatchlogo.png 297w\" sizes=\"(max-width: 297px) 100vw, 297px\" class=\"wp-image-648\" \/><\/span><\/div>\n\n<div class=\"et_pb_text_2 et_pb_text et_pb_bg_layout_light et_pb_module et_flex_module\"><div class=\"et_pb_text_inner\"><p>Tecnolog\u00eda propietaria que permite priorizar tratamientos de riesgo, asignar recursos eficientemente y reducir la probabilidad de incidentes originados por proveedores o superficies externas expuestas. Watch reduce la necesidad de controles manuales mediante un sistema totalmente autom\u00e1tico que identifica cambios, nuevas exposiciones y desviaciones en tiempo real.<\/p>\n<p>Incluye un m\u00f3dulo de monitorizaci\u00f3n pasiva de seguridad de proveedores, permite identificar debilidades en terceros cr\u00edticos sin necesidad de interacci\u00f3n directa. Esta funcionalidad es clave para cumplir con los requisitos de DORA (Digital Operational\u00a0Resilience\u00a0Act), reducir riesgos asociados a la cadena de suministro y automatizar controles que habitualmente requieren auditor\u00edas peri\u00f3dicas sobre las siguientes \u00e1reas:<\/p>\n<p>\u00a0<\/p>\n<ul>\n<li><strong>Seguridad del dominio<\/strong><\/li>\n<li><strong>Actualizaci\u00f3n y parcheo de software<\/strong><\/li>\n<li><strong>Seguridad de la aplicaci\u00f3n<\/strong><\/li>\n<li><strong>Cifrado web y protocolos seguros<\/strong><\/li>\n<li><strong>Filtrado y exposici\u00f3n de red<\/strong><\/li>\n<li><strong>Brechas conocidas \/ exfiltraci\u00f3n de datos<\/strong><\/li>\n<li><strong>Seguridad DNS<\/strong><\/li>\n<li><strong>Seguridad email<\/strong><\/li>\n<li><strong>Seguridad del hosting<\/strong><\/li>\n<li><strong>Controles de compliance<\/strong><\/li>\n<\/ul>\n<\/div><\/div>\n<\/div>\n\n<div class=\"et_pb_column_3 et_pb_column et-last-child et_flex_column et_pb_css_mix_blend_mode_passthrough et_flex_column_8_24 et_flex_column_8_24_tablet et_flex_column_24_24_phone\">\n<div class=\"et_pb_image_1 et_pb_image et_pb_module et_flex_module\"><a href=\"https:\/\/apeiroo.com\/wp-content\/uploads\/2026\/02\/Awatch2.png\" class=\"et_pb_lightbox_image\"><span class=\"et_pb_image_wrap\"><img loading=\"lazy\" decoding=\"async\" src=\"https:\/\/apeiroo.com\/wp-content\/uploads\/2026\/02\/Awatch2.png\" title=\"Awatch2\" width=\"1014\" height=\"580\" srcset=\"https:\/\/apeiroo.com\/wp-content\/uploads\/2026\/02\/Awatch2.png 1014w, https:\/\/apeiroo.com\/wp-content\/uploads\/2026\/02\/Awatch2-980x561.png 980w, https:\/\/apeiroo.com\/wp-content\/uploads\/2026\/02\/Awatch2-480x275.png 480w\" sizes=\"(min-width: 0px) and (max-width: 480px) 480px, (min-width: 481px) and (max-width: 980px) 980px, (min-width: 981px) 1014px, 100vw\" class=\"wp-image-647\" \/><\/span><\/a><\/div>\n\n<div class=\"et_pb_image_2 et_pb_image et_pb_module et_flex_module\"><a href=\"https:\/\/apeiroo.com\/wp-content\/uploads\/2026\/02\/Awatch1.png\" class=\"et_pb_lightbox_image\"><span class=\"et_pb_image_wrap\"><img loading=\"lazy\" decoding=\"async\" src=\"https:\/\/apeiroo.com\/wp-content\/uploads\/2026\/02\/Awatch1.png\" title=\"Awatch1\" width=\"1695\" height=\"1148\" srcset=\"https:\/\/apeiroo.com\/wp-content\/uploads\/2026\/02\/Awatch1.png 1695w, https:\/\/apeiroo.com\/wp-content\/uploads\/2026\/02\/Awatch1-1280x867.png 1280w, https:\/\/apeiroo.com\/wp-content\/uploads\/2026\/02\/Awatch1-980x664.png 980w, https:\/\/apeiroo.com\/wp-content\/uploads\/2026\/02\/Awatch1-480x325.png 480w\" sizes=\"(min-width: 0px) and (max-width: 480px) 480px, (min-width: 481px) and (max-width: 980px) 980px, (min-width: 981px) and (max-width: 1280px) 1280px, (min-width: 1281px) 1695px, 100vw\" class=\"wp-image-653\" \/><\/span><\/a><\/div>\n<\/div>\n<\/div>\n<\/div>\n\n<div class=\"et_pb_section_3 et_pb_section et_section_regular et_flex_section et_animated\">\n<div class=\"et_pb_row_3 et_pb_row et_flex_row\">\n<div class=\"et_pb_column_4 et_pb_column et_flex_column et_pb_css_mix_blend_mode_passthrough et_flex_column_16_24 et_flex_column_16_24_tablet et_flex_column_24_24_phone\">\n<div class=\"et_pb_image_3 et_pb_image et_pb_module et_flex_module\"><span class=\"et_pb_image_wrap\"><img loading=\"lazy\" decoding=\"async\" src=\"https:\/\/apeiroo.com\/wp-content\/uploads\/2026\/02\/ADRM-Logo.png\" title=\"ADRM Logo\" width=\"176\" height=\"31\" srcset=\"https:\/\/apeiroo.com\/wp-content\/uploads\/2026\/02\/ADRM-Logo.png 176w\" sizes=\"(max-width: 176px) 100vw, 176px\" class=\"wp-image-650\" \/><\/span><\/div>\n\n<div class=\"et_pb_text_3 et_pb_text et_pb_bg_layout_light et_pb_module et_flex_module\"><div class=\"et_pb_text_inner\"><p><strong>A-DRM es una tecnolog\u00eda 100% desarrollada por APEIROO <\/strong>que permite detectar, desde un drone, los dispositivos electr\u00f3nicos que emiten se\u00f1ales al aire (como m\u00f3viles, tablets, relojes, coches, routers\u2026) a trav\u00e9s de interfaces como Bluetooth, WiFi o redes m\u00f3viles.<\/p>\n<p>Esta soluci\u00f3n es totalmente pasiva, no interfiere, no se comunica con los dispositivos y no identifica a personas \u2014s\u00f3lo detecta las se\u00f1ales activas dentro de su alcance.<\/p>\n<p>La recopilaci\u00f3n de datos se realiza en tiempo real, y en caso de p\u00e9rdida temporal de conexi\u00f3n, el sistema es capaz de recuperar y enviar la informaci\u00f3n autom\u00e1ticamente tan pronto se restablezca la comunicaci\u00f3n.<\/p>\n<p>A-DRM es una herramienta poderosa y discreta para monitorizaci\u00f3n electr\u00f3nica en zonas amplias, ideal para situaciones de seguridad, auditor\u00edas de espectro, o control de accesos electr\u00f3nicos en eventos, instalaciones cr\u00edticas o zonas remotas.<\/p>\n<\/div><\/div>\n<\/div>\n\n<div class=\"et_pb_column_5 et_pb_column et-last-child et_flex_column et_pb_css_mix_blend_mode_passthrough et_flex_column_8_24 et_flex_column_8_24_tablet et_flex_column_24_24_phone\">\n<div class=\"et_pb_image_4 et_pb_image et_pb_module et_flex_module\"><a href=\"https:\/\/apeiroo.com\/wp-content\/uploads\/2026\/02\/ADRM1.png\" class=\"et_pb_lightbox_image\"><span class=\"et_pb_image_wrap\"><img loading=\"lazy\" decoding=\"async\" src=\"https:\/\/apeiroo.com\/wp-content\/uploads\/2026\/02\/ADRM1.png\" title=\"ADRM1\" width=\"569\" height=\"279\" srcset=\"https:\/\/apeiroo.com\/wp-content\/uploads\/2026\/02\/ADRM1.png 569w, https:\/\/apeiroo.com\/wp-content\/uploads\/2026\/02\/ADRM1-480x235.png 480w\" sizes=\"(min-width: 0px) and (max-width: 480px) 480px, (min-width: 481px) 569px, 100vw\" class=\"wp-image-652\" \/><\/span><\/a><\/div>\n\n<div class=\"et_pb_image_5 et_pb_image et_pb_module et_flex_module\"><a href=\"https:\/\/apeiroo.com\/wp-content\/uploads\/2026\/02\/ADRM2.jpg\" class=\"et_pb_lightbox_image\"><span class=\"et_pb_image_wrap\"><img loading=\"lazy\" decoding=\"async\" src=\"https:\/\/apeiroo.com\/wp-content\/uploads\/2026\/02\/ADRM2.jpg\" title=\"ADRM2\" width=\"1488\" height=\"732\" srcset=\"https:\/\/apeiroo.com\/wp-content\/uploads\/2026\/02\/ADRM2.jpg 1488w, https:\/\/apeiroo.com\/wp-content\/uploads\/2026\/02\/ADRM2-1280x630.jpg 1280w, https:\/\/apeiroo.com\/wp-content\/uploads\/2026\/02\/ADRM2-980x482.jpg 980w, https:\/\/apeiroo.com\/wp-content\/uploads\/2026\/02\/ADRM2-480x236.jpg 480w\" sizes=\"(min-width: 0px) and (max-width: 480px) 480px, (min-width: 481px) and (max-width: 980px) 980px, (min-width: 981px) and (max-width: 1280px) 1280px, (min-width: 1281px) 1488px, 100vw\" class=\"wp-image-651\" \/><\/span><\/a><\/div>\n<\/div>\n<\/div>\n<\/div>\n\n<div class=\"et_pb_section_4 et_pb_section et_section_regular et_flex_section et_animated\">\n<div class=\"et_pb_row_4 et_pb_row et_flex_row\">\n<div class=\"et_pb_column_6 et_pb_column et_flex_column et_pb_css_mix_blend_mode_passthrough et_flex_column_16_24 et_flex_column_16_24_tablet et_flex_column_24_24_phone\">\n<div class=\"et_pb_image_6 et_pb_image et_pb_module et_flex_module\"><span class=\"et_pb_image_wrap\"><img loading=\"lazy\" decoding=\"async\" src=\"https:\/\/apeiroo.com\/wp-content\/uploads\/2026\/02\/ufreedoms-logo.png\" title=\"ufreedoms logo\" width=\"2300\" height=\"1036\" srcset=\"https:\/\/apeiroo.com\/wp-content\/uploads\/2026\/02\/ufreedoms-logo.png 2300w, https:\/\/apeiroo.com\/wp-content\/uploads\/2026\/02\/ufreedoms-logo-1280x577.png 1280w, https:\/\/apeiroo.com\/wp-content\/uploads\/2026\/02\/ufreedoms-logo-980x441.png 980w, https:\/\/apeiroo.com\/wp-content\/uploads\/2026\/02\/ufreedoms-logo-480x216.png 480w\" sizes=\"(min-width: 0px) and (max-width: 480px) 480px, (min-width: 481px) and (max-width: 980px) 980px, (min-width: 981px) and (max-width: 1280px) 1280px, (min-width: 1281px) 2300px, 100vw\" class=\"wp-image-656\" \/><\/span><\/div>\n\n<div class=\"et_pb_text_4 et_pb_text et_pb_bg_layout_light et_pb_module et_flex_module\"><div class=\"et_pb_text_inner\"><p>La mensajer\u00eda\u00a0instant\u00e1nea se ha vuelto\u00a0imprescindible\u00a0en\u00a0el\u00a0entorno\u00a0empresarial\u00a0por\u00a0su\u00a0inmediatez y eficiencia, pero las plataformas\u00a0actuales\u00a0presentan graves riesgos de cumplimiento\u00a0normativo y fugas de documentaci\u00f3n sensible al no diferenciar entre el\u00a0\u00e1mbito personal y el\u00a0profesional. <strong>ufreedoms<\/strong> surge como la soluci\u00f3n\u00a0definitiva, dise\u00f1ada\u00a0desde la primera\u00a0l\u00ednea de\u00a0c\u00f3digo para ofrecer la m\u00e1xima\u00a0seguridad y privacidad sin renunciar a la usabilidad. Es una\u00a0plataforma de comunicaci\u00f3n\u00a0blindada que responde a las exigencias del entorno\u00a0corporativo\u00a0moderno, superando las vulnerabilidades de las aplicaciones de mensajer\u00eda\u00a0convencionales.<\/p>\n<p>Definida\u00a0como \"Chat 2.0\", ufreedoms\u00a0garantiza\u00a0el\u00a0anonimato total al no requerir\u00a0n\u00famero de tel\u00e9fono\u00a0ni email para el\u00a0registro, utilizando\u00a0en\u00a0su\u00a0lugar un \"Twin\" \u00fanico. La plataforma\u00a0asegura que la informaci\u00f3n sea ef\u00edmera: los\u00a0mensajes\u00a0cifrados se eliminan\u00a0autom\u00e1ticamente 120 segundos\u00a0despu\u00e9s de su\u00a0lectura y no se almacenan\u00a0ni\u00a0en\u00a0el\u00a0dispositivo\u00a0ni\u00a0en\u00a0los\u00a0servidores, los\u00a0cuales se resetean\u00a0cada hora para borrar\u00a0cualquier\u00a0metadato. Disponible en\u00a0versi\u00f3n web y m\u00f3vil (Android\/iOS), ofrece\u00a0funcionalidades\u00a0completas\u00a0como\u00a0llamadas, videollamadas y transferencia\u00a0segura de archivos, con versiones\u00a0Corporativa y Enterprise dise\u00f1adas\u00a0espec\u00edficamente para separar y proteger las comunicaciones de negocio.<\/p>\n<\/div><\/div>\n<\/div>\n\n<div class=\"et_pb_column_7 et_pb_column et-last-child et_flex_column et_pb_css_mix_blend_mode_passthrough et_flex_column_8_24 et_flex_column_8_24_tablet et_flex_column_24_24_phone\">\n<div class=\"et_pb_image_7 et_pb_image et_pb_module et_flex_module\"><a href=\"https:\/\/apeiroo.com\/wp-content\/uploads\/2026\/02\/ufreedoms2.jpeg\" class=\"et_pb_lightbox_image\"><span class=\"et_pb_image_wrap\"><img loading=\"lazy\" decoding=\"async\" src=\"https:\/\/apeiroo.com\/wp-content\/uploads\/2026\/02\/ufreedoms2.jpeg\" title=\"ufreedoms2\" width=\"464\" height=\"756\" srcset=\"https:\/\/apeiroo.com\/wp-content\/uploads\/2026\/02\/ufreedoms2.jpeg 464w, https:\/\/apeiroo.com\/wp-content\/uploads\/2026\/02\/ufreedoms2-184x300.jpeg 184w\" sizes=\"(max-width: 464px) 100vw, 464px\" class=\"wp-image-657\" \/><\/span><\/a><\/div>\n\n<div class=\"et_pb_image_8 et_pb_image et_pb_module et_flex_module\"><a href=\"https:\/\/apeiroo.com\/wp-content\/uploads\/2026\/02\/ufreedoms1.jpg\" class=\"et_pb_lightbox_image\"><span class=\"et_pb_image_wrap\"><img loading=\"lazy\" decoding=\"async\" src=\"https:\/\/apeiroo.com\/wp-content\/uploads\/2026\/02\/ufreedoms1.jpg\" title=\"ufreedoms1\" width=\"464\" height=\"756\" srcset=\"https:\/\/apeiroo.com\/wp-content\/uploads\/2026\/02\/ufreedoms1.jpg 464w, https:\/\/apeiroo.com\/wp-content\/uploads\/2026\/02\/ufreedoms1-184x300.jpg 184w\" sizes=\"(max-width: 464px) 100vw, 464px\" class=\"wp-image-658\" \/><\/span><\/a><\/div>\n<\/div>\n<\/div>\n<\/div>\n\n<div class=\"et_pb_section_5 et_pb_section et_section_regular et_flex_section et_animated\">\n<div class=\"et_pb_row_5 et_pb_row et_flex_row\">\n<div class=\"et_pb_column_8 et_pb_column et_flex_column et_pb_css_mix_blend_mode_passthrough et_flex_column_16_24 et_flex_column_16_24_tablet et_flex_column_24_24_phone\">\n<div class=\"et_pb_image_9 et_pb_image et_pb_module et_flex_module\"><span class=\"et_pb_image_wrap\"><img loading=\"lazy\" decoding=\"async\" src=\"https:\/\/apeiroo.com\/wp-content\/uploads\/2026\/02\/snupper.png\" title=\"snupper\" width=\"1238\" height=\"594\" srcset=\"https:\/\/apeiroo.com\/wp-content\/uploads\/2026\/02\/snupper.png 1238w, https:\/\/apeiroo.com\/wp-content\/uploads\/2026\/02\/snupper-980x470.png 980w, https:\/\/apeiroo.com\/wp-content\/uploads\/2026\/02\/snupper-480x230.png 480w\" sizes=\"(min-width: 0px) and (max-width: 480px) 480px, (min-width: 481px) and (max-width: 980px) 980px, (min-width: 981px) 1238px, 100vw\" class=\"wp-image-663\" \/><\/span><\/div>\n\n<div class=\"et_pb_text_5 et_pb_text et_pb_bg_layout_light et_pb_module et_flex_module\"><div class=\"et_pb_text_inner\"><p><strong>Snupper: Inteligencia\u00a0Pasiva\u00a0en\u00a0Tiempo Real bajo Patente<\/strong><\/p>\n<p>Desarrollada\u00a0\u00edntegramente\u00a0por\u00a0APEIROO y protegida\u00a0por\u00a0patente\u00a0(P201631455), Snupper es una\u00a0plataforma de vigilancia\u00a0tecnol\u00f3gica\u00a0revolucionaria. A diferencia de las soluciones\u00a0tradicionales, Snupper\u00a0realiza\u00a0una\u00a0identificaci\u00f3n y monitoreo\u00a0pasivo de smartphones y dispositivos\u00a0inteligentes\u00a0en\u00a0tiempo real, sin que el\u00a0usuario\u00a0necesite\u00a0instalar\u00a0ninguna\u00a0aplicaci\u00f3n o realizar\u00a0acci\u00f3n\u00a0alguna. Utilizando\u00a0una red de sensores\u00a0avanzados (incluyendo\u00a0tecnolog\u00eda 5G), el\u00a0sistema\u00a0crea\u00a0identificadores\u00a0\u00fanicos\u00a0permanentes y correlaciona\u00a0datos para ofrecer\u00a0una\u00a0visibilidad del entorno sin precedentes a trav\u00e9s de un dashboard anal\u00edtico.<\/p>\n<p>Snupper\u00a0transforma\u00a0datos\u00a0pasivos\u00a0en\u00a0ventaja\u00a0estrat\u00e9gica. En el\u00a0\u00e1mbito de la seguridad, detecta\u00a0pasivamente a personal no autorizado y utiliza IA para generar\u00a0alertas\u00a0inmediatas ante patrones de actividad\u00a0peligrosa. Simult\u00e1neamente, en\u00a0entornos\u00a0corporativos o comerciales, permite\u00a0identificar\u00a0clientes VIP al instante, predecir\u00a0comportamientos, segmentar\u00a0usuarios\u00a0por\u00a0h\u00e1bitos y gestionar\u00a0flujos de personas y colas de manera\u00a0inteligente.<\/p>\n<\/div><\/div>\n<\/div>\n\n<div class=\"et_pb_column_9 et_pb_column et-last-child et_flex_column et_pb_css_mix_blend_mode_passthrough et_flex_column_8_24 et_flex_column_8_24_tablet et_flex_column_24_24_phone\">\n<div class=\"et_pb_image_10 et_pb_image et_pb_module et_flex_module\"><a href=\"https:\/\/apeiroo.com\/wp-content\/uploads\/2026\/02\/Snupper-2.png\" class=\"et_pb_lightbox_image\"><span class=\"et_pb_image_wrap\"><img loading=\"lazy\" decoding=\"async\" src=\"https:\/\/apeiroo.com\/wp-content\/uploads\/2026\/02\/Snupper-2.png\" title=\"Snupper 2\" width=\"1988\" height=\"1170\" srcset=\"https:\/\/apeiroo.com\/wp-content\/uploads\/2026\/02\/Snupper-2.png 1988w, https:\/\/apeiroo.com\/wp-content\/uploads\/2026\/02\/Snupper-2-1280x753.png 1280w, https:\/\/apeiroo.com\/wp-content\/uploads\/2026\/02\/Snupper-2-980x577.png 980w, https:\/\/apeiroo.com\/wp-content\/uploads\/2026\/02\/Snupper-2-480x282.png 480w\" sizes=\"(min-width: 0px) and (max-width: 480px) 480px, (min-width: 481px) and (max-width: 980px) 980px, (min-width: 981px) and (max-width: 1280px) 1280px, (min-width: 1281px) 1988px, 100vw\" class=\"wp-image-662\" \/><\/span><\/a><\/div>\n\n<div class=\"et_pb_image_11 et_pb_image et_pb_module et_flex_module\"><a href=\"https:\/\/apeiroo.com\/wp-content\/uploads\/2026\/02\/snuppeer3.png\" class=\"et_pb_lightbox_image\"><span class=\"et_pb_image_wrap\"><img loading=\"lazy\" decoding=\"async\" src=\"https:\/\/apeiroo.com\/wp-content\/uploads\/2026\/02\/snuppeer3.png\" title=\"snuppeer3\" width=\"2484\" height=\"1741\" srcset=\"https:\/\/apeiroo.com\/wp-content\/uploads\/2026\/02\/snuppeer3.png 2484w, https:\/\/apeiroo.com\/wp-content\/uploads\/2026\/02\/snuppeer3-1280x897.png 1280w, https:\/\/apeiroo.com\/wp-content\/uploads\/2026\/02\/snuppeer3-980x687.png 980w, https:\/\/apeiroo.com\/wp-content\/uploads\/2026\/02\/snuppeer3-480x336.png 480w\" sizes=\"(min-width: 0px) and (max-width: 480px) 480px, (min-width: 481px) and (max-width: 980px) 980px, (min-width: 981px) and (max-width: 1280px) 1280px, (min-width: 1281px) 2484px, 100vw\" class=\"wp-image-661\" \/><\/span><\/a><\/div>\n<\/div>\n<\/div>\n<\/div>\n\n<div class=\"et_pb_section_6 et_pb_section et_section_regular et_flex_section et_animated\">\n<div class=\"et_pb_row_6 et_pb_row et_flex_row\">\n<div class=\"et_pb_column_10 et_pb_column et_flex_column et_pb_css_mix_blend_mode_passthrough et_flex_column_16_24 et_flex_column_16_24_tablet et_flex_column_24_24_phone\">\n<div class=\"et_pb_image_12 et_pb_image et_pb_module et_flex_module\"><span class=\"et_pb_image_wrap\"><img loading=\"lazy\" decoding=\"async\" src=\"https:\/\/apeiroo.com\/wp-content\/uploads\/2026\/02\/ealert_ico.webp\" title=\"ealert_ico\" width=\"930\" height=\"591\" srcset=\"https:\/\/apeiroo.com\/wp-content\/uploads\/2026\/02\/ealert_ico.webp 930w, https:\/\/apeiroo.com\/wp-content\/uploads\/2026\/02\/ealert_ico-480x305.webp 480w\" sizes=\"(min-width: 0px) and (max-width: 480px) 480px, (min-width: 481px) 930px, 100vw\" class=\"wp-image-717\" \/><\/span><\/div>\n\n<div class=\"et_pb_text_6 et_pb_text et_pb_bg_layout_light et_pb_module et_flex_module\"><div class=\"et_pb_text_inner\"><p>Dise\u00f1ada\u00a0espec\u00edficamente para la protecci\u00f3n de VIPs y activos de alto valor, esta\u00a0plataforma\u00a0utiliza\u00a0una\u00a0arquitectura de localizaci\u00f3n de alta\u00a0precisi\u00f3n que trasciende\u00a0el\u00a0uso\u00a0convencional del GPS. Al activarse\u00a0una\u00a0alerta, el\u00a0sistema\u00a0captura y transmite\u00a0en\u00a0tiempo real un paquete de datos\u00a0redundante que incluye\u00a0coordenadas\u00a0geogr\u00e1ficas, geolocalizaci\u00f3n\u00a0por IP, escaneo de redes WiFi, dispositivos Bluetooth cercanos e informaci\u00f3n de torres de telefon\u00eda. Esta infraestructura\u00a0t\u00e9cnica\u00a0garantiza\u00a0una\u00a0ubicaci\u00f3n exacta y una\u00a0visibilidad total de la situaci\u00f3n\u00a0en\u00a0entornos\u00a0cr\u00edticos, permitiendo\u00a0una\u00a0respuesta\u00a0inmediata y eficiente. Desde\u00a0el punto de vista operativo y comercial, nuestra\u00a0tecnolog\u00eda\u00a0ofrece\u00a0una\u00a0versatilidad sin precedentes a trav\u00e9s de tres\u00a0modos\u00a0especializados: <strong>P\u00e1nico<\/strong><strong>, Transporte y <\/strong><strong>Acuda<\/strong>. El sistema permite desde la emisi\u00f3n de alertas instant\u00e1neas ante incidentes hasta la monitorizaci\u00f3n continua minuto a minuto de trayectos, registrando rutas completas, velocidades medias y distancias totales en paneles de historial detallados. Para servicios profesionales de seguridad f\u00edsica, el modo Acuda integra funciones clave como la supervisi\u00f3n constante por la central y el registro de <strong>custodia de llaves<\/strong>, optimizando la gesti\u00f3n de los\u00a0empleados y la seguridad de los\u00a0activos. Al ser un desarrollo\u00a0propio, <strong>eAlerts<\/strong> se posiciona\u00a0como\u00a0una\u00a0herramienta robusta, privada y escalable que transforma\u00a0cualquier\u00a0dispositivo\u00a0m\u00f3vil\u00a0en un terminal de seguridad\u00a0profesional de alto rendimiento.<\/p>\n<\/div><\/div>\n<\/div>\n\n<div class=\"et_pb_column_11 et_pb_column et-last-child et_flex_column et_pb_css_mix_blend_mode_passthrough et_flex_column_8_24 et_flex_column_8_24_tablet et_flex_column_24_24_phone\">\n<div class=\"et_pb_image_13 et_pb_image et_pb_module et_flex_module\"><a href=\"https:\/\/apeiroo.com\/wp-content\/uploads\/2026\/02\/eAlerts2.jpg\" class=\"et_pb_lightbox_image\"><span class=\"et_pb_image_wrap\"><img loading=\"lazy\" decoding=\"async\" src=\"https:\/\/apeiroo.com\/wp-content\/uploads\/2026\/02\/eAlerts2.jpg\" title=\"eAlerts2\" width=\"991\" height=\"1761\" srcset=\"https:\/\/apeiroo.com\/wp-content\/uploads\/2026\/02\/eAlerts2.jpg 991w, https:\/\/apeiroo.com\/wp-content\/uploads\/2026\/02\/eAlerts2-980x1741.jpg 980w, https:\/\/apeiroo.com\/wp-content\/uploads\/2026\/02\/eAlerts2-480x853.jpg 480w\" sizes=\"(min-width: 0px) and (max-width: 480px) 480px, (min-width: 481px) and (max-width: 980px) 980px, (min-width: 981px) 991px, 100vw\" class=\"wp-image-666\" \/><\/span><\/a><\/div>\n\n<div class=\"et_pb_image_14 et_pb_image et_pb_module et_flex_module\"><a href=\"https:\/\/apeiroo.com\/wp-content\/uploads\/2026\/02\/eAlerts3.jpg\" class=\"et_pb_lightbox_image\"><span class=\"et_pb_image_wrap\"><img loading=\"lazy\" decoding=\"async\" src=\"https:\/\/apeiroo.com\/wp-content\/uploads\/2026\/02\/eAlerts3.jpg\" title=\"eAlerts3\" width=\"991\" height=\"1761\" srcset=\"https:\/\/apeiroo.com\/wp-content\/uploads\/2026\/02\/eAlerts3.jpg 991w, https:\/\/apeiroo.com\/wp-content\/uploads\/2026\/02\/eAlerts3-980x1741.jpg 980w, https:\/\/apeiroo.com\/wp-content\/uploads\/2026\/02\/eAlerts3-480x853.jpg 480w\" sizes=\"(min-width: 0px) and (max-width: 480px) 480px, (min-width: 481px) and (max-width: 980px) 980px, (min-width: 981px) 991px, 100vw\" class=\"wp-image-665\" \/><\/span><\/a><\/div>\n<\/div>\n<\/div>\n<\/div>","protected":false},"excerpt":{"rendered":"","protected":false},"author":1,"featured_media":0,"parent":0,"menu_order":0,"comment_status":"closed","ping_status":"closed","template":"","meta":{"footnotes":""},"class_list":["post-336","page","type-page","status-publish","hentry"],"_links":{"self":[{"href":"https:\/\/apeiroo.com\/es_ES\/wp-json\/wp\/v2\/pages\/336","targetHints":{"allow":["GET"]}}],"collection":[{"href":"https:\/\/apeiroo.com\/es_ES\/wp-json\/wp\/v2\/pages"}],"about":[{"href":"https:\/\/apeiroo.com\/es_ES\/wp-json\/wp\/v2\/types\/page"}],"author":[{"embeddable":true,"href":"https:\/\/apeiroo.com\/es_ES\/wp-json\/wp\/v2\/users\/1"}],"replies":[{"embeddable":true,"href":"https:\/\/apeiroo.com\/es_ES\/wp-json\/wp\/v2\/comments?post=336"}],"version-history":[{"count":20,"href":"https:\/\/apeiroo.com\/es_ES\/wp-json\/wp\/v2\/pages\/336\/revisions"}],"predecessor-version":[{"id":794,"href":"https:\/\/apeiroo.com\/es_ES\/wp-json\/wp\/v2\/pages\/336\/revisions\/794"}],"wp:attachment":[{"href":"https:\/\/apeiroo.com\/es_ES\/wp-json\/wp\/v2\/media?parent=336"}],"curies":[{"name":"wp","href":"https:\/\/api.w.org\/{rel}","templated":true}]}}