{"id":297,"date":"2026-02-03T12:36:10","date_gmt":"2026-02-03T11:36:10","guid":{"rendered":"https:\/\/ap4592jwt1io3f.apeiroo.com\/?page_id=297"},"modified":"2026-03-09T08:24:30","modified_gmt":"2026-03-09T07:24:30","slug":"consultorias","status":"publish","type":"page","link":"https:\/\/apeiroo.com\/es_ES\/cyberseguridad\/consultorias\/","title":{"rendered":"Consultor\u00edas"},"content":{"rendered":"<div class=\"et_pb_section_0 et_pb_section et_section_regular et_flex_section et_animated\">\n<div class=\"et_pb_row_0 et_pb_row et_flex_row\">\n<div class=\"et_pb_column_0 et_pb_column et-last-child et_flex_column et_pb_css_mix_blend_mode_passthrough et_flex_column_24_24 et_flex_column_24_24_tablet et_flex_column_24_24_phone\">\n<div class=\"et_pb_heading_0 et_pb_heading et_pb_module et_flex_module\"><div class=\"et_pb_heading_container\"><h1 class=\"et_pb_module_header\">Consultor\u00eda<\/h1><\/div><\/div>\n\n<div class=\"et_pb_text_0 et_pb_text et_pb_bg_layout_light et_pb_module et_flex_module\"><div class=\"et_pb_text_inner\"><p style=\"text-align: justify;\">Hemos\u00a0guiado\u00a0a\u00a0organizaciones\u00a0l\u00edderes\u00a0en\u00a0toda la Uni\u00f3n Europea, Arabia Saudita (KSA) y Emiratos\u00a0\u00c1rabes Unidos (EAU) a\u00a0alcanzar las m\u00e1s\u00a0altas\u00a0certificaciones\u00a0internacionales (ISO 27001, ISO 9001, ISO 20000) y a cumplir con normativas\u00a0cr\u00edticas (NIS2, DORA) en\u00a0tiempos\u00a0r\u00e9cord y con una\u00a0eficiencia sin precedentes.<\/p>\n<p style=\"text-align: justify;\">Le ayudamos a dise\u00f1ar e implantar\u00a0su Sistema de Gesti\u00f3n de Seguridad de la Informaci\u00f3n (SGSI) y otros\u00a0marcos de gobierno, no solo para obtener un certificado, sino para optimizar sus procesos, reducir\u00a0el\u00a0riesgo y ahorrar\u00a0cientos de horas de trabajo manual a sus equipos de TI y cumplimiento\u00a0mediante la automatizaci\u00f3n\u00a0inteligente y una\u00a0metodolog\u00eda\u00a0probada.<\/p>\n<p style=\"text-align: center;\"><strong>\u00a1NO SE QUEDE ATR\u00c1S Y ALCANCE LA EXCELENCIA CERTIFICADA!<\/strong><\/p>\n<p style=\"text-align: justify;\"><strong>El cumplimiento no es un destino, es un viaje continuo. Contacte con hoy mismo para elevar\u00a0su\u00a0est\u00e1ndar de gobernanza y convertir\u00a0el\u00a0cumplimiento\u00a0en un pilar estrat\u00e9gico de su\u00a0organizaci\u00f3n.<\/strong><\/p>\n<\/div><\/div>\n<\/div>\n<\/div>\n<\/div>\n\n<div class=\"et_pb_section_1 et_pb_section et_section_regular et_flex_section\">\n<div class=\"et_pb_row_1 et_pb_row et_flex_row\">\n<div class=\"et_pb_column_1 et_pb_column et_flex_column et_pb_css_mix_blend_mode_passthrough et_flex_column_12_24 et_flex_column_12_24_tablet et_flex_column_24_24_phone\">\n<div class=\"et_pb_text_1 et_pb_text et_pb_bg_layout_light et_pb_module et_flex_module\"><div class=\"et_pb_text_inner\"><h4 class=\"et_pb_module_header\">ISO 9001:2015<\/h4>\n<h5 class=\"et_pb_module_header\">EXCELENCIA EN LA GESTI\u00d3N DE LA CALIDAD<\/h5>\n<div class=\"et_pb_blurb_description\">\n<p>\u00a0<\/p>\n<p style=\"text-align: justify;\">Esta certificaci\u00f3n no es solo un sello de calidad; es un compromiso con la mejora continua y la eficiencia operativa. Ayuda a su organizaci\u00f3n a demostrar ante clientes y partes interesadas su capacidad\u00a0 inquebrantable para entregar productos y servicios que cumplen consistentemente con los requisitos m\u00e1s exigentes y la legislaci\u00f3n aplicable. Dise\u00f1amos un Sistema de Gesti\u00f3n de Calidad (SGC) a medida que optimiza la asignaci\u00f3n de recursos, clarifica responsabilidades y establece m\u00e9tricas de desempe\u00f1o claras para asegurar el logro de sus objetivos estrat\u00e9gicos.<\/p>\n<\/div>\n<\/div><\/div>\n<\/div>\n\n<div class=\"et_pb_column_2 et_pb_column et-last-child et_flex_column et_pb_css_mix_blend_mode_passthrough et_flex_column_12_24 et_flex_column_12_24_tablet et_flex_column_24_24_phone\">\n<div class=\"et_pb_text_2 et_pb_text et_pb_bg_layout_light et_pb_module et_flex_module\"><div class=\"et_pb_text_inner\"><h4 class=\"et_pb_module_header\">ISO 27001:2022<\/h4>\n<h5 class=\"et_pb_module_header\">\u00a0SEGURIDAD DE LA INFORMACI\u00d3N DE CLASE MUNDIAL<\/h5>\n<div class=\"et_pb_blurb_description\">\n<p>\u00a0<\/p>\n<p style=\"text-align: justify;\">La norma internacional de referencia para la implementaci\u00f3n de un Sistema de Gesti\u00f3n de Seguridad de la Informaci\u00f3n (SGSI). Su versi\u00f3n 2022 est\u00e1 dise\u00f1ada para hacer frente a las amenazas modernas, garantizando la adopci\u00f3n de controles de seguridad adecuados y proporcionados al riesgo. Obtener la certificaci\u00f3n ISO 27001 no solo protege sus activos de informaci\u00f3n m\u00e1s cr\u00edticos, sino que es fundamental para generar confianza en clientes y empleados, asegurar la confidencialidad, integridad y disponibilidad de los datos, y demostrar un cumplimiento robusto de la normativa legal y regulatoria.<\/p>\n<\/div>\n<\/div><\/div>\n<\/div>\n<\/div>\n\n<div class=\"et_pb_row_2 et_pb_row et_flex_row\">\n<div class=\"et_pb_column_3 et_pb_column et_flex_column et_pb_css_mix_blend_mode_passthrough et_flex_column_12_24 et_flex_column_12_24_tablet et_flex_column_24_24_phone\">\n<div class=\"et_pb_text_3 et_pb_text et_pb_bg_layout_light et_pb_module et_flex_module\"><div class=\"et_pb_text_inner\"><h4 class=\"et_pb_module_header\">CUMPLIMIENTO NORMATIVO EUROPEO<\/h4>\n<h5 class=\"et_pb_module_header\">(NIS2 y DORA)<\/h5>\n<div class=\"et_pb_blurb_description\">\n<p>\u00a0<\/p>\n<p><strong>Resiliencia\u00a0Operativa\u00a0en\u00a0Sectores\u00a0Cr\u00edticos y Financieros.\u00a0<\/strong>Preparamos a su organizaci\u00f3n para cumplir con las directivas europeas m\u00e1s exigentes. Le guiamos en la implementaci\u00f3n de los requisitos de la Directiva NIS2 (para entidades esenciales e importantes) y el Reglamento DORA (para el sector financiero), asegurando la resiliencia operativa digital y la gesti\u00f3n proactiva de riesgos de terceros y de la cadena de suministro.<\/p>\n<\/div>\n<\/div><\/div>\n<\/div>\n\n<div class=\"et_pb_column_4 et_pb_column et-last-child et_flex_column et_pb_css_mix_blend_mode_passthrough et_flex_column_12_24 et_flex_column_12_24_tablet et_flex_column_24_24_phone\">\n<div class=\"et_pb_text_4 et_pb_text et_pb_bg_layout_light et_pb_module et_flex_module\"><div class=\"et_pb_text_inner\"><h4 class=\"et_pb_module_header\">ESQUEMA NACIONAL DE SEGURIDAD<\/h4>\n<h5 class=\"et_pb_module_header\">(ENS)<\/h5>\n<div class=\"et_pb_blurb_description\">\n<p>\u00a0<\/p>\n<p><strong>Cumplimiento para el Sector P\u00fablico y sus Proveedores.<\/strong> Asesoramiento experto para la adecuaci\u00f3n y certificaci\u00f3n al Esquema Nacional de Seguridad (ENS) en sus niveles B\u00e1sico, Medio y Alto, un requisito indispensable para operar con la Administraci\u00f3n P\u00fablica espa\u00f1ola y garantizar la seguridad de los sistemas de informaci\u00f3n.<\/p>\n<\/div>\n<\/div><\/div>\n<\/div>\n<\/div>\n<\/div>","protected":false},"excerpt":{"rendered":"","protected":false},"author":1,"featured_media":0,"parent":17,"menu_order":0,"comment_status":"closed","ping_status":"closed","template":"","meta":{"footnotes":""},"class_list":["post-297","page","type-page","status-publish","hentry"],"_links":{"self":[{"href":"https:\/\/apeiroo.com\/es_ES\/wp-json\/wp\/v2\/pages\/297","targetHints":{"allow":["GET"]}}],"collection":[{"href":"https:\/\/apeiroo.com\/es_ES\/wp-json\/wp\/v2\/pages"}],"about":[{"href":"https:\/\/apeiroo.com\/es_ES\/wp-json\/wp\/v2\/types\/page"}],"author":[{"embeddable":true,"href":"https:\/\/apeiroo.com\/es_ES\/wp-json\/wp\/v2\/users\/1"}],"replies":[{"embeddable":true,"href":"https:\/\/apeiroo.com\/es_ES\/wp-json\/wp\/v2\/comments?post=297"}],"version-history":[{"count":12,"href":"https:\/\/apeiroo.com\/es_ES\/wp-json\/wp\/v2\/pages\/297\/revisions"}],"predecessor-version":[{"id":2360,"href":"https:\/\/apeiroo.com\/es_ES\/wp-json\/wp\/v2\/pages\/297\/revisions\/2360"}],"up":[{"embeddable":true,"href":"https:\/\/apeiroo.com\/es_ES\/wp-json\/wp\/v2\/pages\/17"}],"wp:attachment":[{"href":"https:\/\/apeiroo.com\/es_ES\/wp-json\/wp\/v2\/media?parent=297"}],"curies":[{"name":"wp","href":"https:\/\/api.w.org\/{rel}","templated":true}]}}