{"id":282,"date":"2026-02-03T12:20:11","date_gmt":"2026-02-03T11:20:11","guid":{"rendered":"https:\/\/ap4592jwt1io3f.apeiroo.com\/?page_id=282"},"modified":"2026-03-09T08:19:22","modified_gmt":"2026-03-09T07:19:22","slug":"tecnoligias","status":"publish","type":"page","link":"https:\/\/apeiroo.com\/es_ES\/cyberseguridad\/tecnoligias\/","title":{"rendered":"Servicios Seguridad Gestionada (SOC)"},"content":{"rendered":"<div class=\"et_pb_section_0 et_pb_section et_section_regular et_flex_section et_animated\">\n<div class=\"et_pb_row_0 et_pb_row et_flex_row\">\n<div class=\"et_pb_column_0 et_pb_column et-last-child et_flex_column et_pb_css_mix_blend_mode_passthrough et_flex_column_24_24 et_flex_column_24_24_tablet et_flex_column_24_24_phone\">\n<div class=\"et_pb_text_0 et_pb_text et_pb_bg_layout_light et_pb_module et_flex_module\"><div class=\"et_pb_text_inner\"><h1>Servicios Seguridad Gestionada<br \/><span style=\"color: #008000;\">(SOC)<\/span><\/h1>\n<\/div><\/div>\n\n<div class=\"et_pb_text_1 et_pb_text et_pb_bg_layout_light et_pb_module et_flex_module\"><\/div>\n\n<div class=\"et_pb_text_2 et_pb_text et_pb_bg_layout_light et_pb_module et_flex_module\"><div class=\"et_pb_text_inner\"><p style=\"text-align: justify;\">En el panorama actual de hiper-amenazas, la monitorizaci\u00f3n\u00a0pasiva es obsoleta. Los adversarios\u00a0operan 24\/7, utilizan\u00a0automatizaci\u00f3n\u00a0avanzada y se mueven\u00a0r\u00e1pido. Su defensa\u00a0debe ser igual. Desde\u00a0nuestro\u00a0<strong>SOC <\/strong><strong>en<\/strong><strong> Sevilla<\/strong>, operamos\u00a0una\u00a0fuerza de defensa\u00a0activa\u00a0que fusiona\u00a0la mejor inteligencia\u00a0humana de operadores\u00a0experimentados con la velocidad de la Inteligencia Artificial y la orquestaci\u00f3n\u00a0avanzada para vigilar, detectar y neutralizar amenazas en tiempo real a\u00a0escala global.<\/p>\n<p style=\"text-align: justify;\"><strong>No somos un servicio de alarmas; somos\u00a0su\u00a0primera\u00a0l\u00ednea de defensa.<\/strong><\/p>\n<\/div><\/div>\n<\/div>\n<\/div>\n<\/div>\n\n<div class=\"et_pb_section_1 et_pb_section et_section_regular et_flex_section\">\n<div class=\"et_pb_row_1 et_pb_row et_flex_row et_animated\">\n<div class=\"et_pb_column_1 et_pb_column et_flex_column et_pb_css_mix_blend_mode_passthrough et_flex_column_8_24 et_flex_column_8_24_tablet et_flex_column_24_24_phone\">\n<div class=\"et_pb_icon_0 et_pb_icon et_pb_module et_flex_module\"><span class=\"et_pb_icon_wrap\"><span class=\"et-pb-icon\">\uf573<\/span><\/span><\/div>\n<\/div>\n\n<div class=\"et_pb_column_2 et_pb_column et-last-child et_flex_column et_pb_css_mix_blend_mode_passthrough et_flex_column_16_24 et_flex_column_16_24_tablet et_flex_column_24_24_phone\">\n<div class=\"et_pb_text_3 et_pb_text et_pb_bg_layout_light et_pb_module et_flex_module\"><div class=\"et_pb_text_inner\"><h2 class=\"et_pb_module_header\">MONITORIZACI\u00d3N Y VISIBILIDAD DE ESPECTRO COMPLETO (XDR\/SIEM NG)<\/h2>\n<p><span><\/span><\/p>\n<div class=\"et_pb_blurb_description\">\n<p>Superamos\u00a0los logs tradicionales. Ingestamos, correlacionamos y analizamos\u00a0en\u00a0tiempo real la telemetr\u00eda de toda\u00a0su\u00a0superficie de ataque: endpoints (EDR), redes (NDR), nube (Cloud), identidad y aplicaciones SaaS.<\/p>\n<\/div>\n<\/div><\/div>\n<\/div>\n<\/div>\n\n<div class=\"et_pb_row_2 et_pb_row et_flex_row et_animated\">\n<div class=\"et_pb_column_3 et_pb_column et_flex_column et_pb_css_mix_blend_mode_passthrough et_flex_column_8_24 et_flex_column_8_24_tablet et_flex_column_24_24_phone\">\n<div class=\"et_pb_icon_1 et_pb_icon et_pb_module et_flex_module\"><span class=\"et_pb_icon_wrap\"><span class=\"et-pb-icon\">U<\/span><\/span><\/div>\n<\/div>\n\n<div class=\"et_pb_column_4 et_pb_column et-last-child et_flex_column et_pb_css_mix_blend_mode_passthrough et_flex_column_16_24 et_flex_column_16_24_tablet et_flex_column_24_24_phone\">\n<div class=\"et_pb_text_4 et_pb_text et_pb_bg_layout_light et_pb_module et_flex_module\"><div class=\"et_pb_text_inner\"><h2 class=\"et_pb_module_header\">DETECCI\u00d3N AVANZADA IMPULSADA POR IA E INTELIGENCIA ESTRAT\u00c9GICA<\/h2>\n<p><span><\/span><\/p>\n<div class=\"et_pb_blurb_description\">\n<p>Las firmas ya no son suficientes. Aplicamos modelos de Inteligencia Artificial y an\u00e1lisis de comportamiento (UEBA) para detectar anomal\u00edas sutiles que indican o movimientos laterales. Enriquecemos cada alerta con Inteligencia de Amenazas (Threat Intel) global y propia, contextualizando el riesgo real de cada incidente.<\/p>\n<\/div>\n<\/div><\/div>\n<\/div>\n<\/div>\n\n<div class=\"et_pb_row_3 et_pb_row et_flex_row et_animated\">\n<div class=\"et_pb_column_5 et_pb_column et_flex_column et_pb_css_mix_blend_mode_passthrough et_flex_column_8_24 et_flex_column_8_24_tablet et_flex_column_24_24_phone\">\n<div class=\"et_pb_icon_2 et_pb_icon et_pb_module et_flex_module\"><span class=\"et_pb_icon_wrap\"><span class=\"et-pb-icon\">\uf1c9<\/span><\/span><\/div>\n<\/div>\n\n<div class=\"et_pb_column_6 et_pb_column et-last-child et_flex_column et_pb_css_mix_blend_mode_passthrough et_flex_column_16_24 et_flex_column_16_24_tablet et_flex_column_24_24_phone\">\n<div class=\"et_pb_text_5 et_pb_text et_pb_bg_layout_light et_pb_module et_flex_module\"><div class=\"et_pb_text_inner\"><h2>RESPUESTA ACTIVA Y ORQUESTACI\u00d3N DE SEGURIDAD (SOAR)<\/h2>\n<p><span><\/span><\/p>\n<div class=\"et_pb_blurb_description\">\n<p>Mediante plataformas de Orquestaci\u00f3n, Automatizaci\u00f3n y Respuesta de Seguridad (SOAR), nuestros analistas ejecutan acciones de contenci\u00f3n inmediatas y automatizadas (aislamiento de hosts, bloqueo de IPs, revocaci\u00f3n de credenciales) para frenar el ataque en seco antes de que cause impacto.<\/p>\n<\/div>\n<\/div><\/div>\n<\/div>\n<\/div>\n\n<div class=\"et_pb_row_4 et_pb_row et_flex_row et_animated\">\n<div class=\"et_pb_column_7 et_pb_column et_flex_column et_pb_css_mix_blend_mode_passthrough et_flex_column_8_24 et_flex_column_8_24_tablet et_flex_column_24_24_phone\">\n<div class=\"et_pb_icon_3 et_pb_icon et_pb_module et_flex_module\"><span class=\"et_pb_icon_wrap\"><span class=\"et-pb-icon\">\uf3ed<\/span><\/span><\/div>\n<\/div>\n\n<div class=\"et_pb_column_8 et_pb_column et-last-child et_flex_column et_pb_css_mix_blend_mode_passthrough et_flex_column_16_24 et_flex_column_16_24_tablet et_flex_column_24_24_phone\">\n<div class=\"et_pb_text_6 et_pb_text et_pb_bg_layout_light et_pb_module et_flex_module\"><div class=\"et_pb_text_inner\"><h2 class=\"et_pb_module_header\">GESTI\u00d3N DE VULNERABILIDADES CONTINUA<\/h2>\n<p><span><\/span><\/p>\n<div class=\"et_pb_blurb_description\">\n<p>La seguridad es un estado din\u00e1mico. Realizamos escaneos continuos y priorizaci\u00f3n de riesgos basada en la explotabilidad real de las vulnerabilidades en su entorno espec\u00edfico, guiando a sus equipos de IT para cerrar las brechas m\u00e1s cr\u00edticas antes de que sean aprovechadas.<\/p>\n<\/div>\n<\/div><\/div>\n<\/div>\n<\/div>\n\n<div class=\"et_pb_row_5 et_pb_row et_flex_row et_animated\">\n<div class=\"et_pb_column_9 et_pb_column et_flex_column et_pb_css_mix_blend_mode_passthrough et_flex_column_8_24 et_flex_column_8_24_tablet et_flex_column_24_24_phone\">\n<div class=\"et_pb_icon_4 et_pb_icon et_pb_module et_flex_module\"><span class=\"et_pb_icon_wrap\"><span class=\"et-pb-icon\">\uf007<\/span><\/span><\/div>\n<\/div>\n\n<div class=\"et_pb_column_10 et_pb_column et-last-child et_flex_column et_pb_css_mix_blend_mode_passthrough et_flex_column_16_24 et_flex_column_16_24_tablet et_flex_column_24_24_phone\">\n<div class=\"et_pb_text_7 et_pb_text et_pb_bg_layout_light et_pb_module et_flex_module\"><div class=\"et_pb_text_inner\"><h2 class=\"et_pb_module_header\">OPERADORES VETERANOS Y CAPACIDAD TIER 1-2-3 REAL<\/h2>\n<p><span><\/span><\/p>\n<div class=\"et_pb_blurb_description\">\n<p>La tecnolog\u00eda m\u00e1s avanzada necesita el mejor juicio humano. Nuestro SOC no es un call center; est\u00e1 operado 24\/7 por analistas de seguridad certificados, escalonados en niveles de especializaci\u00f3n (Tier 1 a 3) para asegurar que cada incidente es manejado por el experto adecuado en el momento cr\u00edtico.<\/p>\n<\/div>\n<\/div><\/div>\n<\/div>\n<\/div>\n<\/div>","protected":false},"excerpt":{"rendered":"","protected":false},"author":1,"featured_media":0,"parent":17,"menu_order":0,"comment_status":"closed","ping_status":"closed","template":"","meta":{"footnotes":""},"class_list":["post-282","page","type-page","status-publish","hentry"],"_links":{"self":[{"href":"https:\/\/apeiroo.com\/es_ES\/wp-json\/wp\/v2\/pages\/282","targetHints":{"allow":["GET"]}}],"collection":[{"href":"https:\/\/apeiroo.com\/es_ES\/wp-json\/wp\/v2\/pages"}],"about":[{"href":"https:\/\/apeiroo.com\/es_ES\/wp-json\/wp\/v2\/types\/page"}],"author":[{"embeddable":true,"href":"https:\/\/apeiroo.com\/es_ES\/wp-json\/wp\/v2\/users\/1"}],"replies":[{"embeddable":true,"href":"https:\/\/apeiroo.com\/es_ES\/wp-json\/wp\/v2\/comments?post=282"}],"version-history":[{"count":12,"href":"https:\/\/apeiroo.com\/es_ES\/wp-json\/wp\/v2\/pages\/282\/revisions"}],"predecessor-version":[{"id":2359,"href":"https:\/\/apeiroo.com\/es_ES\/wp-json\/wp\/v2\/pages\/282\/revisions\/2359"}],"up":[{"embeddable":true,"href":"https:\/\/apeiroo.com\/es_ES\/wp-json\/wp\/v2\/pages\/17"}],"wp:attachment":[{"href":"https:\/\/apeiroo.com\/es_ES\/wp-json\/wp\/v2\/media?parent=282"}],"curies":[{"name":"wp","href":"https:\/\/api.w.org\/{rel}","templated":true}]}}