{"id":262,"date":"2026-02-03T11:29:46","date_gmt":"2026-02-03T10:29:46","guid":{"rendered":"https:\/\/ap4592jwt1io3f.apeiroo.com\/?page_id=262"},"modified":"2026-03-16T08:15:09","modified_gmt":"2026-03-16T07:15:09","slug":"evaluaciones","status":"publish","type":"page","link":"https:\/\/apeiroo.com\/es_ES\/cyberseguridad\/evaluaciones\/","title":{"rendered":"Evaluaciones"},"content":{"rendered":"<div class=\"et_pb_section_0 et_pb_section et_section_regular et_flex_section et_animated\">\n<div class=\"et_pb_row_0 et_pb_row et_flex_row\">\n<div class=\"et_pb_column_0 et_pb_column et-last-child et_flex_column et_pb_css_mix_blend_mode_passthrough et_flex_column_24_24 et_flex_column_24_24_tablet et_flex_column_24_24_phone\">\n<div class=\"et_pb_text_0 et_pb_text et_pb_bg_layout_light et_pb_module et_flex_module\"><div class=\"et_pb_text_inner\"><h1>Evaluaciones<\/h1>\n<\/div><\/div>\n\n<div class=\"et_pb_text_1 et_pb_text et_pb_bg_layout_light et_pb_module et_flex_module\"><div class=\"et_pb_text_inner\"><p style=\"text-align: justify;\">La evoluci\u00f3n del cibercrimen ha dejado\u00a0atr\u00e1s la figura del hacker solitario para dar paso a\u00a0organizaciones\u00a0criminales\u00a0industrializadas y actores\u00a0estatales con capacidades\u00a0tecnol\u00f3gicas\u00a0ilimitadas. Hoy, la amenaza es h\u00edbrida, automatizada y persistente.<\/p>\n<p style=\"text-align: justify;\">En APEIROO, no solo aseguramos\u00a0su\u00a0organizaci\u00f3n; dise\u00f1amos\u00a0su\u00a0<strong>resiliencia<\/strong><strong>\u00a0<\/strong><strong>operativa<\/strong>. Nuestro objetivo es elevar la ciberseguridad de un problema\u00a0t\u00e9cnico a un habilitador\u00a0estrat\u00e9gico del negocio. Alineamos la defensa con sus objetivos\u00a0corporativos, mejorando la competitividad y garantizando que la gesti\u00f3n del riesgo sea proactiva, no reactiva.<\/p>\n<p style=\"text-align: justify;\">Enfrentarse a este escenario requiere una intervenci\u00f3n hol\u00edstica que trasciende al departamento de sistemas. APEIROO proporciona el espectro completo de capacidades avanzadas en Seguridad de la Informaci\u00f3n, Inteligencia y Defensa Activa.<\/p>\n<\/div><\/div>\n<\/div>\n<\/div>\n<\/div>\n\n<div class=\"et_pb_section_1 et_pb_section et_section_regular et_flex_section\">\n<div class=\"et_pb_row_1 et_pb_row et_flex_row\">\n<div class=\"et_pb_column_1 et_pb_column et_flex_column et_pb_css_mix_blend_mode_passthrough et_flex_column_8_24 et_flex_column_8_24_tablet et_flex_column_24_24_phone\">\n<div class=\"et_pb_icon_0 et_pb_icon et_pb_module et_flex_module\"><span class=\"et_pb_icon_wrap\"><span class=\"et-pb-icon\">R<\/span><\/span><\/div>\n<\/div>\n\n<div class=\"et_pb_column_2 et_pb_column et-last-child et_flex_column et_pb_css_mix_blend_mode_passthrough et_flex_column_16_24 et_flex_column_16_24_tablet et_flex_column_24_24_phone\">\n<div class=\"et_pb_text_2 et_pb_text et_pb_bg_layout_light et_pb_module et_flex_module\"><div class=\"et_pb_text_inner\"><h2 class=\"et_pb_module_header\">AUDITOR\u00cdAS T\u00c9CNICAS AVANZADAS<\/h2>\n<p><span><\/span><\/p>\n<div class=\"et_pb_blurb_description\">\n<p><strong>Diagn\u00f3stico<\/strong><strong> de <\/strong><strong>Profundidad<\/strong><strong> y <\/strong><strong>Superficie<\/strong><strong> de <\/strong><strong>Ataque<\/strong><strong>.<\/strong>\u00a0Ejecutamos\u00a0revisiones de seguridad\u00a0exhaustivas (Caja Negra, Gris y Blanca) que van m\u00e1s\u00a0all\u00e1 de la vulnerabilidad superficial. Analizamos la l\u00f3gica de negocio y la arquitectura de infraestructuras IT\/OT, bases de datos\u00a0cr\u00edticas, aplicaciones web complejas y entornos cloud nativos, identificando\u00a0vectores de ataque que las herramientas\u00a0automatizadas\u00a0pasan\u00a0por alto.<\/p>\n<\/div>\n<\/div><\/div>\n<\/div>\n<\/div>\n\n<div class=\"et_pb_row_2 et_pb_row et_flex_row\">\n<div class=\"et_pb_column_3 et_pb_column et_flex_column et_pb_css_mix_blend_mode_passthrough et_flex_column_8_24 et_flex_column_8_24_tablet et_flex_column_24_24_phone\">\n<div class=\"et_pb_icon_1 et_pb_icon et_pb_module et_flex_module\"><span class=\"et_pb_icon_wrap\"><span class=\"et-pb-icon\">!<\/span><\/span><\/div>\n<\/div>\n\n<div class=\"et_pb_column_4 et_pb_column et-last-child et_flex_column et_pb_css_mix_blend_mode_passthrough et_flex_column_16_24 et_flex_column_16_24_tablet et_flex_column_24_24_phone\">\n<div class=\"et_pb_text_3 et_pb_text et_pb_bg_layout_light et_pb_module et_flex_module\"><div class=\"et_pb_text_inner\"><h2 class=\"et_pb_module_header\"><span>ENTORNOS MOVILIDAD<\/span><span><\/span><\/h2>\n<p><span><\/span><\/p>\n<div class=\"et_pb_blurb_description\">\n<p>En un entorno\u00a0donde\u00a0el\u00a0per\u00edmetro\u00a0f\u00edsico ha desaparecido, evaluamos\u00a0el\u00a0riesgo real de su\u00a0ecosistema\u00a0m\u00f3vil. Nuestras\u00a0auditor\u00edas\u00a0abarcan la totalidad de dispositivos (smartphones, tablets, IoT, wearables) y las plataformas de gesti\u00f3n (MDM\/UEM), asegurando que la movilidad no se convierta\u00a0en la puerta\u00a0trasera de su\u00a0organizaci\u00f3n.<\/p>\n<\/div>\n<\/div><\/div>\n<\/div>\n<\/div>\n\n<div class=\"et_pb_row_3 et_pb_row et_flex_row\">\n<div class=\"et_pb_column_5 et_pb_column et_flex_column et_pb_css_mix_blend_mode_passthrough et_flex_column_8_24 et_flex_column_8_24_tablet et_flex_column_24_24_phone\">\n<div class=\"et_pb_icon_2 et_pb_icon et_pb_module et_flex_module\"><span class=\"et_pb_icon_wrap\"><span class=\"et-pb-icon\">\uf1eb<\/span><\/span><\/div>\n<\/div>\n\n<div class=\"et_pb_column_6 et_pb_column et-last-child et_flex_column et_pb_css_mix_blend_mode_passthrough et_flex_column_16_24 et_flex_column_16_24_tablet et_flex_column_24_24_phone\">\n<div class=\"et_pb_text_4 et_pb_text et_pb_bg_layout_light et_pb_module et_flex_module\"><div class=\"et_pb_text_inner\"><h2>REDES INHAL\u00c1MBRICAS Y RF<\/h2>\n<p><span><\/span><\/p>\n<div class=\"et_pb_blurb_description\">\n<p>El aire es un vector cr\u00edtico. Analizamos la seguridad de sus redes inal\u00e1mbricas\u00a0corporativas, sistemas de proximidad (RFID\/NFC) y protocolos IoT, identificando\u00a0configuraciones\u00a0inseguras, dispositivos no autorizados y potenciales puntos de interceptaci\u00f3n o acceso\u00a0indebido\u00a0en\u00a0el\u00a0espectro de radiofrecuencia.<\/p>\n<\/div>\n<\/div><\/div>\n<\/div>\n<\/div>\n\n<div class=\"et_pb_row_4 et_pb_row et_flex_row\">\n<div class=\"et_pb_column_7 et_pb_column et_flex_column et_pb_css_mix_blend_mode_passthrough et_flex_column_8_24 et_flex_column_8_24_tablet et_flex_column_24_24_phone\">\n<div class=\"et_pb_icon_3 et_pb_icon et_pb_module et_flex_module\"><span class=\"et_pb_icon_wrap\"><span class=\"et-pb-icon\">\uf3ed<\/span><\/span><\/div>\n<\/div>\n\n<div class=\"et_pb_column_8 et_pb_column et-last-child et_flex_column et_pb_css_mix_blend_mode_passthrough et_flex_column_16_24 et_flex_column_16_24_tablet et_flex_column_24_24_phone\">\n<div class=\"et_pb_text_5 et_pb_text et_pb_bg_layout_light et_pb_module et_flex_module\"><div class=\"et_pb_text_inner\"><h2 class=\"et_pb_module_header\">RED TEAM OPERATIONS <\/h2>\n<p><span><\/span><\/p>\n<div class=\"et_pb_blurb_description\">\n<p>No buscamos\u00a0vulnerabilidades\u00a0te\u00f3ricas; simulamos un ataque real y sostenido. Nuestro equipo de \u00e9lite emula las T\u00e1cticas, T\u00e9cnicas y Procedimientos (TTPs) de los\u00a0actores de amenazas\u00a0m\u00e1s\u00a0sofisticados (APTs) para poner a prueba no solo sus defensas\u00a0tecnol\u00f3gicas, sino la capacidad real de detecci\u00f3n y respuesta de su\u00a0organizaci\u00f3n ante una\u00a0intrusi\u00f3n\u00a0dirigida.<\/p>\n<\/div>\n<\/div><\/div>\n<\/div>\n<\/div>\n\n<div class=\"et_pb_row_5 et_pb_row et_flex_row\">\n<div class=\"et_pb_column_9 et_pb_column et_flex_column et_pb_css_mix_blend_mode_passthrough et_flex_column_8_24 et_flex_column_8_24_tablet et_flex_column_24_24_phone\">\n<div class=\"et_pb_icon_4 et_pb_icon et_pb_module et_flex_module\"><span class=\"et_pb_icon_wrap\"><span class=\"et-pb-icon\">\ue06c<\/span><\/span><\/div>\n<\/div>\n\n<div class=\"et_pb_column_10 et_pb_column et-last-child et_flex_column et_pb_css_mix_blend_mode_passthrough et_flex_column_16_24 et_flex_column_16_24_tablet et_flex_column_24_24_phone\">\n<div class=\"et_pb_text_6 et_pb_text et_pb_bg_layout_light et_pb_module et_flex_module\"><div class=\"et_pb_text_inner\"><h2 class=\"et_pb_module_header\">SECURIZACI\u00d3N DE INFRAESTRUCTURAS<\/h2>\n<p><span><\/span><\/p>\n<div class=\"et_pb_blurb_description\">\n<p>Definimos e implementamos\u00a0pol\u00edticas, configuraciones y l\u00edneas base de seguridad robustas para sistemas\u00a0operativos, servicios y dispositivos, minimizando la exposici\u00f3n y aumentando\u00a0dr\u00e1sticamente\u00a0el\u00a0coste para el\u00a0atacante.<\/p>\n<\/div>\n<\/div><\/div>\n<\/div>\n<\/div>\n\n<div class=\"et_pb_row_6 et_pb_row et_flex_row\">\n<div class=\"et_pb_column_11 et_pb_column et_flex_column et_pb_css_mix_blend_mode_passthrough et_flex_column_8_24 et_flex_column_8_24_tablet et_flex_column_24_24_phone\">\n<div class=\"et_pb_icon_5 et_pb_icon et_pb_module et_flex_module\"><span class=\"et_pb_icon_wrap\"><span class=\"et-pb-icon\">\uf5fc<\/span><\/span><\/div>\n<\/div>\n\n<div class=\"et_pb_column_12 et_pb_column et-last-child et_flex_column et_pb_css_mix_blend_mode_passthrough et_flex_column_16_24 et_flex_column_16_24_tablet et_flex_column_24_24_phone\">\n<div class=\"et_pb_text_7 et_pb_text et_pb_bg_layout_light et_pb_module et_flex_module\"><div class=\"et_pb_text_inner\"><h2 class=\"et_pb_module_header\">INGENIER\u00cdA INVERSA Y AN\u00c1LISIS DE FIRMWARE<\/h2>\n<p><span><\/span><\/p>\n<div class=\"et_pb_blurb_description\">\n<p>Nuestro laboratorio\u00a0especializado\u00a0realiza\u00a0an\u00e1lisis\u00a0forense y reversing de hardware, firmwares y binarios. Desmontamos la tecnolog\u00eda de cualquier\u00a0dispositivo\u00a0cr\u00edtico (IoT, industrial, m\u00e9dico) para descubrir\u00a0vulnerabilidades de bajo nivel, backdoors ocultos o debilidades\u00a0en\u00a0el\u00a0dise\u00f1o del fabricante.<\/p>\n<\/div>\n<\/div><\/div>\n<\/div>\n<\/div>\n\n<div class=\"et_pb_row_7 et_pb_row et_flex_row\">\n<div class=\"et_pb_column_13 et_pb_column et_flex_column et_pb_css_mix_blend_mode_passthrough et_flex_column_8_24 et_flex_column_8_24_tablet et_flex_column_24_24_phone\">\n<div class=\"et_pb_icon_6 et_pb_icon et_pb_module et_flex_module\"><span class=\"et_pb_icon_wrap\"><span class=\"et-pb-icon\">\uf500<\/span><\/span><\/div>\n<\/div>\n\n<div class=\"et_pb_column_14 et_pb_column et-last-child et_flex_column et_pb_css_mix_blend_mode_passthrough et_flex_column_16_24 et_flex_column_16_24_tablet et_flex_column_24_24_phone\">\n<div class=\"et_pb_text_8 et_pb_text et_pb_bg_layout_light et_pb_module et_flex_module\"><div class=\"et_pb_text_inner\"><h2 class=\"et_pb_module_header\">INGENIER\u00cdA SOCIAL Y FACTOR HUMANO<\/h2>\n<p><span><\/span><\/p>\n<div class=\"et_pb_blurb_description\">\n<p>La tecnolog\u00eda\u00a0m\u00e1s\u00a0avanzada\u00a0puede\u00a0fallar ante un error humano. Ponemos a prueba\u00a0el\u00a0nivel real de concienciaci\u00f3n y madurez de su\u00a0organizaci\u00f3n\u00a0mediante\u00a0simulaciones\u00a0sofisticadas de phishing, vishing (voz) y ataques\u00a0dirigidos (spear phishing), evaluando la respuesta de diferentes roles y perfiles clave ante la manipulaci\u00f3n\u00a0psicol\u00f3gica.<\/p>\n<\/div>\n<\/div><\/div>\n<\/div>\n<\/div>\n<\/div>","protected":false},"excerpt":{"rendered":"","protected":false},"author":1,"featured_media":0,"parent":17,"menu_order":0,"comment_status":"closed","ping_status":"closed","template":"","meta":{"footnotes":""},"class_list":["post-262","page","type-page","status-publish","hentry"],"_links":{"self":[{"href":"https:\/\/apeiroo.com\/es_ES\/wp-json\/wp\/v2\/pages\/262","targetHints":{"allow":["GET"]}}],"collection":[{"href":"https:\/\/apeiroo.com\/es_ES\/wp-json\/wp\/v2\/pages"}],"about":[{"href":"https:\/\/apeiroo.com\/es_ES\/wp-json\/wp\/v2\/types\/page"}],"author":[{"embeddable":true,"href":"https:\/\/apeiroo.com\/es_ES\/wp-json\/wp\/v2\/users\/1"}],"replies":[{"embeddable":true,"href":"https:\/\/apeiroo.com\/es_ES\/wp-json\/wp\/v2\/comments?post=262"}],"version-history":[{"count":15,"href":"https:\/\/apeiroo.com\/es_ES\/wp-json\/wp\/v2\/pages\/262\/revisions"}],"predecessor-version":[{"id":2478,"href":"https:\/\/apeiroo.com\/es_ES\/wp-json\/wp\/v2\/pages\/262\/revisions\/2478"}],"up":[{"embeddable":true,"href":"https:\/\/apeiroo.com\/es_ES\/wp-json\/wp\/v2\/pages\/17"}],"wp:attachment":[{"href":"https:\/\/apeiroo.com\/es_ES\/wp-json\/wp\/v2\/media?parent=262"}],"curies":[{"name":"wp","href":"https:\/\/api.w.org\/{rel}","templated":true}]}}