{"id":251,"date":"2026-02-03T10:58:33","date_gmt":"2026-02-03T09:58:33","guid":{"rendered":"https:\/\/ap4592jwt1io3f.apeiroo.com\/?page_id=251"},"modified":"2026-04-01T08:43:46","modified_gmt":"2026-04-01T06:43:46","slug":"politica-de-ciberseguridad","status":"publish","type":"page","link":"https:\/\/apeiroo.com\/es_ES\/nosotros\/politica-de-ciberseguridad\/","title":{"rendered":"POL\u00cdTICA DE CIBERSEGURIDAD"},"content":{"rendered":"<div class=\"et_pb_section_0 et_pb_section et_section_regular et_flex_section et_animated\">\n<div class=\"et_pb_row_0 et_pb_row et_flex_row\">\n<div class=\"et_pb_column_0 et_pb_column et-last-child et_flex_column et_pb_css_mix_blend_mode_passthrough et_flex_column_24_24 et_flex_column_24_24_tablet et_flex_column_24_24_phone\">\n<div class=\"et_pb_text_0 et_pb_text et_pb_bg_layout_light et_pb_module et_flex_module\"><div class=\"et_pb_text_inner\"><h1>POL\u00cdTICA DE<br \/><span style=\"color: #339966;\">CIBERSEGURIDAD<\/span><\/h1>\n<p>\u00a0<\/p>\n<\/div><\/div>\n<\/div>\n<\/div>\n\n<div class=\"et_pb_row_1 et_pb_row et_flex_row et_animated\">\n<div class=\"et_pb_column_1 et_pb_column et-last-child et_flex_column et_pb_css_mix_blend_mode_passthrough et_flex_column_24_24 et_flex_column_24_24_tablet et_flex_column_24_24_phone\">\n<div class=\"et_pb_text_1 et_pb_text et_pb_bg_layout_light et_pb_module et_flex_module\"><div class=\"et_pb_text_inner\"><p><strong>APEIROO LABS, S.L.<\/strong><span>\u00a0<\/span>es una empresa de ciberseguridad con m\u00e1s de 20 a\u00f1os de experiencia, cuya misi\u00f3n es prevenir y gestionar los riesgos de las personas y las organizaciones a trav\u00e9s de la protecci\u00f3n de su activo m\u00e1s importante: la informaci\u00f3n.<\/p>\n<p><strong>APEIROO LABS, S.L.<\/strong><span> ha establecido un Sistema de Gesti\u00f3n integrado basado en:<\/span><\/p>\n<ul>\n<li><span>UNE-ISO\/IEC 27001:2022 (Seguridad de la Informaci\u00f3n)<\/span><\/li>\n<li><span>UNE-ISO 9001:2015 (Calidad)<\/span><\/li>\n<li><span>UNE-ISO\/IEC 20000-1:2018 (Gesti\u00f3n de Servicios TI)<\/span><\/li>\n<li><span>Esquema Nacional de Seguridad (ENS), conforme al Real Decreto 311\/2022<\/span><span><\/span><\/li>\n<\/ul>\n<p><span>con el objetivo de garantizar la protecci\u00f3n de la informaci\u00f3n, la calidad de los servicios y<br \/>la mejora continua de sus procesos.<\/span><\/p>\n<p><span>El alcance de estos sistemas se extiende a:<\/span><\/p>\n<ul>\n<li><span>Todos los sistemas de informaci\u00f3n (TIC) de la organizaci\u00f3n.<\/span><\/li>\n<li><span>Todos los empleados, colaboradores y terceros.<\/span><\/li>\n<li><span>Todos los servicios y proyectos prestados por la organizaci\u00f3n.<\/span><span><\/span><span><\/span><\/li>\n<\/ul>\n<p><span>En particular, el sistema de informaci\u00f3n da soporte a los procesos de:<br \/><\/span><\/p>\n<ul>\n<li><span>Evaluaciones de seguridad, test de intrusi\u00f3n, an\u00e1lisis de vulnerabilidades, an\u00e1lisis forense.<\/span><\/li>\n<li><span>Auditor\u00edas t\u00e9cnicas (c\u00f3digo, redes, wifi). Inteligencia y contrainteligencia.<\/span><\/li>\n<li><span>Integraci\u00f3n, monitorizaci\u00f3n y gesti\u00f3n de sistemas de seguridad.<\/span><\/li>\n<li><span>Servicios de consultor\u00eda en ciberseguridad y cumplimiento normativo.<\/span><\/li>\n<\/ul>\n<p class=\"p1\"><b>APEIROO LABS, S.L.<span>\u00a0<\/span><\/b>establece como<span>\u00a0<\/span><b>Pol\u00edtica de Seguridad y de Calidad<span>\u00a0<\/span><\/b>las siguientes directrices:<\/p>\n<ul>\n<li class=\"p1\">Dotar a los trabajadores de las competencias y conocimientos necesarios para el adecuado desempe\u00f1o de sus funciones y promover la concienciaci\u00f3n y formaci\u00f3n en seguridad de la informaci\u00f3n.<\/li>\n<li class=\"p1\">Mantener compromiso con la mejora continua de los procesos, procedimientos, productos y servicios, mediante el uso de indicadores de calidad.<\/li>\n<li class=\"p1\">\n<p class=\"p1\">Utilizar procedimientos, metodolog\u00edas y herramientas de trabajo est\u00e1ndar y realizar auditor\u00edas internas para asegurar su correcta utilizaci\u00f3n.<\/p>\n<\/li>\n<li class=\"p1\">\n<p class=\"p1\">Mantener actualizada la planificaci\u00f3n de todos los proyectos y realizaci\u00f3n del seguimiento y control necesario para servir de marco de referencia y asegurar el cumplimiento de los objetivos establecidos en tiempo, coste y calidad.<\/p>\n<\/li>\n<li class=\"p1\">\n<p class=\"p1\">Identificar y controlar los riesgos de los proyectos e implantar medidas de mitigaci\u00f3n o contingencia.<\/p>\n<\/li>\n<li class=\"p1\">\n<p class=\"p1\">Garantizar la correcta implementaci\u00f3n de los requisitos acordados con el cliente y gestionar de manera controlada cualquier cambio.<\/p>\n<\/li>\n<li class=\"p1\">\n<p class=\"p1\">Analizar las diferentes alternativas de soluci\u00f3n y seleccionar, dise\u00f1ar e implementar la soluci\u00f3n que mejor se adecue a la funcionalidad requerida.<\/p>\n<\/li>\n<li class=\"p1\">\n<p class=\"p1\">Asegurar la disponibilidad de los sistemas de informaci\u00f3n, tanto en los servicios ofrecidos a los clientes como en la gesti\u00f3n interna.<\/p>\n<\/li>\n<li class=\"p1\">\n<p class=\"p1\">Garantizar y validar con el cliente que el sistema cumple con la funcionalidad esperada.<\/p>\n<\/li>\n<li class=\"p1\">\n<p class=\"p1\">Asegurar la confidencialidad de los datos.<\/p>\n<\/li>\n<li class=\"p1\">\n<p class=\"p1\">Evitar alteraciones indebidas en la informaci\u00f3n.<\/p>\n<\/li>\n<li class=\"p1\">\n<p class=\"p1\">Controlar todos los cambios realizados en los entregables del proyecto y asegurar la correcta subida de desarrollos a entorno productivos del cliente.<\/p>\n<\/li>\n<li class=\"p1\">\n<p class=\"p1\">Cumplir con la legislaci\u00f3n vigente en materia de los sistemas de informaci\u00f3n, as\u00ed como todos los requisitos aplicables.<\/p>\n<\/li>\n<\/ul>\n<p>Esta Pol\u00edtica es entendida, implantada y mantenida al d\u00eda en todos los niveles de la organizaci\u00f3n y cuenta con el total compromiso y apoyo de la Direcci\u00f3n de<span>\u00a0<\/span><strong>APEIROO LABS, S.L.<\/strong><strong><\/strong><\/p>\n<h1><span style=\"font-family: Poppins; font-weight: normal; font-size: x-large;\">MARCO NORMATIVO<\/span><\/h1>\n<p>Uno de los objetivos debe ser el de cumplir con requisitos legales aplicables y con cualesquiera otros requisitos que suscribimos adem\u00e1s de los compromisos adquiridos con los clientes, as\u00ed como la actualizaci\u00f3n continua de los mismos. Para ello, el marco legal y regulatorio en el que desarrollamos nuestras actividades es:<\/p>\n<ul>\n<li>REGLAMENTO (UE) 2016\/679 DEL PARLAMENTO EUROPEO Y DEL CONSEJO de 27 de abril de 2016 relativo a la protecci\u00f3n de las personas f\u00edsicas en lo que respecta al tratamiento de datos personales y a la libre circulaci\u00f3n de estos datos.<\/li>\n<li>Ley Org\u00e1nica 3\/2018, de 5 de diciembre, de Protecci\u00f3n de Datos Personales y garant\u00eda de los derechos digitales.<br \/>Real Decreto Legislativo 1\/1996, de 12 de abril, Ley de Propiedad Intelectual.<br \/>Ley 2\/2019, de 1 de marzo, por la que se modifica el texto refundido de la Ley de Propiedad Intelectual, aprobado por el Real Decreto Legislativo 1\/1996, de 12 de abril, y por el que se incorporan al ordenamiento jur\u00eddico espa\u00f1ol la Directiva 2014\/26\/UE del Parlamento Europeo y del Consejo, de 26 de febrero de 2014, y la Directiva (UE) 2017\/1564 del Parlamento Europeo y del Consejo, de 13 de septiembre de 2017.<\/li>\n<li>Real Decreto 311\/2022, de 3 de mayo, por el que se regula el Esquema Nacional de Seguridad.<\/li>\n<li>Ley 34\/2002 de 11 de julio de Servicios de la Sociedad de la Informaci\u00f3n y de Comercio Electr\u00f3nico (LSSI).<\/li>\n<li>Ley 40\/2015, de 1 de octubre, de R\u00e9gimen Jur\u00eddico del Sector P\u00fablico.<\/li>\n<li>Ley 39\/2015, de 1 de octubre, del Procedimiento Administrativo Com\u00fan de las Administraciones P\u00fablicas.<\/li>\n<\/ul>\n<p>&nbsp;<\/p>\n<\/div><\/div>\n<\/div>\n<\/div>\n<\/div>","protected":false},"excerpt":{"rendered":"","protected":false},"author":1,"featured_media":0,"parent":14,"menu_order":0,"comment_status":"closed","ping_status":"closed","template":"","meta":{"footnotes":""},"class_list":["post-251","page","type-page","status-publish","hentry"],"_links":{"self":[{"href":"https:\/\/apeiroo.com\/es_ES\/wp-json\/wp\/v2\/pages\/251","targetHints":{"allow":["GET"]}}],"collection":[{"href":"https:\/\/apeiroo.com\/es_ES\/wp-json\/wp\/v2\/pages"}],"about":[{"href":"https:\/\/apeiroo.com\/es_ES\/wp-json\/wp\/v2\/types\/page"}],"author":[{"embeddable":true,"href":"https:\/\/apeiroo.com\/es_ES\/wp-json\/wp\/v2\/users\/1"}],"replies":[{"embeddable":true,"href":"https:\/\/apeiroo.com\/es_ES\/wp-json\/wp\/v2\/comments?post=251"}],"version-history":[{"count":10,"href":"https:\/\/apeiroo.com\/es_ES\/wp-json\/wp\/v2\/pages\/251\/revisions"}],"predecessor-version":[{"id":2517,"href":"https:\/\/apeiroo.com\/es_ES\/wp-json\/wp\/v2\/pages\/251\/revisions\/2517"}],"up":[{"embeddable":true,"href":"https:\/\/apeiroo.com\/es_ES\/wp-json\/wp\/v2\/pages\/14"}],"wp:attachment":[{"href":"https:\/\/apeiroo.com\/es_ES\/wp-json\/wp\/v2\/media?parent=251"}],"curies":[{"name":"wp","href":"https:\/\/api.w.org\/{rel}","templated":true}]}}