{"id":247,"date":"2026-02-03T10:46:34","date_gmt":"2026-02-03T09:46:34","guid":{"rendered":"https:\/\/ap4592jwt1io3f.apeiroo.com\/?page_id=247"},"modified":"2026-02-16T18:49:03","modified_gmt":"2026-02-16T17:49:03","slug":"inteligencia","status":"publish","type":"page","link":"https:\/\/apeiroo.com\/es_ES\/inteligencia\/","title":{"rendered":"Inteligencia"},"content":{"rendered":"<div class=\"et_pb_section_0 et_pb_section et_section_regular et_flex_section et_animated\">\n<div class=\"et_pb_row_0 et_pb_row et_flex_row\">\n<div class=\"et_pb_column_0 et_pb_column et-last-child et_flex_column et_pb_css_mix_blend_mode_passthrough et_flex_column_24_24 et_flex_column_24_24_tablet et_flex_column_24_24_phone\">\n<div class=\"et_pb_text_0 et_pb_text et_pb_bg_layout_light et_pb_module et_flex_module\"><div class=\"et_pb_text_inner\"><h1>INTELIGENCIA<\/h1>\n<\/div><\/div>\n<\/div>\n<\/div>\n<\/div>\n\n<div class=\"et_pb_section_1 et_pb_section et_section_regular et_flex_section et_animated\">\n<div class=\"et_pb_row_1 et_pb_row et_flex_row\">\n<div class=\"et_pb_column_1 et_pb_column et-last-child et_flex_column et_pb_css_mix_blend_mode_passthrough et_flex_column_24_24 et_flex_column_24_24_tablet et_flex_column_24_24_phone\">\n<div class=\"et_pb_text_1 et_pb_text et_pb_bg_layout_light et_pb_module et_flex_module\"><div class=\"et_pb_text_inner\"><p style=\"text-align: justify;\">La informaci\u00f3n\u00a0ya no es solo un activo; es el\u00a0terreno\u00a0donde se ganan o pierden las ventajas\u00a0competitivas y se gestan las amenazas\u00a0m\u00e1s\u00a0cr\u00edticas.<\/p>\n<p style=\"text-align: justify;\">En APEIROO, entendemos que en\u00a0este\u00a0entorno\u00a0vol\u00e1til, el\u00a0desconocimiento del riesgo real y la profesionalizaci\u00f3n de la ciberdelincuencia son vectores\u00a0cr\u00edticos. La mayor\u00eda de las organizaciones\u00a0operan con puntos ciegos, subestimando que las amenazas\u00a0m\u00e1s\u00a0da\u00f1inas a menudo provienen del interior o se ocultan bajo capas de complejidad\u00a0corporativa.<\/p>\n<p style=\"text-align: justify;\">Nuestra divisi\u00f3n de Inteligencia e Investigaci\u00f3n no se limita a recopilar\u00a0datos. Transformamos\u00a0el\u00a0ruido global en\u00a0<strong>inteligencia<\/strong><strong>\u00a0<\/strong><strong>accionable<\/strong>, permitiendo a su\u00a0organizaci\u00f3n\u00a0anticiparse a la\u00a0disrupci\u00f3n, validar\u00a0decisiones\u00a0cr\u00edticas y neutralizar\u00a0riesgos\u00a0ocultos antes de que se materialicen.<\/p>\n<\/div><\/div>\n<\/div>\n<\/div>\n<\/div>\n\n<div class=\"et_pb_section_2 et_pb_section et_section_regular et_flex_section\">\n<div class=\"et_pb_row_2 et_pb_row et_flex_row\">\n<div class=\"et_pb_column_2 et_pb_column et_flex_column et_pb_css_mix_blend_mode_passthrough et_flex_column_8_24 et_flex_column_8_24_tablet et_flex_column_24_24_phone\">\n<div class=\"et_pb_icon_0 et_pb_icon et_pb_module et_flex_module\"><span class=\"et_pb_icon_wrap\"><span class=\"et-pb-icon\">\uf5dc<\/span><\/span><\/div>\n<\/div>\n\n<div class=\"et_pb_column_3 et_pb_column et-last-child et_flex_column et_pb_css_mix_blend_mode_passthrough et_flex_column_16_24 et_flex_column_16_24_tablet et_flex_column_24_24_phone\">\n<div class=\"et_pb_text_2 et_pb_text et_pb_bg_layout_light et_pb_module et_flex_module\"><div class=\"et_pb_text_inner\"><h2 class=\"et_pb_module_header\">INTELIGENCIA ESTRAT\u00c9GICA Y ANTICIPACI\u00d3N COMPETITIVA<\/h2>\n<p><span><\/span><\/p>\n<div class=\"et_pb_blurb_description\">\n<p>Entender\u00a0el\u00a0presente no es suficiente; hay que anticipar\u00a0el\u00a0futuro. Nuestros servicios de inteligencia\u00a0fusionan la vigilancia\u00a0tecnol\u00f3gica\u00a0avanzada con el\u00a0an\u00e1lisis\u00a0competitivo para captar\u00a0se\u00f1ales\u00a0d\u00e9biles\u00a0en\u00a0el\u00a0entorno global. Seleccionamos, analizamos y destilamos\u00a0informaci\u00f3n clave del exterior y de su\u00a0propia\u00a0organizaci\u00f3n, transform\u00e1ndola\u00a0en\u00a0conocimiento\u00a0estrat\u00e9gico que le permite\u00a0anticiparse a los\u00a0cambios\u00a0disruptivos y responder a nuevos\u00a0desaf\u00edos con una\u00a0ventaja\u00a0informativa superior.<\/p>\n<\/div>\n<\/div><\/div>\n<\/div>\n<\/div>\n\n<div class=\"et_pb_row_3 et_pb_row et_flex_row\">\n<div class=\"et_pb_column_4 et_pb_column et_flex_column et_pb_css_mix_blend_mode_passthrough et_flex_column_8_24 et_flex_column_8_24_tablet et_flex_column_24_24_phone\">\n<div class=\"et_pb_icon_1 et_pb_icon et_pb_module et_flex_module\"><span class=\"et_pb_icon_wrap\"><span class=\"et-pb-icon\">\uf0b1<\/span><\/span><\/div>\n<\/div>\n\n<div class=\"et_pb_column_5 et_pb_column et-last-child et_flex_column et_pb_css_mix_blend_mode_passthrough et_flex_column_16_24 et_flex_column_16_24_tablet et_flex_column_24_24_phone\">\n<div class=\"et_pb_text_3 et_pb_text et_pb_bg_layout_light et_pb_module et_flex_module\"><div class=\"et_pb_text_inner\"><h2 class=\"et_pb_module_header\">INVESTIGACIONES CORPORATIVAS<\/h2>\n<p><span><\/span><\/p>\n<div class=\"et_pb_blurb_description\">\n<p>En decisiones cr\u00edticas de contrataci\u00f3n o asociaci\u00f3n, la confianza ciega es un riesgo inaceptable. Realizamos investigaciones de fondo (vetting) exhaustivas sobre individuos y entidades clave, utilizando una metodolog\u00eda propia y tecnolog\u00eda avanzada. Nuestros a\u00f1os de experiencia en entornos sensibles garantizan un trabajo de rigor forense, discreci\u00f3n absoluta y eficacia, dise\u00f1ado para validar la idoneidad y descubrir potenciales conflictos de inter\u00e9s o historiales ocultos en cualquier jurisdicci\u00f3n.<\/p>\n<\/div>\n<\/div><\/div>\n<\/div>\n<\/div>\n\n<div class=\"et_pb_row_4 et_pb_row et_flex_row\">\n<div class=\"et_pb_column_6 et_pb_column et_flex_column et_pb_css_mix_blend_mode_passthrough et_flex_column_8_24 et_flex_column_8_24_tablet et_flex_column_24_24_phone\">\n<div class=\"et_pb_icon_2 et_pb_icon et_pb_module et_flex_module\"><span class=\"et_pb_icon_wrap\"><span class=\"et-pb-icon\">\uf571<\/span><\/span><\/div>\n<\/div>\n\n<div class=\"et_pb_column_7 et_pb_column et-last-child et_flex_column et_pb_css_mix_blend_mode_passthrough et_flex_column_16_24 et_flex_column_16_24_tablet et_flex_column_24_24_phone\">\n<div class=\"et_pb_text_4 et_pb_text et_pb_bg_layout_light et_pb_module et_flex_module\"><div class=\"et_pb_text_inner\"><h2>RASTREO DE ACTIVOS Y ALZAMIENTO PATRIMONIAL<\/h2>\n<p><span><\/span><\/p>\n<div class=\"et_pb_blurb_description\">\n<p>El ocultamiento de activos se ha sofisticado\u00a0mediante\u00a0estructuras offshore, testaferros, criptoactivos y complejas redes societarias. Nuestro equipo de investigaci\u00f3n, con acceso a fuentes de informaci\u00f3n\u00a0privilegiadas\u00a0p\u00fablicas y privadas, se especializa\u00a0en\u00a0desenmara\u00f1ar\u00a0estas\u00a0estructuras. Detectamos\u00a0el\u00a0alzamiento de bienes, las ventas\u00a0simuladas y las cadenas de empresas\u00a0pantalla para determinar la titularidad real de los\u00a0activos y recuperar lo que pertenece a su\u00a0organizaci\u00f3n.<\/p>\n<\/div>\n<\/div><\/div>\n<\/div>\n<\/div>\n\n<div class=\"et_pb_row_5 et_pb_row et_flex_row\">\n<div class=\"et_pb_column_8 et_pb_column et_flex_column et_pb_css_mix_blend_mode_passthrough et_flex_column_8_24 et_flex_column_8_24_tablet et_flex_column_24_24_phone\">\n<div class=\"et_pb_icon_3 et_pb_icon et_pb_module et_flex_module\"><span class=\"et_pb_icon_wrap\"><span class=\"et-pb-icon\">\ue609<\/span><\/span><\/div>\n<\/div>\n\n<div class=\"et_pb_column_9 et_pb_column et-last-child et_flex_column et_pb_css_mix_blend_mode_passthrough et_flex_column_16_24 et_flex_column_16_24_tablet et_flex_column_24_24_phone\">\n<div class=\"et_pb_text_5 et_pb_text et_pb_bg_layout_light et_pb_module et_flex_module\"><div class=\"et_pb_text_inner\"><h2 class=\"et_pb_module_header\">DEEP DUE DILIGENCE PARA M&amp;A E INVERSIONES <\/h2>\n<p><span><\/span><\/p>\n<div class=\"et_pb_blurb_description\">\n<p>Una auditor\u00eda\u00a0financiera\u00a0est\u00e1ndar no revela\u00a0los\u00a0pasivos\u00a0reputacionales, las exposiciones\u00a0en la dark web o\u00a0los\u00a0riesgos de contrainteligencia de una\u00a0empresa\u00a0objetivo. Elaboramos\u00a0informes de \"Deep Due Diligence\" de alto valor a\u00f1adido para compradores o vendedores. Analizamos\u00a0fuentes\u00a0ocultas y huella digital profunda para identificar\u00a0contingencias no declaradas que podr\u00edan\u00a0afectar\u00a0dr\u00e1sticamente la valoraci\u00f3n de la operaci\u00f3n, la voluntad de adquirir o las condiciones del contrato.<\/p>\n<\/div>\n<\/div><\/div>\n<\/div>\n<\/div>\n\n<div class=\"et_pb_row_6 et_pb_row et_flex_row\">\n<div class=\"et_pb_column_10 et_pb_column et_flex_column et_pb_css_mix_blend_mode_passthrough et_flex_column_8_24 et_flex_column_8_24_tablet et_flex_column_24_24_phone\">\n<div class=\"et_pb_icon_4 et_pb_icon et_pb_module et_flex_module\"><span class=\"et_pb_icon_wrap\"><span class=\"et-pb-icon\">U<\/span><\/span><\/div>\n<\/div>\n\n<div class=\"et_pb_column_11 et_pb_column et-last-child et_flex_column et_pb_css_mix_blend_mode_passthrough et_flex_column_16_24 et_flex_column_16_24_tablet et_flex_column_24_24_phone\">\n<div class=\"et_pb_text_6 et_pb_text et_pb_bg_layout_light et_pb_module et_flex_module\"><div class=\"et_pb_text_inner\"><h2 class=\"et_pb_module_header\">INTELIGENCIA DE FUENTES ABIERTAS Y DARK WEB (OSINT\/MINT)<\/h2>\n<p><span><\/span><\/p>\n<div class=\"et_pb_blurb_description\">\n<p>Contamos con tecnolog\u00edas\u00a0propietarias que realizan la indexaci\u00f3n y an\u00e1lisis continuo de cientos de miles de bases de datos, desde la surface web hasta foros privados en la dark web. Monitorizamos\u00a0fugas de informaci\u00f3n, credenciales\u00a0expuestas, configuraciones\u00a0por\u00a0defecto\u00a0vulnerables, menciones\u00a0en redes de cibercrimen y la infraestructura\u00a0tecnol\u00f3gica\u00a0asociada a sus datos, proporcionando\u00a0una\u00a0alerta\u00a0temprana\u00a0sobre\u00a0exposiciones\u00a0cr\u00edticas.<\/p>\n<\/div>\n<\/div><\/div>\n<\/div>\n<\/div>\n\n<div class=\"et_pb_row_7 et_pb_row et_flex_row\">\n<div class=\"et_pb_column_12 et_pb_column et_flex_column et_pb_css_mix_blend_mode_passthrough et_flex_column_8_24 et_flex_column_8_24_tablet et_flex_column_24_24_phone\">\n<div class=\"et_pb_icon_5 et_pb_icon et_pb_module et_flex_module\"><span class=\"et_pb_icon_wrap\"><span class=\"et-pb-icon\">\uf3ed<\/span><\/span><\/div>\n<\/div>\n\n<div class=\"et_pb_column_13 et_pb_column et-last-child et_flex_column et_pb_css_mix_blend_mode_passthrough et_flex_column_16_24 et_flex_column_16_24_tablet et_flex_column_24_24_phone\">\n<div class=\"et_pb_text_7 et_pb_text et_pb_bg_layout_light et_pb_module et_flex_module\"><div class=\"et_pb_text_inner\"><h2 class=\"et_pb_module_header\">CONTRAINTELIGENCIA CORPORATIVA Y DEFENSA ACTIVA<\/h2>\n<p><span><\/span><\/p>\n<div class=\"et_pb_blurb_description\">\n<p>En un entorno de competencia\u00a0feroz, su\u00a0propiedad\u00a0intelectual y sus secretos\u00a0comerciales son objetivos\u00a0prioritarios. Dise\u00f1amos\u00a0exclusivamente para su\u00a0organizaci\u00f3n\u00a0acciones\u00a0orientadas a prevenir, detectar y neutralizar\u00a0actividades de espionaje industrial, sabotaje o infiltraci\u00f3n\u00a0por\u00a0parte de terceros o actores\u00a0internos. Ofrecemos\u00a0una\u00a0asesor\u00eda\u00a0constante y reportes de seguimiento para mantener\u00a0su\u00a0entorno libre de actividades hostiles.<\/p>\n<\/div>\n<\/div><\/div>\n<\/div>\n<\/div>\n\n<div class=\"et_pb_row_8 et_pb_row et_flex_row\">\n<div class=\"et_pb_column_14 et_pb_column et_flex_column et_pb_css_mix_blend_mode_passthrough et_flex_column_8_24 et_flex_column_8_24_tablet et_flex_column_24_24_phone\">\n<div class=\"et_pb_icon_6 et_pb_icon et_pb_module et_flex_module\"><span class=\"et_pb_icon_wrap\"><span class=\"et-pb-icon\">\uf500<\/span><\/span><\/div>\n<\/div>\n\n<div class=\"et_pb_column_15 et_pb_column et-last-child et_flex_column et_pb_css_mix_blend_mode_passthrough et_flex_column_16_24 et_flex_column_16_24_tablet et_flex_column_24_24_phone\">\n<div class=\"et_pb_text_8 et_pb_text et_pb_bg_layout_light et_pb_module et_flex_module\"><div class=\"et_pb_text_inner\"><h2 class=\"et_pb_module_header\">INGENIER\u00cdA DE SOLUCIONES DE INTELIGENCIA AD HOC <\/h2>\n<p><span><\/span><\/p>\n<div class=\"et_pb_blurb_description\">\n<p>Cuando el problema no tiene precedentes, creamos la soluci\u00f3n. Nuestro equipo multidisciplinar de ingenieros, analistas de inteligencia e investigadores est\u00e1 listo para desarrollar estrategias y herramientas de recolecci\u00f3n a medida de sus requisitos m\u00e1s complejos. Nuestro enfoque es altamente flexible, adaptando y escalando las capacidades de inteligencia en funci\u00f3n de c\u00f3mo evoluciona la amenaza o la necesidad en el tiempo.<\/p>\n<\/div>\n<\/div><\/div>\n<\/div>\n<\/div>\n<\/div>","protected":false},"excerpt":{"rendered":"","protected":false},"author":1,"featured_media":0,"parent":0,"menu_order":0,"comment_status":"closed","ping_status":"closed","template":"","meta":{"footnotes":""},"class_list":["post-247","page","type-page","status-publish","hentry"],"_links":{"self":[{"href":"https:\/\/apeiroo.com\/es_ES\/wp-json\/wp\/v2\/pages\/247","targetHints":{"allow":["GET"]}}],"collection":[{"href":"https:\/\/apeiroo.com\/es_ES\/wp-json\/wp\/v2\/pages"}],"about":[{"href":"https:\/\/apeiroo.com\/es_ES\/wp-json\/wp\/v2\/types\/page"}],"author":[{"embeddable":true,"href":"https:\/\/apeiroo.com\/es_ES\/wp-json\/wp\/v2\/users\/1"}],"replies":[{"embeddable":true,"href":"https:\/\/apeiroo.com\/es_ES\/wp-json\/wp\/v2\/comments?post=247"}],"version-history":[{"count":5,"href":"https:\/\/apeiroo.com\/es_ES\/wp-json\/wp\/v2\/pages\/247\/revisions"}],"predecessor-version":[{"id":739,"href":"https:\/\/apeiroo.com\/es_ES\/wp-json\/wp\/v2\/pages\/247\/revisions\/739"}],"wp:attachment":[{"href":"https:\/\/apeiroo.com\/es_ES\/wp-json\/wp\/v2\/media?parent=247"}],"curies":[{"name":"wp","href":"https:\/\/api.w.org\/{rel}","templated":true}]}}