{"id":242,"date":"2026-02-03T10:29:19","date_gmt":"2026-02-03T09:29:19","guid":{"rendered":"https:\/\/ap4592jwt1io3f.apeiroo.com\/?page_id=242"},"modified":"2026-02-18T12:04:39","modified_gmt":"2026-02-18T11:04:39","slug":"te-esperamos","status":"publish","type":"page","link":"https:\/\/apeiroo.com\/es_ES\/nosotros\/te-esperamos\/","title":{"rendered":"Te esperamos"},"content":{"rendered":"<div class=\"et_pb_section_0 et_pb_section et_section_regular et_flex_section et_animated\">\n<div class=\"et_pb_row_0 et_pb_row et_flex_row\">\n<div class=\"et_pb_column_0 et_pb_column et-last-child et_flex_column et_pb_css_mix_blend_mode_passthrough et_flex_column_18_24 et_flex_column_18_24_tablet et_flex_column_24_24_phone\">\n<div class=\"et_pb_heading_0 et_pb_heading et_pb_module et_flex_module\"><div class=\"et_pb_heading_container\"><h1 class=\"et_pb_module_header\">\u00daNETE A UN<\/h1><\/div><\/div>\n\n<div class=\"et_pb_heading_1 et_pb_heading et_pb_module et_flex_module\"><div class=\"et_pb_heading_container\"><h1 class=\"et_pb_module_header\">EQUIPO GLOBAL<\/h1><\/div><\/div>\n\n<div class=\"et_pb_text_0 et_pb_text et_pb_bg_layout_light et_pb_module et_flex_module\"><div class=\"et_pb_text_inner\"><p>\u00bfQuieres\u00a0formar\u00a0parte de la soluci\u00f3n? En APEIROO estamos\u00a0en\u00a0constante\u00a0b\u00fasqueda de talento, rigor anal\u00edtico y pasi\u00f3n\u00a0por la ciberseguridad\u00a0avanzada, que quieran\u00a0integrarse\u00a0en\u00a0una\u00a0compa\u00f1\u00eda\u00a0\u00e1gil y en\u00a0expansi\u00f3n global.<\/p>\n<p>Buscamos\u00a0profesionales que se quieran\u00a0sumar a nuestro\u00a0proyecto, que compartan\u00a0nuestro\u00a0entusiasmo\u00a0por la seguridad y por un futuro\u00a0cargado de desaf\u00edos\u00a0tecnol\u00f3gicos de primer nivel. Si quieres\u00a0desarrollarte, seguir\u00a0creciendo y ser parte de una\u00a0empresa\u00a0donde la innovaci\u00f3n es constante, no dudes en\u00a0unirte a nuestro\u00a0equipo.<\/p>\n<p>A continuaci\u00f3n\u00a0mostramos las posiciones\u00a0espec\u00edficas que est\u00e1n\u00a0abiertas\u00a0actualmente. No obstante, nuestra Puerta siempre\u00a0est\u00e1\u00a0abierta al talento\u00a0excepcional. Si crees que tu\u00a0perfil\u00a0puede\u00a0aportar valor estrat\u00e9gico a nuestra\u00a0misi\u00f3n, no dudes en\u00a0hacernos\u00a0llegar\u00a0tu CV incluso\u00a0si las ofertas\u00a0disponibles no se adaptan al 100% a tu\u00a0trayectoria.<\/p>\n<\/div><\/div>\n<\/div>\n<\/div>\n\n<div class=\"et_pb_row_1 et_pb_row et_flex_row et_animated\">\n<div class=\"et_pb_column_1 et_pb_column et_flex_column et_pb_css_mix_blend_mode_passthrough et_flex_column_3_24 et_flex_column_3_24_tablet et_flex_column_24_24_phone\">\n<div class=\"et_pb_icon_0 et_pb_icon et_pb_module et_flex_module\"><span class=\"et_pb_icon_wrap\"><span class=\"et-pb-icon\">\uf00c<\/span><\/span><\/div>\n<\/div>\n\n<div class=\"et_pb_column_2 et_pb_column et_flex_column et_pb_css_mix_blend_mode_passthrough et_flex_column_2_5 et_flex_column_2_5_tablet et_flex_column_24_24_phone\">\n<div class=\"et_pb_text_1 et_pb_text et_pb_bg_layout_light et_pb_module et_flex_module\"><div class=\"et_pb_text_inner\"><h1>Base<\/h1>\n<\/div><\/div>\n<\/div>\n\n<div class=\"et_pb_column_3 et_pb_column et_flex_column et_pb_css_mix_blend_mode_passthrough et_flex_column_2_5 et_flex_column_2_5_tablet et_flex_column_24_24_phone\">\n<div class=\"et_pb_text_2 et_pb_text et_pb_bg_layout_light et_pb_module et_flex_module\"><div class=\"et_pb_text_inner\"><ul>\n<li>Capacidad de elaborar informes a nivel t\u00e9cnico y ejecutivo.<\/li>\n<li>Flexibilidad para acompa\u00f1ar en el desarrollo de APEIROO.<\/li>\n<li>Capaz de comunicar y escribir en espa\u00f1ol.<\/li>\n<li>Buen nivel de ingl\u00e9s.<\/li>\n<\/ul>\n<\/div><\/div>\n<\/div>\n\n<div class=\"et_pb_column_4 et_pb_column et-last-child et_flex_column et_pb_column_empty et_pb_css_mix_blend_mode_passthrough et_flex_column_3_24 et_flex_column_3_24_tablet et_flex_column_24_24_phone\"><\/div>\n<\/div>\n\n<div class=\"et_pb_row_2 et_pb_row et_flex_row et_animated\">\n<div class=\"et_pb_column_5 et_pb_column et_flex_column et_pb_css_mix_blend_mode_passthrough et_flex_column_3_24 et_flex_column_3_24_tablet et_flex_column_24_24_phone\">\n<div class=\"et_pb_icon_1 et_pb_icon et_pb_module et_flex_module\"><span class=\"et_pb_icon_wrap\"><span class=\"et-pb-icon\">\uf560<\/span><\/span><\/div>\n<\/div>\n\n<div class=\"et_pb_column_6 et_pb_column et_flex_column et_pb_css_mix_blend_mode_passthrough et_flex_column_2_5 et_flex_column_2_5_tablet et_flex_column_24_24_phone\">\n<div class=\"et_pb_text_3 et_pb_text et_pb_bg_layout_light et_pb_module et_flex_module\"><div class=\"et_pb_text_inner\"><h1>Importantes<\/h1>\n<\/div><\/div>\n<\/div>\n\n<div class=\"et_pb_column_7 et_pb_column et_flex_column et_pb_css_mix_blend_mode_passthrough et_flex_column_2_5 et_flex_column_2_5_tablet et_flex_column_24_24_phone\">\n<div class=\"et_pb_text_4 et_pb_text et_pb_bg_layout_light et_pb_module et_flex_module\"><div class=\"et_pb_text_inner\"><ul>\n<li>Comunicaci\u00f3n y amabilidad en el trato con los clientes y colaboradores.<\/li>\n<li>Trabajo en equipo.<\/li>\n<li>Motivaci\u00f3n, aprendizaje, iniciativa propia y superaci\u00f3n, responsabilidad, buena comunicaci\u00f3n.<\/li>\n<li>Capacidad de gesti\u00f3n y resoluci\u00f3n de problemas.<\/li>\n<li>Apasionado por la tecnolog\u00eda.<\/li>\n<\/ul>\n<\/div><\/div>\n<\/div>\n\n<div class=\"et_pb_column_8 et_pb_column et-last-child et_flex_column et_pb_column_empty et_pb_css_mix_blend_mode_passthrough et_flex_column_3_24 et_flex_column_3_24_tablet et_flex_column_24_24_phone\"><\/div>\n<\/div>\n<\/div>\n\n<div class=\"et_pb_section_1 et_pb_section et_section_regular et_flex_section\">\n<div class=\"et_pb_row_3 et_pb_row et_flex_row\">\n<div class=\"et_pb_column_9 et_pb_column et-last-child et_flex_column et_pb_css_mix_blend_mode_passthrough et_flex_column_24_24 et_flex_column_24_24_tablet et_flex_column_24_24_phone\">\n<div class=\"et_pb_accordion_0 et_pb_accordion et_pb_module et_flex_module\">\n<div class=\"et_pb_accordion_item_0 et_pb_accordion_item et_pb_toggle et_pb_module et_pb_toggle_open et_flex_module\"><h4 class=\"et_pb_toggle_title\">Analista Threat Intelligence <\/h4><div class=\"et_pb_toggle_content et_flex_module\"><p><strong>Misi\u00f3n<\/strong><\/p>\n<p><span>\u00a0<\/span>Tu trabajo\u00a0diario\u00a0consistir\u00e1\u00a0en\u00a0transformar\u00a0datos\u00a0ca\u00f3ticos\u00a0procedentes de foros\u00a0il\u00edcitos y mercados negros en\u00a0inteligencia\u00a0estrat\u00e9gica y accionable que proteja\u00a0nuestros\u00a0activos y los de nuestros\u00a0clientes.<\/p>\n<ul>\n<li><strong>Investigaci\u00f3n\u00a0proactiva:<\/strong>\u00a0Monitorizar\u00a0foros de la deep web y dark web, as\u00ed\u00a0como marketplaces il\u00edcitos, para seguir\u00a0a\u00a0actores de amenaza y detectar\u00a0tendencias\u00a0emergentes.<\/li>\n<li><strong>Validaci\u00f3n de datos:<\/strong> Validar conjuntos de datos\u00a0filtrados\u00a0en\u00a0t\u00e9rminos de autenticidad, actualidad y calidad, evaluando\u00a0el\u00a0impacto real en\u00a0el\u00a0negocio.<\/li>\n<li><strong>Informes\u00a0accionables<\/strong>:\u00a0Elaborar informes de inteligencia de alta calidad, adaptados tanto a equipos t\u00e9cnicos como a audiencias ejecutivas.<\/li>\n<\/ul>\n<p><strong>Qu\u00e9\u00a0buscamos<\/strong><\/p>\n<ul>\n<li><strong>Experiencia\u00a0s\u00f3lida<\/strong>:\u00a0Trayectoria demostrable en Inteligencia de Amenazas centrada en filtraciones de datos y ecosistemas de ciberdelincuencia.<\/li>\n<li>Capacidad\u00a0probada para investigar\u00a0foros de la deep\/dark web y marketplaces il\u00edcitos, rastreando\u00a0actores de amenaza y tendencias\u00a0emergentes.<\/li>\n<li>Experiencia\u00a0pr\u00e1ctica con logs de infostealers, combo lists y formatos de bases de datos\u00a0comprometidas para un triaje y enriquecimiento\u00a0r\u00e1pidos.<\/li>\n<li><strong>Investigaci\u00f3n\u00a0t\u00e9cnica:<\/strong>\u00a0Capacidad\u00a0demostrada para navegar\u00a0por marketplaces il\u00edcitos y seguir\u00a0a\u00a0actores\u00a0sofisticados.<\/li>\n<li>Habilidad para validar datasets filtrados (autenticidad, vigencia y calidad) y evaluar\u00a0el\u00a0impacto\u00a0en\u00a0clientes y negocio.<\/li>\n<li><strong>Mentalidad OPSEC<\/strong>:\u00a0Enfoque disciplinado para operar bajo estrictas limitaciones legales, \u00e9ticas y de seguridad.<\/li>\n<li>Comodidad\u00a0en\u00a0el\u00a0uso de herramientas OSINT y automatizaci\u00f3n\/scripting (preferiblemente Python) para escalar la investigaci\u00f3n.<\/li>\n<\/ul>\n<p><strong>Idiomas<\/strong><\/p>\n<p><strong><\/strong><\/p>\n<ul>\n<li><strong>Ingl\u00e9s:<\/strong>\u00a0Obligatorio (se requiere\u00a0estrictamente un dominio\u00a0profesional\u00a0completo, tanto escrito\u00a0como\u00a0hablado).<\/li>\n<li><strong>Ruso, chino o \u00e1rabe:<\/strong> Muy valorados. El dominio de uno o m\u00e1s de estos\u00a0idiomas\u00a0supone\u00a0una\u00a0ventaja\u00a0competitiva\u00a0significativa para desenvolverse\u00a0en\u00a0ecosistemas de actores de amenaza de alto nivel.<\/li>\n<\/ul>\n<\/div><\/div>\n\n<div class=\"et_pb_accordion_item_1 et_pb_accordion_item et_pb_toggle et_pb_module et_pb_toggle_close et_flex_module\"><h4 class=\"et_pb_toggle_title\">INTEGRADOR\/ADMINISTRADOR SISTEMAS<\/h4><div class=\"et_pb_toggle_content et_flex_module\"><p><span>Participaras gestionando proyectos, participando en todas las fases, \u00a0incluyendo la implantaci\u00f3n, desarrollo y soporte de productos en cliente.<\/span><\/p>\n<ul>\n<li>2 a\u00f1os m\u00ednimos de experiencia en puesto similar<\/li>\n<li>Windows Server, GPOs, System Center, SQL Server, etc.<\/li>\n<li>VMware, Hyper-V.<\/li>\n<li>Sistemas de copias de seguridad: Veeam Backup, Microsoft DPM, etc.<\/li>\n<li>Office 365 y Azure.<\/li>\n<li>Redes LAN \/ WiFi.Routers, Switches, Firewalls, Appliance\/UTM: HPE Aruba, WatchGuard, Fortinet, Mikrotik, Ubiquiti, etc.<\/li>\n<li>Experiencia en Soporte T\u00e9cnico a usuarios<\/li>\n<\/ul>\n<\/div><\/div>\n<\/div>\n<\/div>\n<\/div>\n<\/div>","protected":false},"excerpt":{"rendered":"","protected":false},"author":1,"featured_media":0,"parent":14,"menu_order":0,"comment_status":"closed","ping_status":"closed","template":"","meta":{"footnotes":""},"class_list":["post-242","page","type-page","status-publish","hentry"],"_links":{"self":[{"href":"https:\/\/apeiroo.com\/es_ES\/wp-json\/wp\/v2\/pages\/242","targetHints":{"allow":["GET"]}}],"collection":[{"href":"https:\/\/apeiroo.com\/es_ES\/wp-json\/wp\/v2\/pages"}],"about":[{"href":"https:\/\/apeiroo.com\/es_ES\/wp-json\/wp\/v2\/types\/page"}],"author":[{"embeddable":true,"href":"https:\/\/apeiroo.com\/es_ES\/wp-json\/wp\/v2\/users\/1"}],"replies":[{"embeddable":true,"href":"https:\/\/apeiroo.com\/es_ES\/wp-json\/wp\/v2\/comments?post=242"}],"version-history":[{"count":15,"href":"https:\/\/apeiroo.com\/es_ES\/wp-json\/wp\/v2\/pages\/242\/revisions"}],"predecessor-version":[{"id":796,"href":"https:\/\/apeiroo.com\/es_ES\/wp-json\/wp\/v2\/pages\/242\/revisions\/796"}],"up":[{"embeddable":true,"href":"https:\/\/apeiroo.com\/es_ES\/wp-json\/wp\/v2\/pages\/14"}],"wp:attachment":[{"href":"https:\/\/apeiroo.com\/es_ES\/wp-json\/wp\/v2\/media?parent=242"}],"curies":[{"name":"wp","href":"https:\/\/api.w.org\/{rel}","templated":true}]}}