{"id":14,"date":"2026-01-12T12:26:46","date_gmt":"2026-01-12T11:26:46","guid":{"rendered":"https:\/\/ap4592jwt1io3f.apeiroo.com\/?page_id=14"},"modified":"2026-03-05T16:55:46","modified_gmt":"2026-03-05T15:55:46","slug":"nosotros","status":"publish","type":"page","link":"https:\/\/apeiroo.com\/es_ES\/nosotros\/","title":{"rendered":"Nosotros"},"content":{"rendered":"<div class=\"et_pb_section_0 et_pb_section et_section_regular et_flex_section et_animated\">\n<div class=\"et_pb_row_0 et_pb_row et_flex_row et_animated\">\n<div class=\"et_pb_column_0 et_pb_column et-last-child et_flex_column et_pb_css_mix_blend_mode_passthrough et_flex_column_24_24 et_flex_column_24_24_tablet et_flex_column_24_24_phone\">\n<div class=\"et_pb_text_0 et_pb_text et_pb_bg_layout_light et_pb_module et_flex_module\"><div class=\"et_pb_text_inner\"><h2><strong>Nuestra <span style=\"color: #339966;\">filosofia<\/span><\/strong><\/h2>\n<\/div><\/div>\n\n<div class=\"et_pb_text_1 et_pb_text et_pb_bg_layout_light et_pb_module et_flex_module\"><div class=\"et_pb_text_inner\"><p style=\"text-align: justify;\">En <strong>APEIROO<\/strong>, entendemos que en el vol\u00e1til entorno actual, la seguridad no es un estado final, sino un proceso din\u00e1mico de adaptaci\u00f3n. Somos una compa\u00f1\u00eda global que fusiona inteligencia e innovaci\u00f3n para transformar la gesti\u00f3n del riesgo en una ventaja competitiva.<\/p>\n<p style=\"text-align: justify;\">Nuestro modelo no se basa\u00a0en \"tapar\u00a0agujeros\", sino\u00a0en\u00a0construir\u00a0organizaciones\u00a0resilientes\u00a0desde\u00a0el\u00a0dise\u00f1o. Desarrollamos\u00a0soluciones a medida que optimizan\u00a0recursos y anticipan\u00a0amenazas, protegiendo no solo los\u00a0activos y datos, sino la continuidad\u00a0operativa y la confianza de las personas.<\/p>\n<p style=\"text-align: justify;\">Creemos\u00a0en\u00a0una\u00a0responsabilidad\u00a0corporativa activa: la\u00a0capacidad de ofrecer\u00a0respuestas\u00a0innovadoras y precisas ante desaf\u00edos que cambian\u00a0en\u00a0tiempo real.<\/p>\n<\/div><\/div>\n<\/div>\n<\/div>\n<\/div>\n\n<div class=\"et_pb_section_1 et_pb_section et_section_regular et_flex_section et_animated\">\n<div class=\"et_pb_row_1 et_pb_row et_flex_row\">\n<div class=\"et_pb_column_1 et_pb_column et-last-child et_flex_column et_pb_css_mix_blend_mode_passthrough et_flex_column_24_24 et_flex_column_24_24_tablet et_flex_column_24_24_phone\">\n<div class=\"et_pb_code_0 et_pb_code et_pb_module\"><div class=\"et_pb_code_inner\">\n\n    <iframe loading=\"lazy\" src=\"https:\/\/apeiroo.com\/iframes\/roadmap-es\/\" width=\"100%\" height=\"1100\" frameborder=\"0\" style=\"border:0;\" allowfullscreen><\/iframe>\n\n\n\n\n\n\n\n\n\n<\/div><\/div>\n<\/div>\n<\/div>\n<\/div>\n\n<div class=\"et_pb_section_2 et_pb_section et_section_regular et_flex_section et_animated\">\n<div class=\"et_pb_row_2 et_pb_row et_flex_row\">\n<div class=\"et_pb_column_2 et_pb_column et-last-child et_flex_column et_pb_css_mix_blend_mode_passthrough et_flex_column_24_24 et_flex_column_24_24_tablet et_flex_column_24_24_phone\">\n<div class=\"et_pb_text_2 et_pb_text et_pb_bg_layout_light et_pb_module et_flex_module\"><div class=\"et_pb_text_inner\"><p style=\"text-align: center;\">Trabajamos por la mejora continua de la seguridad, creando cultura, asignando adecuadamente las responsabilidades y con un equipo capaz de gestionar los resultados eficazmente. Una gesti\u00f3n responsable es el pilar de nuestra sostenibilidad econ\u00f3mica.<\/p>\n<\/div><\/div>\n\n<div class=\"et_pb_blurb_0 et_pb_blurb et_pb_bg_layout_light et_pb_blurb_position_left et_pb_module et_flex_module\"><div class=\"et_pb_blurb_content et_flex_module\"><div class=\"et_pb_main_blurb_image\"><span class=\"et_pb_image_wrap et_pb_only_image_mode_wrap\"><img loading=\"lazy\" decoding=\"async\" src=\"https:\/\/apeiroo.com\/wp-content\/uploads\/2026\/01\/Recurso-35@3x-scaled.png\" width=\"2560\" height=\"989\" srcset=\"https:\/\/apeiroo.com\/wp-content\/uploads\/2026\/01\/Recurso-35@3x-scaled.png 2560w, https:\/\/apeiroo.com\/wp-content\/uploads\/2026\/01\/Recurso-35@3x-1280x495.png 1280w, https:\/\/apeiroo.com\/wp-content\/uploads\/2026\/01\/Recurso-35@3x-980x379.png 980w, https:\/\/apeiroo.com\/wp-content\/uploads\/2026\/01\/Recurso-35@3x-480x185.png 480w\" sizes=\"(min-width: 0px) and (max-width: 480px) 480px, (min-width: 481px) and (max-width: 980px) 980px, (min-width: 981px) and (max-width: 1280px) 1280px, (min-width: 1281px) 2560px, 100vw\" class=\"wp-image-65\" title=\"Recurso 35@3x\" \/><\/span><\/div><div class=\"et_pb_blurb_container\"><div class=\"et_pb_blurb_description\"><p><span style=\"color: #009630;\">Estrategia de negocio<\/span> clara y s\u00f3lida que garantiza el crecimiento internacional de la compa\u00f1\u00eda.<\/p>\n<\/div><\/div><\/div><\/div>\n\n<div class=\"et_pb_blurb_1 et_pb_blurb et_pb_bg_layout_light et_pb_blurb_position_left et_pb_module et_flex_module\"><div class=\"et_pb_blurb_content et_flex_module\"><div class=\"et_pb_main_blurb_image\"><span class=\"et_pb_image_wrap et_pb_only_image_mode_wrap\"><img loading=\"lazy\" decoding=\"async\" src=\"https:\/\/apeiroo.com\/wp-content\/uploads\/2026\/01\/Recurso-35@3x-scaled.png\" width=\"2560\" height=\"989\" srcset=\"https:\/\/apeiroo.com\/wp-content\/uploads\/2026\/01\/Recurso-35@3x-scaled.png 2560w, https:\/\/apeiroo.com\/wp-content\/uploads\/2026\/01\/Recurso-35@3x-1280x495.png 1280w, https:\/\/apeiroo.com\/wp-content\/uploads\/2026\/01\/Recurso-35@3x-980x379.png 980w, https:\/\/apeiroo.com\/wp-content\/uploads\/2026\/01\/Recurso-35@3x-480x185.png 480w\" sizes=\"(min-width: 0px) and (max-width: 480px) 480px, (min-width: 481px) and (max-width: 980px) 980px, (min-width: 981px) and (max-width: 1280px) 1280px, (min-width: 1281px) 2560px, 100vw\" class=\"wp-image-65\" title=\"Recurso 35@3x\" \/><\/span><\/div><div class=\"et_pb_blurb_container\"><div class=\"et_pb_blurb_description\"><p><span style=\"color: #009630;\">Transparencia, veracidad y rigurosidad.<\/span><\/p>\n<\/div><\/div><\/div><\/div>\n\n<div class=\"et_pb_blurb_2 et_pb_blurb et_pb_bg_layout_light et_pb_blurb_position_left et_pb_module et_flex_module\"><div class=\"et_pb_blurb_content et_flex_module\"><div class=\"et_pb_main_blurb_image\"><span class=\"et_pb_image_wrap et_pb_only_image_mode_wrap\"><img loading=\"lazy\" decoding=\"async\" src=\"https:\/\/apeiroo.com\/wp-content\/uploads\/2026\/01\/Recurso-35@3x-scaled.png\" width=\"2560\" height=\"989\" srcset=\"https:\/\/apeiroo.com\/wp-content\/uploads\/2026\/01\/Recurso-35@3x-scaled.png 2560w, https:\/\/apeiroo.com\/wp-content\/uploads\/2026\/01\/Recurso-35@3x-1280x495.png 1280w, https:\/\/apeiroo.com\/wp-content\/uploads\/2026\/01\/Recurso-35@3x-980x379.png 980w, https:\/\/apeiroo.com\/wp-content\/uploads\/2026\/01\/Recurso-35@3x-480x185.png 480w\" sizes=\"(min-width: 0px) and (max-width: 480px) 480px, (min-width: 481px) and (max-width: 980px) 980px, (min-width: 981px) and (max-width: 1280px) 1280px, (min-width: 1281px) 2560px, 100vw\" class=\"wp-image-65\" title=\"Recurso 35@3x\" \/><\/span><\/div><div class=\"et_pb_blurb_container\"><div class=\"et_pb_blurb_description\"><p><span style=\"color: #009630;\">Equipo directivo solvente<\/span> que garantiza el buen gobierno.<\/p>\n<\/div><\/div><\/div><\/div>\n<\/div>\n<\/div>\n<\/div>\n\n<div class=\"et_pb_section_3 et_pb_section et_section_regular et_flex_section\">\n<div class=\"et_pb_row_3 et_pb_row et_flex_row et_animated\">\n<div class=\"et_pb_column_3 et_pb_column et_flex_column et_pb_column_empty et_pb_css_mix_blend_mode_passthrough et_flex_column_2_5 et_flex_column_2_5_tablet et_flex_column_24_24_phone\"><\/div>\n\n<div class=\"et_pb_column_4 et_pb_column et-last-child et_flex_column et_pb_css_mix_blend_mode_passthrough et_flex_column_3_5 et_flex_column_3_5_tablet et_flex_column_24_24_phone\">\n<div class=\"et_pb_text_3 et_pb_text et_pb_bg_layout_dark et_pb_module et_flex_module\"><div class=\"et_pb_text_inner\"><h2>INMERSI\u00d3N ESTRAT\u00c9GICA Y OPERATIVA<\/h2>\n<\/div><\/div>\n\n<div class=\"et_pb_text_4 et_pb_text et_pb_bg_layout_light et_pb_module et_flex_module\"><div class=\"et_pb_text_inner\"><p>En el complejo escenario actual, los resultados no se obtienen solo \"involucr\u00e1ndose\", sino integr\u00e1ndose en el ADN de la organizaci\u00f3n. En APEIROO, no somos espectadores; nos convertimos en una extensi\u00f3n de su n\u00facleo operativo.<\/p>\n<p>Desde la evaluaci\u00f3n de riesgos de vanguardia hasta la implantaci\u00f3n de defensas activas, nos aseguramos de que cada acci\u00f3n no solo cumpla los objetivos de seguridad, sino que se alinee quir\u00fargicamente con la cultura, los valores y las metas de negocio de cada cliente. Su resiliencia es nuestra misi\u00f3n compartida.<\/p>\n<\/div><\/div>\n<\/div>\n<\/div>\n\n<div class=\"et_pb_row_4 et_pb_row et_flex_row et_animated\">\n<div class=\"et_pb_column_5 et_pb_column et_flex_column et_pb_css_mix_blend_mode_passthrough et_flex_column_3_5 et_flex_column_3_5_tablet et_flex_column_24_24_phone\">\n<div class=\"et_pb_text_5 et_pb_text et_pb_bg_layout_dark et_pb_module et_flex_module\"><div class=\"et_pb_text_inner\"><h2>TALENTO DE \u00c9LITE ANTE LA INCERTIDUMBRE<\/h2>\n<\/div><\/div>\n\n<div class=\"et_pb_text_6 et_pb_text et_pb_bg_layout_light et_pb_module et_flex_module\"><div class=\"et_pb_text_inner\"><p>En una era dominada\u00a0por la tecnolog\u00eda, el factor humano\u00a0sigue\u00a0siendo la \u00faltima\u00a0l\u00ednea de defensa. El equipo de APEIROO no solo aporta\u00a0experiencia; aporta\u00a0veteran\u00eda\u00a0probada\u00a0en\u00a0los\u00a0escenarios\u00a0m\u00e1s\u00a0exigentes del cibercrimen y la inteligencia global.<\/p>\n<\/div><\/div>\n<\/div>\n\n<div class=\"et_pb_column_6 et_pb_column et-last-child et_flex_column et_pb_column_empty et_pb_css_mix_blend_mode_passthrough et_flex_column_2_5 et_flex_column_2_5_tablet et_flex_column_24_24_phone\"><\/div>\n<\/div>\n\n<div class=\"et_pb_row_5 et_pb_row et_flex_row et_animated\">\n<div class=\"et_pb_column_7 et_pb_column et_flex_column et_pb_column_empty et_pb_css_mix_blend_mode_passthrough et_flex_column_2_5 et_flex_column_2_5_tablet et_flex_column_24_24_phone\"><\/div>\n\n<div class=\"et_pb_column_8 et_pb_column et-last-child et_flex_column et_pb_css_mix_blend_mode_passthrough et_flex_column_3_5 et_flex_column_3_5_tablet et_flex_column_24_24_phone\">\n<div class=\"et_pb_text_7 et_pb_text et_pb_bg_layout_dark et_pb_module et_flex_module\"><div class=\"et_pb_text_inner\"><h2>AUTORIDAD GLOBAL PROBADA<\/h2>\n<\/div><\/div>\n\n<div class=\"et_pb_text_8 et_pb_text et_pb_bg_layout_light et_pb_module et_flex_module\"><div class=\"et_pb_text_inner\"><p>No solo \"sabemos\u00a0ayudar\"; llevamos\u00a0d\u00e9cadas\u00a0definiendo\u00a0los\u00a0est\u00e1ndares de seguridad\u00a0en\u00a0colaboraci\u00f3n con gobiernos, corporaciones\u00a0multinacionales y organismos de defensa\u00a0internacionales.<\/p>\n<p>Conocemos\u00a0el\u00a0terreno\u00a0porque\u00a0hemos\u00a0ayudado a construirlo. M\u00e1s que un trato\u00a0abierto, ofrecemos\u00a0una\u00a0interlocuci\u00f3n\u00a0estrat\u00e9gica de alto nivel: escuchamos\u00a0el\u00a0ruido del entorno, identificamos las se\u00f1ales\u00a0cr\u00edticas y transformamos la complejidad\u00a0en\u00a0alternativas de acci\u00f3n\u00a0claras y contundentes para blindar\u00a0su\u00a0organizaci\u00f3n.<\/p>\n<\/div><\/div>\n<\/div>\n<\/div>\n<\/div>","protected":false},"excerpt":{"rendered":"","protected":false},"author":1,"featured_media":0,"parent":0,"menu_order":0,"comment_status":"closed","ping_status":"closed","template":"","meta":{"footnotes":""},"class_list":["post-14","page","type-page","status-publish","hentry"],"_links":{"self":[{"href":"https:\/\/apeiroo.com\/es_ES\/wp-json\/wp\/v2\/pages\/14","targetHints":{"allow":["GET"]}}],"collection":[{"href":"https:\/\/apeiroo.com\/es_ES\/wp-json\/wp\/v2\/pages"}],"about":[{"href":"https:\/\/apeiroo.com\/es_ES\/wp-json\/wp\/v2\/types\/page"}],"author":[{"embeddable":true,"href":"https:\/\/apeiroo.com\/es_ES\/wp-json\/wp\/v2\/users\/1"}],"replies":[{"embeddable":true,"href":"https:\/\/apeiroo.com\/es_ES\/wp-json\/wp\/v2\/comments?post=14"}],"version-history":[{"count":37,"href":"https:\/\/apeiroo.com\/es_ES\/wp-json\/wp\/v2\/pages\/14\/revisions"}],"predecessor-version":[{"id":2351,"href":"https:\/\/apeiroo.com\/es_ES\/wp-json\/wp\/v2\/pages\/14\/revisions\/2351"}],"wp:attachment":[{"href":"https:\/\/apeiroo.com\/es_ES\/wp-json\/wp\/v2\/media?parent=14"}],"curies":[{"name":"wp","href":"https:\/\/api.w.org\/{rel}","templated":true}]}}