{"id":13,"date":"2026-01-12T12:27:07","date_gmt":"2026-01-12T11:27:07","guid":{"rendered":"https:\/\/ap4592jwt1io3f.apeiroo.com\/?page_id=13"},"modified":"2026-03-09T08:24:28","modified_gmt":"2026-03-09T07:24:28","slug":"ciso4pyme","status":"publish","type":"page","link":"https:\/\/apeiroo.com\/es_ES\/ciso4pyme\/","title":{"rendered":"CISO4PYME"},"content":{"rendered":"<div class=\"et_pb_section_0 et_pb_section et_section_regular et_flex_section et_animated\">\n<div class=\"et_pb_row_0 et_pb_row et_flex_row\">\n<div class=\"et_pb_column_0 et_pb_column et-last-child et_flex_column et_pb_css_mix_blend_mode_passthrough et_flex_column_24_24 et_flex_column_24_24_tablet et_flex_column_24_24_phone\">\n<div class=\"et_pb_text_0 et_pb_text et_pb_bg_layout_light et_pb_module et_flex_module\"><div class=\"et_pb_text_inner\"><h1><span>CISO4PYME<\/span><\/h1>\n<\/div><\/div>\n<\/div>\n<\/div>\n<\/div>\n\n<div class=\"et_pb_section_1 et_pb_section et_section_regular et_flex_section et_animated\">\n<div class=\"et_pb_row_1 et_pb_row et_flex_row\">\n<div class=\"et_pb_column_1 et_pb_column et-last-child et_flex_column et_pb_css_mix_blend_mode_passthrough et_flex_column_24_24 et_flex_column_24_24_tablet et_flex_column_24_24_phone\">\n<div class=\"et_pb_heading_0 et_pb_heading et_pb_module et_flex_module\"><div class=\"et_pb_heading_container\"><h2 class=\"et_pb_module_header\">TU SOCIO ESTRAT\u00c9GICO: <\/h2><\/div><\/div>\n\n<div class=\"et_pb_heading_1 et_pb_heading et_pb_module et_flex_module\"><div class=\"et_pb_heading_container\"><h2 class=\"et_pb_module_header\">TODO EL PODER DE APEIROO, ESCALADO A TU MEDIDA<\/h2><\/div><\/div>\n\n<div class=\"et_pb_text_1 et_pb_text et_pb_bg_layout_light et_pb_module et_flex_module\"><div class=\"et_pb_text_inner\"><div class=\"et_pb_module et_pb_text et_pb_text_1  et_pb_text_align_left et_pb_bg_layout_light\">\n<div class=\"et_pb_text_inner\">\n<p style=\"text-align: justify;\">En la actualidad, los\u00a0ciberdelincuentes no miden\u00a0el\u00a0tama\u00f1o de tu\u00a0empresa, miden la facilidad para atacarte. Las peque\u00f1as y medianas\u00a0empresas son hoy el\u00a0blanco perfecto: manejan\u00a0datos\u00a0valiosos\u00a0pero\u00a0carecen de los\u00a0recursos y la infraestructura de las grandes\u00a0corporaciones para protegerse.<\/p>\n<p style=\"text-align: justify;\">En APEIROO, rompemos\u00a0esa\u00a0brecha. Creemos que una\u00a0empresa\u00a0peque\u00f1a\u00a0merece la misma\u00a0calidad de protecci\u00f3n que una\u00a0infraestructura\u00a0cr\u00edtica.<\/p>\n<p style=\"text-align: justify;\">Con <strong>CISO4Pyme<\/strong>, no contratas un servicio\u00a0externo; integras a APEIROO como\u00a0tu\u00a0propio Departamento de Ciberseguridad. Ponemos a tu\u00a0disposici\u00f3n\u00a0el\u00a0talento, la tecnolog\u00eda y la capacidad de respuesta de nuestra\u00a0organizaci\u00f3n global (la misma que protege a gobiernos y grandes\u00a0industrias), pero\u00a0adaptada\u00a0espec\u00edficamente a la realidad, el\u00a0presupuesto y la infraestructura\u00a0ligera de tu\u00a0negocio. T\u00fa te\u00a0centras\u00a0en\u00a0crecer; nosotros\u00a0nos\u00a0encargamos de que sea\u00a0seguro.<\/p>\n<\/div>\n<\/div>\n<\/div><\/div>\n<\/div>\n<\/div>\n<\/div>\n\n<div class=\"et_pb_section_2 et_pb_section et_section_regular et_flex_section\">\n<div class=\"et_pb_row_2 et_pb_row et_flex_row\">\n<div class=\"et_pb_column_2 et_pb_column et_flex_column et_pb_css_mix_blend_mode_passthrough et_flex_column_8_24 et_flex_column_8_24_tablet et_flex_column_24_24_phone\">\n<div class=\"et_pb_icon_0 et_pb_icon et_pb_module et_flex_module\"><span class=\"et_pb_icon_wrap\"><span class=\"et-pb-icon\">\uf406<\/span><\/span><\/div>\n<\/div>\n\n<div class=\"et_pb_column_3 et_pb_column et-last-child et_flex_column et_pb_css_mix_blend_mode_passthrough et_flex_column_16_24 et_flex_column_16_24_tablet et_flex_column_24_24_phone\">\n<div class=\"et_pb_text_2 et_pb_text et_pb_bg_layout_light et_pb_module et_flex_module\"><div class=\"et_pb_text_inner\"><h2 class=\"et_pb_module_header\">TU DIRECTOR DE SEGURIDAD (CISO)<\/h2>\n<p>No est\u00e1s solo. Tendr\u00e1s un responsable de seguridad\u00a0asignado que entiende\u00a0tu\u00a0negocio, no solo tu\u00a0inform\u00e1tica. Traducimos\u00a0los\u00a0riesgos\u00a0t\u00e9cnicos a tu\u00a0idioma, te\u00a0asesoramos\u00a0en\u00a0decisiones\u00a0tecnol\u00f3gicas y definimos\u00a0una\u00a0estrategia de seguridad continua que evoluciona\u00a0contigo. Somos\u00a0tu socio tecnol\u00f3gico de confianza, parte de tu\u00a0equipo.<\/p>\n<\/div><\/div>\n<\/div>\n<\/div>\n\n<div class=\"et_pb_row_3 et_pb_row et_flex_row\">\n<div class=\"et_pb_column_4 et_pb_column et_flex_column et_pb_css_mix_blend_mode_passthrough et_flex_column_8_24 et_flex_column_8_24_tablet et_flex_column_24_24_phone\">\n<div class=\"et_pb_icon_1 et_pb_icon et_pb_module et_flex_module\"><span class=\"et_pb_icon_wrap\"><span class=\"et-pb-icon\">\ue60d<\/span><\/span><\/div>\n<\/div>\n\n<div class=\"et_pb_column_5 et_pb_column et-last-child et_flex_column et_pb_css_mix_blend_mode_passthrough et_flex_column_16_24 et_flex_column_16_24_tablet et_flex_column_24_24_phone\">\n<div class=\"et_pb_text_3 et_pb_text et_pb_bg_layout_light et_pb_module et_flex_module\"><div class=\"et_pb_text_inner\"><h2>CIBERRESI<strong>LIENCIA<\/strong><\/h2>\n<p><strong>Copias de Respaldo a Prueba de Ransomware.<\/strong>Si todo falla, tu negocio debe seguir. No solo hacemos copias de seguridad; implementamos planes de contingencia con respaldos alojados en infraestructuras externas de m\u00e1xima seguridad. Te garantizamos una recuperaci\u00f3n r\u00e1pida ante un desastre, un ataque de ransomware o un borrado accidental. Es tu seguro de vida digital.<\/p>\n<\/div><\/div>\n<\/div>\n<\/div>\n\n<div class=\"et_pb_row_4 et_pb_row et_flex_row\">\n<div class=\"et_pb_column_6 et_pb_column et_flex_column et_pb_css_mix_blend_mode_passthrough et_flex_column_8_24 et_flex_column_8_24_tablet et_flex_column_24_24_phone\">\n<div class=\"et_pb_icon_2 et_pb_icon et_pb_module et_flex_module\"><span class=\"et_pb_icon_wrap\"><span class=\"et-pb-icon\">\uf0e2<\/span><\/span><\/div>\n<\/div>\n\n<div class=\"et_pb_column_7 et_pb_column et-last-child et_flex_column et_pb_css_mix_blend_mode_passthrough et_flex_column_16_24 et_flex_column_16_24_tablet et_flex_column_24_24_phone\">\n<div class=\"et_pb_text_4 et_pb_text et_pb_bg_layout_light et_pb_module et_flex_module\"><div class=\"et_pb_text_inner\"><h2>SECURIZACI\u00d3N CONTINUA DE TU INFRA<strong>ESTRUCTURA<\/strong><\/h2>\n<p><strong>Mucho m\u00e1s que \"Actualizaciones\".<\/strong>\u00a0Olv\u00eddate de gestionar parches. Nosotros mantenemos al d\u00eda tus sistemas (servidores, estaciones de trabajo, port\u00e1tiles) mediante pol\u00edticas de actualizaci\u00f3n coordinadas y supervisadas. Cerramos las puertas de entrada a los atacantes antes de que sepan que existen, sin interrumpir tu actividad diaria.<\/p>\n<\/div><\/div>\n<\/div>\n<\/div>\n\n<div class=\"et_pb_row_5 et_pb_row et_flex_row\">\n<div class=\"et_pb_column_8 et_pb_column et_flex_column et_pb_css_mix_blend_mode_passthrough et_flex_column_8_24 et_flex_column_8_24_tablet et_flex_column_24_24_phone\">\n<div class=\"et_pb_icon_3 et_pb_icon et_pb_module et_flex_module\"><span class=\"et_pb_icon_wrap\"><span class=\"et-pb-icon\">\ue0f6<\/span><\/span><\/div>\n<\/div>\n\n<div class=\"et_pb_column_9 et_pb_column et-last-child et_flex_column et_pb_css_mix_blend_mode_passthrough et_flex_column_16_24 et_flex_column_16_24_tablet et_flex_column_24_24_phone\">\n<div class=\"et_pb_text_5 et_pb_text et_pb_bg_layout_light et_pb_module et_flex_module\"><div class=\"et_pb_text_inner\"><h2>ESCUDO OPERATIVO Y NAVEGACI\u00d3N SEGURA<\/h2>\n<p><strong>Protecci\u00f3n Invisible para tu D\u00eda a D\u00eda.<\/strong> Tus empleados necesitan trabajar sin miedo. Desplegamos capas de seguridad que bloquean el malware, filtran el contenido web peligroso, eliminan la publicidad maliciosa y aseguran las conexiones. Minimizamos el riesgo humano sin complicar el trabajo de tu equipo.<\/p>\n<\/div><\/div>\n<\/div>\n<\/div>\n\n<div class=\"et_pb_row_6 et_pb_row et_flex_row\">\n<div class=\"et_pb_column_10 et_pb_column et_flex_column et_pb_css_mix_blend_mode_passthrough et_flex_column_8_24 et_flex_column_8_24_tablet et_flex_column_24_24_phone\">\n<div class=\"et_pb_icon_4 et_pb_icon et_pb_module et_flex_module\"><span class=\"et_pb_icon_wrap\"><span class=\"et-pb-icon\">\uf505<\/span><\/span><\/div>\n<\/div>\n\n<div class=\"et_pb_column_11 et_pb_column et-last-child et_flex_column et_pb_css_mix_blend_mode_passthrough et_flex_column_16_24 et_flex_column_16_24_tablet et_flex_column_24_24_phone\">\n<div class=\"et_pb_text_6 et_pb_text et_pb_bg_layout_light et_pb_module et_flex_module\"><div class=\"et_pb_text_inner\"><h2>VIGILANCIA Y RESPUESTA EXPERTA<\/h2>\n<p><strong>Monitorizaci\u00f3n\u00a0Ajustada y Expertos 24\/7.<\/strong>\u00a0No necesitas un gran centro de control, pero necesitas que alguien vigile por ti. Conectamos tu infraestructura a nuestros sistemas de detecci\u00f3n avanzada. Nosotros filtramos el ruido y los falsos positivos. Si ocurre un incidente real, no te enfrentas a una m\u00e1quina: tienes acceso inmediato a nuestros expertos cualificados 24\/7 para resolverlo. Es la tranquilidad de tener un equipo de \u00e9lite cubriendo tu espalda.<\/p>\n<\/div><\/div>\n<\/div>\n<\/div>\n<\/div>","protected":false},"excerpt":{"rendered":"","protected":false},"author":1,"featured_media":0,"parent":0,"menu_order":0,"comment_status":"closed","ping_status":"closed","template":"","meta":{"footnotes":""},"class_list":["post-13","page","type-page","status-publish","hentry"],"_links":{"self":[{"href":"https:\/\/apeiroo.com\/es_ES\/wp-json\/wp\/v2\/pages\/13","targetHints":{"allow":["GET"]}}],"collection":[{"href":"https:\/\/apeiroo.com\/es_ES\/wp-json\/wp\/v2\/pages"}],"about":[{"href":"https:\/\/apeiroo.com\/es_ES\/wp-json\/wp\/v2\/types\/page"}],"author":[{"embeddable":true,"href":"https:\/\/apeiroo.com\/es_ES\/wp-json\/wp\/v2\/users\/1"}],"replies":[{"embeddable":true,"href":"https:\/\/apeiroo.com\/es_ES\/wp-json\/wp\/v2\/comments?post=13"}],"version-history":[{"count":12,"href":"https:\/\/apeiroo.com\/es_ES\/wp-json\/wp\/v2\/pages\/13\/revisions"}],"predecessor-version":[{"id":2361,"href":"https:\/\/apeiroo.com\/es_ES\/wp-json\/wp\/v2\/pages\/13\/revisions\/2361"}],"wp:attachment":[{"href":"https:\/\/apeiroo.com\/es_ES\/wp-json\/wp\/v2\/media?parent=13"}],"curies":[{"name":"wp","href":"https:\/\/api.w.org\/{rel}","templated":true}]}}